{"id":43793,"date":"2022-09-22T17:26:44","date_gmt":"2022-09-22T17:26:44","guid":{"rendered":"https:\/\/www.easly.nl\/product\/intensiver-sportlertest\/"},"modified":"2025-07-06T20:24:11","modified_gmt":"2025-07-06T19:24:11","slug":"intensiver-sportlertest","status":"publish","type":"product","link":"https:\/\/www.easly.nl\/de\/sport-gesundheitstest\/","title":{"rendered":"Intensiver Sportlertest"},"content":{"rendered":"<p>Der Selbsttest f\u00fcr Sportler richtet sich speziell an Menschen, die sich intensiv bewegen. Mit dem einfachen Bluttest f\u00fcr Sportler erhalten Sie durch einen Stich in den Finger Einblick in Ihre Blutwerte. Diesen Bluttest f\u00fcr Sportler f\u00fchren Sie morgens nach einer Ruhephase durch. Sie k\u00f6nnen Ihre Blutwerte mit einem einfachen Selbsttest messen. Die Ergebnisse werden von unseren \u00c4rzten interpretiert und Sie erhalten Ratschl\u00e4ge<\/p>\n","protected":false},"excerpt":{"rendered":"<p>Ein Heimtest speziell f\u00fcr Sportler. Gibt Aufschluss \u00fcber wichtige Blutwerte. Kostenlose Lieferung nach Hause. Schnelle Ergebnisse online und in der Easly-App.<\/p>\n","protected":false},"featured_media":43796,"template":"","meta":{"_acf_changed":false,"footnotes":""},"product_cat":[1138,1257],"product_tag":[2002],"class_list":{"0":"post-43793","1":"product","2":"type-product","3":"status-publish","4":"has-post-thumbnail","6":"product_cat-lebensstil-vitamine","7":"product_cat-unkategorisiert","8":"product_tag-jetzt-im-preis-reduziert","10":"first","11":"instock","12":"sale","13":"taxable","14":"shipping-taxable","15":"purchasable","16":"product-type-simple"},"acf":[],"yoast_head":"<!-- This site is optimized with the Yoast SEO plugin v24.3 - https:\/\/yoast.com\/wordpress\/plugins\/seo\/ -->\n<title>Der Sportgesundheitstest von Easly testet Ihre Fitness.<\/title>\n<meta name=\"description\" content=\"Dieser Bluttest f\u00fcr Athleten gibt Intensivsportlern die M\u00f6glichkeit, ihre VO2 max einfach zu Hause mit einem Selbsttest zu testen!\" \/>\n<meta name=\"robots\" content=\"index, follow, max-snippet:-1, max-image-preview:large, max-video-preview:-1\" \/>\n<link rel=\"canonical\" href=\"https:\/\/www.easly.nl\/de\/sport-gesundheitstest\/\" \/>\n<meta property=\"og:locale\" content=\"de_DE\" \/>\n<meta property=\"og:type\" content=\"article\" \/>\n<meta property=\"og:title\" content=\"Der Sportgesundheitstest von Easly testet Ihre Fitness.\" \/>\n<meta property=\"og:description\" content=\"Dieser Bluttest f\u00fcr Athleten gibt Intensivsportlern die M\u00f6glichkeit, ihre VO2 max einfach zu Hause mit einem Selbsttest zu testen!\" \/>\n<meta property=\"og:url\" content=\"https:\/\/www.easly.nl\/de\/sport-gesundheitstest\/\" \/>\n<meta property=\"og:site_name\" content=\"Easly Shop\" \/>\n<meta property=\"article:modified_time\" content=\"2025-07-06T19:24:11+00:00\" \/>\n<meta property=\"og:image\" content=\"https:\/\/www.easly.nl\/wp-content\/uploads\/sites\/13\/2022\/09\/Easly-Intensieve-sporters-8720256100379.webp\" \/>\n\t<meta property=\"og:image:width\" content=\"1044\" \/>\n\t<meta property=\"og:image:height\" content=\"804\" \/>\n\t<meta property=\"og:image:type\" content=\"image\/webp\" \/>\n<meta name=\"twitter:card\" content=\"summary_large_image\" \/>\n<script type=\"application\/ld+json\" class=\"yoast-schema-graph\">{\"@context\":\"https:\/\/schema.org\",\"@graph\":[{\"@type\":\"WebPage\",\"@id\":\"https:\/\/www.easly.nl\/de\/sport-gesundheitstest\/\",\"url\":\"https:\/\/www.easly.nl\/de\/sport-gesundheitstest\/\",\"name\":\"Der Sportgesundheitstest von Easly testet Ihre Fitness.\",\"isPartOf\":{\"@id\":\"https:\/\/www.easly.nl\/de\/#website\"},\"primaryImageOfPage\":{\"@id\":\"https:\/\/www.easly.nl\/de\/sport-gesundheitstest\/#primaryimage\"},\"image\":{\"@id\":\"https:\/\/www.easly.nl\/de\/sport-gesundheitstest\/#primaryimage\"},\"thumbnailUrl\":\"https:\/\/www.easly.nl\/wp-content\/uploads\/sites\/13\/2022\/09\/Easly-Intensieve-sporters-8720256100379.webp\",\"datePublished\":\"2022-09-22T17:26:44+00:00\",\"dateModified\":\"2025-07-06T19:24:11+00:00\",\"description\":\"Dieser Bluttest f\u00fcr Athleten gibt Intensivsportlern die M\u00f6glichkeit, ihre VO2 max einfach zu Hause mit einem Selbsttest zu testen!\",\"breadcrumb\":{\"@id\":\"https:\/\/www.easly.nl\/de\/sport-gesundheitstest\/#breadcrumb\"},\"inLanguage\":\"de-DE\",\"potentialAction\":[{\"@type\":\"ReadAction\",\"target\":[\"https:\/\/www.easly.nl\/de\/sport-gesundheitstest\/\"]}]},{\"@type\":\"ImageObject\",\"inLanguage\":\"de-DE\",\"@id\":\"https:\/\/www.easly.nl\/de\/sport-gesundheitstest\/#primaryimage\",\"url\":\"https:\/\/www.easly.nl\/wp-content\/uploads\/sites\/13\/2022\/09\/Easly-Intensieve-sporters-8720256100379.webp\",\"contentUrl\":\"https:\/\/www.easly.nl\/wp-content\/uploads\/sites\/13\/2022\/09\/Easly-Intensieve-sporters-8720256100379.webp\",\"width\":1044,\"height\":804},{\"@type\":\"BreadcrumbList\",\"@id\":\"https:\/\/www.easly.nl\/de\/sport-gesundheitstest\/#breadcrumb\",\"itemListElement\":[{\"@type\":\"ListItem\",\"position\":1,\"name\":\"Startseite\",\"item\":\"https:\/\/www.easly.nl\/de\/\"},{\"@type\":\"ListItem\",\"position\":2,\"name\":\"Shop\",\"item\":\"https:\/\/www.easly.nl\/shop\/\"},{\"@type\":\"ListItem\",\"position\":3,\"name\":\"Intensiver Sportlertest\"}]},{\"@type\":\"WebSite\",\"@id\":\"https:\/\/www.easly.nl\/de\/#website\",\"url\":\"https:\/\/www.easly.nl\/de\/\",\"name\":\"Easly Shop\",\"description\":\"Safe &amp; simple online COVID testing\",\"publisher\":{\"@id\":\"https:\/\/www.easly.nl\/de\/#organization\"},\"potentialAction\":[{\"@type\":\"SearchAction\",\"target\":{\"@type\":\"EntryPoint\",\"urlTemplate\":\"https:\/\/www.easly.nl\/de\/?s={search_term_string}\"},\"query-input\":{\"@type\":\"PropertyValueSpecification\",\"valueRequired\":true,\"valueName\":\"search_term_string\"}}],\"inLanguage\":\"de-DE\"},{\"@type\":\"Organization\",\"@id\":\"https:\/\/www.easly.nl\/de\/#organization\",\"name\":\"Easly.nl\",\"url\":\"https:\/\/www.easly.nl\/de\/\",\"logo\":{\"@type\":\"ImageObject\",\"inLanguage\":\"de-DE\",\"@id\":\"https:\/\/www.easly.nl\/de\/#\/schema\/logo\/image\/\",\"url\":\"https:\/\/www.easly.nl\/wp-content\/uploads\/sites\/13\/2022\/10\/easly_logoslogan_color.png\",\"contentUrl\":\"https:\/\/www.easly.nl\/wp-content\/uploads\/sites\/13\/2022\/10\/easly_logoslogan_color.png\",\"width\":157,\"height\":38,\"caption\":\"Easly.nl\"},\"image\":{\"@id\":\"https:\/\/www.easly.nl\/de\/#\/schema\/logo\/image\/\"}}]}<\/script>\n<!-- \/ Yoast SEO plugin. -->","yoast_head_json":{"title":"Der Sportgesundheitstest von Easly testet Ihre Fitness.","description":"Dieser Bluttest f\u00fcr Athleten gibt Intensivsportlern die M\u00f6glichkeit, ihre VO2 max einfach zu Hause mit einem Selbsttest zu testen!","robots":{"index":"index","follow":"follow","max-snippet":"max-snippet:-1","max-image-preview":"max-image-preview:large","max-video-preview":"max-video-preview:-1"},"canonical":"https:\/\/www.easly.nl\/de\/sport-gesundheitstest\/","og_locale":"de_DE","og_type":"article","og_title":"Der Sportgesundheitstest von Easly testet Ihre Fitness.","og_description":"Dieser Bluttest f\u00fcr Athleten gibt Intensivsportlern die M\u00f6glichkeit, ihre VO2 max einfach zu Hause mit einem Selbsttest zu testen!","og_url":"https:\/\/www.easly.nl\/de\/sport-gesundheitstest\/","og_site_name":"Easly Shop","article_modified_time":"2025-07-06T19:24:11+00:00","og_image":[{"width":1044,"height":804,"url":"https:\/\/www.easly.nl\/wp-content\/uploads\/sites\/13\/2022\/09\/Easly-Intensieve-sporters-8720256100379.webp","type":"image\/webp"}],"twitter_card":"summary_large_image","schema":{"@context":"https:\/\/schema.org","@graph":[{"@type":"WebPage","@id":"https:\/\/www.easly.nl\/de\/sport-gesundheitstest\/","url":"https:\/\/www.easly.nl\/de\/sport-gesundheitstest\/","name":"Der Sportgesundheitstest von Easly testet Ihre Fitness.","isPartOf":{"@id":"https:\/\/www.easly.nl\/de\/#website"},"primaryImageOfPage":{"@id":"https:\/\/www.easly.nl\/de\/sport-gesundheitstest\/#primaryimage"},"image":{"@id":"https:\/\/www.easly.nl\/de\/sport-gesundheitstest\/#primaryimage"},"thumbnailUrl":"https:\/\/www.easly.nl\/wp-content\/uploads\/sites\/13\/2022\/09\/Easly-Intensieve-sporters-8720256100379.webp","datePublished":"2022-09-22T17:26:44+00:00","dateModified":"2025-07-06T19:24:11+00:00","description":"Dieser Bluttest f\u00fcr Athleten gibt Intensivsportlern die M\u00f6glichkeit, ihre VO2 max einfach zu Hause mit einem Selbsttest zu testen!","breadcrumb":{"@id":"https:\/\/www.easly.nl\/de\/sport-gesundheitstest\/#breadcrumb"},"inLanguage":"de-DE","potentialAction":[{"@type":"ReadAction","target":["https:\/\/www.easly.nl\/de\/sport-gesundheitstest\/"]}]},{"@type":"ImageObject","inLanguage":"de-DE","@id":"https:\/\/www.easly.nl\/de\/sport-gesundheitstest\/#primaryimage","url":"https:\/\/www.easly.nl\/wp-content\/uploads\/sites\/13\/2022\/09\/Easly-Intensieve-sporters-8720256100379.webp","contentUrl":"https:\/\/www.easly.nl\/wp-content\/uploads\/sites\/13\/2022\/09\/Easly-Intensieve-sporters-8720256100379.webp","width":1044,"height":804},{"@type":"BreadcrumbList","@id":"https:\/\/www.easly.nl\/de\/sport-gesundheitstest\/#breadcrumb","itemListElement":[{"@type":"ListItem","position":1,"name":"Startseite","item":"https:\/\/www.easly.nl\/de\/"},{"@type":"ListItem","position":2,"name":"Shop","item":"https:\/\/www.easly.nl\/shop\/"},{"@type":"ListItem","position":3,"name":"Intensiver Sportlertest"}]},{"@type":"WebSite","@id":"https:\/\/www.easly.nl\/de\/#website","url":"https:\/\/www.easly.nl\/de\/","name":"Easly Shop","description":"Safe &amp; simple online COVID testing","publisher":{"@id":"https:\/\/www.easly.nl\/de\/#organization"},"potentialAction":[{"@type":"SearchAction","target":{"@type":"EntryPoint","urlTemplate":"https:\/\/www.easly.nl\/de\/?s={search_term_string}"},"query-input":{"@type":"PropertyValueSpecification","valueRequired":true,"valueName":"search_term_string"}}],"inLanguage":"de-DE"},{"@type":"Organization","@id":"https:\/\/www.easly.nl\/de\/#organization","name":"Easly.nl","url":"https:\/\/www.easly.nl\/de\/","logo":{"@type":"ImageObject","inLanguage":"de-DE","@id":"https:\/\/www.easly.nl\/de\/#\/schema\/logo\/image\/","url":"https:\/\/www.easly.nl\/wp-content\/uploads\/sites\/13\/2022\/10\/easly_logoslogan_color.png","contentUrl":"https:\/\/www.easly.nl\/wp-content\/uploads\/sites\/13\/2022\/10\/easly_logoslogan_color.png","width":157,"height":38,"caption":"Easly.nl"},"image":{"@id":"https:\/\/www.easly.nl\/de\/#\/schema\/logo\/image\/"}}]}},"_links":{"self":[{"href":"https:\/\/www.easly.nl\/de\/wp-json\/wp\/v2\/product\/43793","targetHints":{"allow":["GET"]}}],"collection":[{"href":"https:\/\/www.easly.nl\/de\/wp-json\/wp\/v2\/product"}],"about":[{"href":"https:\/\/www.easly.nl\/de\/wp-json\/wp\/v2\/types\/product"}],"version-history":[{"count":1,"href":"https:\/\/www.easly.nl\/de\/wp-json\/wp\/v2\/product\/43793\/revisions"}],"predecessor-version":[{"id":50007,"href":"https:\/\/www.easly.nl\/de\/wp-json\/wp\/v2\/product\/43793\/revisions\/50007"}],"wp:featuredmedia":[{"embeddable":true,"href":"https:\/\/www.easly.nl\/de\/wp-json\/wp\/v2\/media\/43796"}],"wp:attachment":[{"href":"https:\/\/www.easly.nl\/de\/wp-json\/wp\/v2\/media?parent=43793"}],"wp:term":[{"taxonomy":"product_cat","embeddable":true,"href":"https:\/\/www.easly.nl\/de\/wp-json\/wp\/v2\/product_cat?post=43793"},{"taxonomy":"product_tag","embeddable":true,"href":"https:\/\/www.easly.nl\/de\/wp-json\/wp\/v2\/product_tag?post=43793"}],"curies":[{"name":"wp","href":"https:\/\/api.w.org\/{rel}","templated":true}]}}