{"id":43790,"date":"2023-07-06T07:46:18","date_gmt":"2023-07-06T07:46:18","guid":{"rendered":"https:\/\/www.easly.nl\/product\/ausgepragte-anamie\/"},"modified":"2025-07-06T19:37:02","modified_gmt":"2025-07-06T18:37:02","slug":"ausgepragte-anamie","status":"publish","type":"product","link":"https:\/\/www.easly.nl\/de\/gesundheitstests\/umfassender-anamie-test\/","title":{"rendered":"Ausgepr\u00e4gte An\u00e4mie"},"content":{"rendered":"<p>An\u00e4mie (Blutarmut) ist der Mangel an gesunden roten Blutk\u00f6rperchen oder H\u00e4moglobin, was dazu f\u00fchrt, dass weniger Sauerstoff zum Gewebe transportiert wird. Der umfassende An\u00e4mie-Test von Easly zeigt, ob eine An\u00e4mie vorliegt und, falls ja, was die Ursache daf\u00fcr ist.<\/p>\n","protected":false},"excerpt":{"rendered":"<p>M\u00fcdigkeit und Kurzatmigkeit k\u00f6nnen auf eine An\u00e4mie hinweisen. Mit diesem umfassenden Bluttest l\u00e4sst sich schnell und genau feststellen, ob Sie unter An\u00e4mie leiden.<\/p>\n","protected":false},"featured_media":43791,"template":"","meta":{"_acf_changed":false,"footnotes":""},"product_cat":[1137,1324,1257],"product_tag":[2002],"class_list":{"0":"post-43790","1":"product","2":"type-product","3":"status-publish","4":"has-post-thumbnail","6":"product_cat-allgemeine-gesundheit","7":"product_cat-venos-de","8":"product_cat-unkategorisiert","9":"product_tag-jetzt-im-preis-reduziert","11":"first","12":"outofstock","13":"sale","14":"taxable","15":"shipping-taxable","16":"purchasable","17":"product-type-simple"},"acf":[],"yoast_head":"<!-- This site is optimized with the Yoast SEO plugin v24.3 - https:\/\/yoast.com\/wordpress\/plugins\/seo\/ -->\n<title>Testen Sie Ihre An\u00e4mie einfach und sicher zu Hause<\/title>\n<meta name=\"description\" content=\"M\u00fcdigkeit und Kurzatmigkeit k\u00f6nnen auf eine An\u00e4mie hinweisen. Verschaffen Sie sich schnell Gewissheit und machen Sie den umfassenden An\u00e4mie-Test ohne \u00dcberweisung des Hausarztes.\" \/>\n<meta name=\"robots\" content=\"index, follow, max-snippet:-1, max-image-preview:large, max-video-preview:-1\" \/>\n<link rel=\"canonical\" href=\"https:\/\/www.easly.nl\/de\/gesundheitstests\/umfassender-anamie-test\/\" \/>\n<meta property=\"og:locale\" content=\"de_DE\" \/>\n<meta property=\"og:type\" content=\"article\" \/>\n<meta property=\"og:title\" content=\"Testen Sie Ihre An\u00e4mie einfach und sicher zu Hause\" \/>\n<meta property=\"og:description\" content=\"M\u00fcdigkeit und Kurzatmigkeit k\u00f6nnen auf eine An\u00e4mie hinweisen. Verschaffen Sie sich schnell Gewissheit und machen Sie den umfassenden An\u00e4mie-Test ohne \u00dcberweisung des Hausarztes.\" \/>\n<meta property=\"og:url\" content=\"https:\/\/www.easly.nl\/de\/gesundheitstests\/umfassender-anamie-test\/\" \/>\n<meta property=\"og:site_name\" content=\"Easly Shop\" \/>\n<meta property=\"article:modified_time\" content=\"2025-07-06T18:37:02+00:00\" \/>\n<meta property=\"og:image\" content=\"https:\/\/www.easly.nl\/wp-content\/uploads\/sites\/13\/2023\/07\/Easly-nl-Uitgebreide-Bloedarmoede.webp\" \/>\n\t<meta property=\"og:image:width\" content=\"1044\" \/>\n\t<meta property=\"og:image:height\" content=\"804\" \/>\n\t<meta property=\"og:image:type\" content=\"image\/webp\" \/>\n<meta name=\"twitter:card\" content=\"summary_large_image\" \/>\n<script type=\"application\/ld+json\" class=\"yoast-schema-graph\">{\"@context\":\"https:\/\/schema.org\",\"@graph\":[{\"@type\":\"WebPage\",\"@id\":\"https:\/\/www.easly.nl\/de\/gesundheitstests\/umfassender-anamie-test\/\",\"url\":\"https:\/\/www.easly.nl\/de\/gesundheitstests\/umfassender-anamie-test\/\",\"name\":\"Testen Sie Ihre An\u00e4mie einfach und sicher zu Hause\",\"isPartOf\":{\"@id\":\"https:\/\/www.easly.nl\/de\/#website\"},\"primaryImageOfPage\":{\"@id\":\"https:\/\/www.easly.nl\/de\/gesundheitstests\/umfassender-anamie-test\/#primaryimage\"},\"image\":{\"@id\":\"https:\/\/www.easly.nl\/de\/gesundheitstests\/umfassender-anamie-test\/#primaryimage\"},\"thumbnailUrl\":\"https:\/\/www.easly.nl\/wp-content\/uploads\/sites\/13\/2023\/07\/Easly-nl-Uitgebreide-Bloedarmoede.webp\",\"datePublished\":\"2023-07-06T07:46:18+00:00\",\"dateModified\":\"2025-07-06T18:37:02+00:00\",\"description\":\"M\u00fcdigkeit und Kurzatmigkeit k\u00f6nnen auf eine An\u00e4mie hinweisen. Verschaffen Sie sich schnell Gewissheit und machen Sie den umfassenden An\u00e4mie-Test ohne \u00dcberweisung des Hausarztes.\",\"breadcrumb\":{\"@id\":\"https:\/\/www.easly.nl\/de\/gesundheitstests\/umfassender-anamie-test\/#breadcrumb\"},\"inLanguage\":\"de-DE\",\"potentialAction\":[{\"@type\":\"ReadAction\",\"target\":[\"https:\/\/www.easly.nl\/de\/gesundheitstests\/umfassender-anamie-test\/\"]}]},{\"@type\":\"ImageObject\",\"inLanguage\":\"de-DE\",\"@id\":\"https:\/\/www.easly.nl\/de\/gesundheitstests\/umfassender-anamie-test\/#primaryimage\",\"url\":\"https:\/\/www.easly.nl\/wp-content\/uploads\/sites\/13\/2023\/07\/Easly-nl-Uitgebreide-Bloedarmoede.webp\",\"contentUrl\":\"https:\/\/www.easly.nl\/wp-content\/uploads\/sites\/13\/2023\/07\/Easly-nl-Uitgebreide-Bloedarmoede.webp\",\"width\":1044,\"height\":804},{\"@type\":\"BreadcrumbList\",\"@id\":\"https:\/\/www.easly.nl\/de\/gesundheitstests\/umfassender-anamie-test\/#breadcrumb\",\"itemListElement\":[{\"@type\":\"ListItem\",\"position\":1,\"name\":\"Startseite\",\"item\":\"https:\/\/www.easly.nl\/de\/\"},{\"@type\":\"ListItem\",\"position\":2,\"name\":\"Shop\",\"item\":\"https:\/\/www.easly.nl\/shop\/\"},{\"@type\":\"ListItem\",\"position\":3,\"name\":\"Ausgepr\u00e4gte An\u00e4mie\"}]},{\"@type\":\"WebSite\",\"@id\":\"https:\/\/www.easly.nl\/de\/#website\",\"url\":\"https:\/\/www.easly.nl\/de\/\",\"name\":\"Easly Shop\",\"description\":\"Safe &amp; simple online COVID testing\",\"publisher\":{\"@id\":\"https:\/\/www.easly.nl\/de\/#organization\"},\"potentialAction\":[{\"@type\":\"SearchAction\",\"target\":{\"@type\":\"EntryPoint\",\"urlTemplate\":\"https:\/\/www.easly.nl\/de\/?s={search_term_string}\"},\"query-input\":{\"@type\":\"PropertyValueSpecification\",\"valueRequired\":true,\"valueName\":\"search_term_string\"}}],\"inLanguage\":\"de-DE\"},{\"@type\":\"Organization\",\"@id\":\"https:\/\/www.easly.nl\/de\/#organization\",\"name\":\"Easly.nl\",\"url\":\"https:\/\/www.easly.nl\/de\/\",\"logo\":{\"@type\":\"ImageObject\",\"inLanguage\":\"de-DE\",\"@id\":\"https:\/\/www.easly.nl\/de\/#\/schema\/logo\/image\/\",\"url\":\"https:\/\/www.easly.nl\/wp-content\/uploads\/sites\/13\/2022\/10\/easly_logoslogan_color.png\",\"contentUrl\":\"https:\/\/www.easly.nl\/wp-content\/uploads\/sites\/13\/2022\/10\/easly_logoslogan_color.png\",\"width\":157,\"height\":38,\"caption\":\"Easly.nl\"},\"image\":{\"@id\":\"https:\/\/www.easly.nl\/de\/#\/schema\/logo\/image\/\"}}]}<\/script>\n<!-- \/ Yoast SEO plugin. -->","yoast_head_json":{"title":"Testen Sie Ihre An\u00e4mie einfach und sicher zu Hause","description":"M\u00fcdigkeit und Kurzatmigkeit k\u00f6nnen auf eine An\u00e4mie hinweisen. Verschaffen Sie sich schnell Gewissheit und machen Sie den umfassenden An\u00e4mie-Test ohne \u00dcberweisung des Hausarztes.","robots":{"index":"index","follow":"follow","max-snippet":"max-snippet:-1","max-image-preview":"max-image-preview:large","max-video-preview":"max-video-preview:-1"},"canonical":"https:\/\/www.easly.nl\/de\/gesundheitstests\/umfassender-anamie-test\/","og_locale":"de_DE","og_type":"article","og_title":"Testen Sie Ihre An\u00e4mie einfach und sicher zu Hause","og_description":"M\u00fcdigkeit und Kurzatmigkeit k\u00f6nnen auf eine An\u00e4mie hinweisen. Verschaffen Sie sich schnell Gewissheit und machen Sie den umfassenden An\u00e4mie-Test ohne \u00dcberweisung des Hausarztes.","og_url":"https:\/\/www.easly.nl\/de\/gesundheitstests\/umfassender-anamie-test\/","og_site_name":"Easly Shop","article_modified_time":"2025-07-06T18:37:02+00:00","og_image":[{"width":1044,"height":804,"url":"https:\/\/www.easly.nl\/wp-content\/uploads\/sites\/13\/2023\/07\/Easly-nl-Uitgebreide-Bloedarmoede.webp","type":"image\/webp"}],"twitter_card":"summary_large_image","schema":{"@context":"https:\/\/schema.org","@graph":[{"@type":"WebPage","@id":"https:\/\/www.easly.nl\/de\/gesundheitstests\/umfassender-anamie-test\/","url":"https:\/\/www.easly.nl\/de\/gesundheitstests\/umfassender-anamie-test\/","name":"Testen Sie Ihre An\u00e4mie einfach und sicher zu Hause","isPartOf":{"@id":"https:\/\/www.easly.nl\/de\/#website"},"primaryImageOfPage":{"@id":"https:\/\/www.easly.nl\/de\/gesundheitstests\/umfassender-anamie-test\/#primaryimage"},"image":{"@id":"https:\/\/www.easly.nl\/de\/gesundheitstests\/umfassender-anamie-test\/#primaryimage"},"thumbnailUrl":"https:\/\/www.easly.nl\/wp-content\/uploads\/sites\/13\/2023\/07\/Easly-nl-Uitgebreide-Bloedarmoede.webp","datePublished":"2023-07-06T07:46:18+00:00","dateModified":"2025-07-06T18:37:02+00:00","description":"M\u00fcdigkeit und Kurzatmigkeit k\u00f6nnen auf eine An\u00e4mie hinweisen. Verschaffen Sie sich schnell Gewissheit und machen Sie den umfassenden An\u00e4mie-Test ohne \u00dcberweisung des Hausarztes.","breadcrumb":{"@id":"https:\/\/www.easly.nl\/de\/gesundheitstests\/umfassender-anamie-test\/#breadcrumb"},"inLanguage":"de-DE","potentialAction":[{"@type":"ReadAction","target":["https:\/\/www.easly.nl\/de\/gesundheitstests\/umfassender-anamie-test\/"]}]},{"@type":"ImageObject","inLanguage":"de-DE","@id":"https:\/\/www.easly.nl\/de\/gesundheitstests\/umfassender-anamie-test\/#primaryimage","url":"https:\/\/www.easly.nl\/wp-content\/uploads\/sites\/13\/2023\/07\/Easly-nl-Uitgebreide-Bloedarmoede.webp","contentUrl":"https:\/\/www.easly.nl\/wp-content\/uploads\/sites\/13\/2023\/07\/Easly-nl-Uitgebreide-Bloedarmoede.webp","width":1044,"height":804},{"@type":"BreadcrumbList","@id":"https:\/\/www.easly.nl\/de\/gesundheitstests\/umfassender-anamie-test\/#breadcrumb","itemListElement":[{"@type":"ListItem","position":1,"name":"Startseite","item":"https:\/\/www.easly.nl\/de\/"},{"@type":"ListItem","position":2,"name":"Shop","item":"https:\/\/www.easly.nl\/shop\/"},{"@type":"ListItem","position":3,"name":"Ausgepr\u00e4gte An\u00e4mie"}]},{"@type":"WebSite","@id":"https:\/\/www.easly.nl\/de\/#website","url":"https:\/\/www.easly.nl\/de\/","name":"Easly Shop","description":"Safe &amp; simple online COVID testing","publisher":{"@id":"https:\/\/www.easly.nl\/de\/#organization"},"potentialAction":[{"@type":"SearchAction","target":{"@type":"EntryPoint","urlTemplate":"https:\/\/www.easly.nl\/de\/?s={search_term_string}"},"query-input":{"@type":"PropertyValueSpecification","valueRequired":true,"valueName":"search_term_string"}}],"inLanguage":"de-DE"},{"@type":"Organization","@id":"https:\/\/www.easly.nl\/de\/#organization","name":"Easly.nl","url":"https:\/\/www.easly.nl\/de\/","logo":{"@type":"ImageObject","inLanguage":"de-DE","@id":"https:\/\/www.easly.nl\/de\/#\/schema\/logo\/image\/","url":"https:\/\/www.easly.nl\/wp-content\/uploads\/sites\/13\/2022\/10\/easly_logoslogan_color.png","contentUrl":"https:\/\/www.easly.nl\/wp-content\/uploads\/sites\/13\/2022\/10\/easly_logoslogan_color.png","width":157,"height":38,"caption":"Easly.nl"},"image":{"@id":"https:\/\/www.easly.nl\/de\/#\/schema\/logo\/image\/"}}]}},"_links":{"self":[{"href":"https:\/\/www.easly.nl\/de\/wp-json\/wp\/v2\/product\/43790","targetHints":{"allow":["GET"]}}],"collection":[{"href":"https:\/\/www.easly.nl\/de\/wp-json\/wp\/v2\/product"}],"about":[{"href":"https:\/\/www.easly.nl\/de\/wp-json\/wp\/v2\/types\/product"}],"version-history":[{"count":1,"href":"https:\/\/www.easly.nl\/de\/wp-json\/wp\/v2\/product\/43790\/revisions"}],"predecessor-version":[{"id":49995,"href":"https:\/\/www.easly.nl\/de\/wp-json\/wp\/v2\/product\/43790\/revisions\/49995"}],"wp:featuredmedia":[{"embeddable":true,"href":"https:\/\/www.easly.nl\/de\/wp-json\/wp\/v2\/media\/43791"}],"wp:attachment":[{"href":"https:\/\/www.easly.nl\/de\/wp-json\/wp\/v2\/media?parent=43790"}],"wp:term":[{"taxonomy":"product_cat","embeddable":true,"href":"https:\/\/www.easly.nl\/de\/wp-json\/wp\/v2\/product_cat?post=43790"},{"taxonomy":"product_tag","embeddable":true,"href":"https:\/\/www.easly.nl\/de\/wp-json\/wp\/v2\/product_tag?post=43790"}],"curies":[{"name":"wp","href":"https:\/\/api.w.org\/{rel}","templated":true}]}}