{"id":43783,"date":"2023-08-24T08:02:06","date_gmt":"2023-08-24T08:02:06","guid":{"rendered":"https:\/\/www.easly.nl\/product\/comprehensive-thyroid-test\/"},"modified":"2025-04-01T12:28:59","modified_gmt":"2025-04-01T11:28:59","slug":"comprehensive-thyroid-test","status":"publish","type":"product","link":"https:\/\/www.easly.nl\/de\/gesundheitstests\/umfangreiche-schilddrusenuntersuchung\/","title":{"rendered":"Umfassendes Thyroid Test"},"content":{"rendered":"<p>Die Schilddr\u00fcse &#8211; eine Dr\u00fcse an der Vorderseite des Halses &#8211; spielt eine wichtige Rolle beim Stoffwechsel, beim Wachstum und bei der Erhaltung der Knochenst\u00e4rke. Eine Schilddr\u00fcse, die zu langsam oder zu schnell arbeitet, verursacht daher l\u00e4stige Symptome. Die umfassende Schilddr\u00fcsenuntersuchung ist ein Bluttest, mit dem festgestellt werden kann, ob Ihre Schilddr\u00fcse noch richtig funktioniert.<\/p>\n","protected":false},"excerpt":{"rendered":"<p>Arbeitet Ihre Schilddr\u00fcse zu schnell oder zu langsam? Erstellen Sie ein Diagramm der verschiedenen Schilddr\u00fcsenhormone und der dazugeh\u00f6rigen Antik\u00f6rper und verschaffen Sie sich Gewissheit.<\/p>\n","protected":false},"featured_media":43784,"template":"","meta":{"_acf_changed":false,"footnotes":""},"product_cat":[1872,1324,1257],"product_tag":[2002],"class_list":{"0":"post-43783","1":"product","2":"type-product","3":"status-publish","4":"has-post-thumbnail","6":"product_cat-hormone-de","7":"product_cat-venos-de","8":"product_cat-unkategorisiert","9":"product_tag-jetzt-im-preis-reduziert","11":"first","12":"outofstock","13":"sale","14":"taxable","15":"shipping-taxable","16":"purchasable","17":"product-type-simple"},"acf":[],"yoast_head":"<!-- This site is optimized with the Yoast SEO plugin v24.3 - https:\/\/yoast.com\/wordpress\/plugins\/seo\/ -->\n<title>Testen sie Ihre schilddr\u00fcsenfunktion mit Schilddr\u00fcse Selbsttest<\/title>\n<meta name=\"description\" content=\"Leiden Sie unter M\u00fcdigkeitssymptomen? Ein Schilddr\u00fcse Selbsttest kann eine langsame oder zu schnelle Schilddr\u00fcse diagnostizieren.\" \/>\n<meta name=\"robots\" content=\"index, follow, max-snippet:-1, max-image-preview:large, max-video-preview:-1\" \/>\n<link rel=\"canonical\" href=\"https:\/\/www.easly.nl\/de\/gesundheitstests\/umfangreiche-schilddrusenuntersuchung\/\" \/>\n<meta property=\"og:locale\" content=\"de_DE\" \/>\n<meta property=\"og:type\" content=\"article\" \/>\n<meta property=\"og:title\" content=\"Testen sie Ihre schilddr\u00fcsenfunktion mit Schilddr\u00fcse Selbsttest\" \/>\n<meta property=\"og:description\" content=\"Leiden Sie unter M\u00fcdigkeitssymptomen? Ein Schilddr\u00fcse Selbsttest kann eine langsame oder zu schnelle Schilddr\u00fcse diagnostizieren.\" \/>\n<meta property=\"og:url\" content=\"https:\/\/www.easly.nl\/de\/gesundheitstests\/umfangreiche-schilddrusenuntersuchung\/\" \/>\n<meta property=\"og:site_name\" content=\"Easly Shop\" \/>\n<meta property=\"article:modified_time\" content=\"2025-04-01T11:28:59+00:00\" \/>\n<meta property=\"og:image\" content=\"https:\/\/www.easly.nl\/wp-content\/uploads\/sites\/13\/2023\/08\/Easly-nl-Uitgebreid-Schildklier-Test.webp\" \/>\n\t<meta property=\"og:image:width\" content=\"1044\" \/>\n\t<meta property=\"og:image:height\" content=\"804\" \/>\n\t<meta property=\"og:image:type\" content=\"image\/webp\" \/>\n<meta name=\"twitter:card\" content=\"summary_large_image\" \/>\n<meta name=\"twitter:label1\" content=\"Gesch\u00e4tzte Lesezeit\" \/>\n\t<meta name=\"twitter:data1\" content=\"1 Minute\" \/>\n<script type=\"application\/ld+json\" class=\"yoast-schema-graph\">{\"@context\":\"https:\/\/schema.org\",\"@graph\":[{\"@type\":\"WebPage\",\"@id\":\"https:\/\/www.easly.nl\/de\/gesundheitstests\/umfangreiche-schilddrusenuntersuchung\/\",\"url\":\"https:\/\/www.easly.nl\/de\/gesundheitstests\/umfangreiche-schilddrusenuntersuchung\/\",\"name\":\"Testen sie Ihre schilddr\u00fcsenfunktion mit Schilddr\u00fcse Selbsttest\",\"isPartOf\":{\"@id\":\"https:\/\/www.easly.nl\/de\/#website\"},\"primaryImageOfPage\":{\"@id\":\"https:\/\/www.easly.nl\/de\/gesundheitstests\/umfangreiche-schilddrusenuntersuchung\/#primaryimage\"},\"image\":{\"@id\":\"https:\/\/www.easly.nl\/de\/gesundheitstests\/umfangreiche-schilddrusenuntersuchung\/#primaryimage\"},\"thumbnailUrl\":\"https:\/\/www.easly.nl\/wp-content\/uploads\/sites\/13\/2023\/08\/Easly-nl-Uitgebreid-Schildklier-Test.webp\",\"datePublished\":\"2023-08-24T08:02:06+00:00\",\"dateModified\":\"2025-04-01T11:28:59+00:00\",\"description\":\"Leiden Sie unter M\u00fcdigkeitssymptomen? Ein Schilddr\u00fcse Selbsttest kann eine langsame oder zu schnelle Schilddr\u00fcse diagnostizieren.\",\"breadcrumb\":{\"@id\":\"https:\/\/www.easly.nl\/de\/gesundheitstests\/umfangreiche-schilddrusenuntersuchung\/#breadcrumb\"},\"inLanguage\":\"de-DE\",\"potentialAction\":[{\"@type\":\"ReadAction\",\"target\":[\"https:\/\/www.easly.nl\/de\/gesundheitstests\/umfangreiche-schilddrusenuntersuchung\/\"]}]},{\"@type\":\"ImageObject\",\"inLanguage\":\"de-DE\",\"@id\":\"https:\/\/www.easly.nl\/de\/gesundheitstests\/umfangreiche-schilddrusenuntersuchung\/#primaryimage\",\"url\":\"https:\/\/www.easly.nl\/wp-content\/uploads\/sites\/13\/2023\/08\/Easly-nl-Uitgebreid-Schildklier-Test.webp\",\"contentUrl\":\"https:\/\/www.easly.nl\/wp-content\/uploads\/sites\/13\/2023\/08\/Easly-nl-Uitgebreid-Schildklier-Test.webp\",\"width\":1044,\"height\":804},{\"@type\":\"BreadcrumbList\",\"@id\":\"https:\/\/www.easly.nl\/de\/gesundheitstests\/umfangreiche-schilddrusenuntersuchung\/#breadcrumb\",\"itemListElement\":[{\"@type\":\"ListItem\",\"position\":1,\"name\":\"Startseite\",\"item\":\"https:\/\/www.easly.nl\/de\/\"},{\"@type\":\"ListItem\",\"position\":2,\"name\":\"Shop\",\"item\":\"https:\/\/www.easly.nl\/shop\/\"},{\"@type\":\"ListItem\",\"position\":3,\"name\":\"Umfassendes Thyroid Test\"}]},{\"@type\":\"WebSite\",\"@id\":\"https:\/\/www.easly.nl\/de\/#website\",\"url\":\"https:\/\/www.easly.nl\/de\/\",\"name\":\"Easly Shop\",\"description\":\"Safe &amp; simple online COVID testing\",\"publisher\":{\"@id\":\"https:\/\/www.easly.nl\/de\/#organization\"},\"potentialAction\":[{\"@type\":\"SearchAction\",\"target\":{\"@type\":\"EntryPoint\",\"urlTemplate\":\"https:\/\/www.easly.nl\/de\/?s={search_term_string}\"},\"query-input\":{\"@type\":\"PropertyValueSpecification\",\"valueRequired\":true,\"valueName\":\"search_term_string\"}}],\"inLanguage\":\"de-DE\"},{\"@type\":\"Organization\",\"@id\":\"https:\/\/www.easly.nl\/de\/#organization\",\"name\":\"Easly.nl\",\"url\":\"https:\/\/www.easly.nl\/de\/\",\"logo\":{\"@type\":\"ImageObject\",\"inLanguage\":\"de-DE\",\"@id\":\"https:\/\/www.easly.nl\/de\/#\/schema\/logo\/image\/\",\"url\":\"https:\/\/www.easly.nl\/wp-content\/uploads\/sites\/13\/2022\/10\/easly_logoslogan_color.png\",\"contentUrl\":\"https:\/\/www.easly.nl\/wp-content\/uploads\/sites\/13\/2022\/10\/easly_logoslogan_color.png\",\"width\":157,\"height\":38,\"caption\":\"Easly.nl\"},\"image\":{\"@id\":\"https:\/\/www.easly.nl\/de\/#\/schema\/logo\/image\/\"}}]}<\/script>\n<!-- \/ Yoast SEO plugin. -->","yoast_head_json":{"title":"Testen sie Ihre schilddr\u00fcsenfunktion mit Schilddr\u00fcse Selbsttest","description":"Leiden Sie unter M\u00fcdigkeitssymptomen? Ein Schilddr\u00fcse Selbsttest kann eine langsame oder zu schnelle Schilddr\u00fcse diagnostizieren.","robots":{"index":"index","follow":"follow","max-snippet":"max-snippet:-1","max-image-preview":"max-image-preview:large","max-video-preview":"max-video-preview:-1"},"canonical":"https:\/\/www.easly.nl\/de\/gesundheitstests\/umfangreiche-schilddrusenuntersuchung\/","og_locale":"de_DE","og_type":"article","og_title":"Testen sie Ihre schilddr\u00fcsenfunktion mit Schilddr\u00fcse Selbsttest","og_description":"Leiden Sie unter M\u00fcdigkeitssymptomen? Ein Schilddr\u00fcse Selbsttest kann eine langsame oder zu schnelle Schilddr\u00fcse diagnostizieren.","og_url":"https:\/\/www.easly.nl\/de\/gesundheitstests\/umfangreiche-schilddrusenuntersuchung\/","og_site_name":"Easly Shop","article_modified_time":"2025-04-01T11:28:59+00:00","og_image":[{"width":1044,"height":804,"url":"https:\/\/www.easly.nl\/wp-content\/uploads\/sites\/13\/2023\/08\/Easly-nl-Uitgebreid-Schildklier-Test.webp","type":"image\/webp"}],"twitter_card":"summary_large_image","twitter_misc":{"Gesch\u00e4tzte Lesezeit":"1 Minute"},"schema":{"@context":"https:\/\/schema.org","@graph":[{"@type":"WebPage","@id":"https:\/\/www.easly.nl\/de\/gesundheitstests\/umfangreiche-schilddrusenuntersuchung\/","url":"https:\/\/www.easly.nl\/de\/gesundheitstests\/umfangreiche-schilddrusenuntersuchung\/","name":"Testen sie Ihre schilddr\u00fcsenfunktion mit Schilddr\u00fcse Selbsttest","isPartOf":{"@id":"https:\/\/www.easly.nl\/de\/#website"},"primaryImageOfPage":{"@id":"https:\/\/www.easly.nl\/de\/gesundheitstests\/umfangreiche-schilddrusenuntersuchung\/#primaryimage"},"image":{"@id":"https:\/\/www.easly.nl\/de\/gesundheitstests\/umfangreiche-schilddrusenuntersuchung\/#primaryimage"},"thumbnailUrl":"https:\/\/www.easly.nl\/wp-content\/uploads\/sites\/13\/2023\/08\/Easly-nl-Uitgebreid-Schildklier-Test.webp","datePublished":"2023-08-24T08:02:06+00:00","dateModified":"2025-04-01T11:28:59+00:00","description":"Leiden Sie unter M\u00fcdigkeitssymptomen? Ein Schilddr\u00fcse Selbsttest kann eine langsame oder zu schnelle Schilddr\u00fcse diagnostizieren.","breadcrumb":{"@id":"https:\/\/www.easly.nl\/de\/gesundheitstests\/umfangreiche-schilddrusenuntersuchung\/#breadcrumb"},"inLanguage":"de-DE","potentialAction":[{"@type":"ReadAction","target":["https:\/\/www.easly.nl\/de\/gesundheitstests\/umfangreiche-schilddrusenuntersuchung\/"]}]},{"@type":"ImageObject","inLanguage":"de-DE","@id":"https:\/\/www.easly.nl\/de\/gesundheitstests\/umfangreiche-schilddrusenuntersuchung\/#primaryimage","url":"https:\/\/www.easly.nl\/wp-content\/uploads\/sites\/13\/2023\/08\/Easly-nl-Uitgebreid-Schildklier-Test.webp","contentUrl":"https:\/\/www.easly.nl\/wp-content\/uploads\/sites\/13\/2023\/08\/Easly-nl-Uitgebreid-Schildklier-Test.webp","width":1044,"height":804},{"@type":"BreadcrumbList","@id":"https:\/\/www.easly.nl\/de\/gesundheitstests\/umfangreiche-schilddrusenuntersuchung\/#breadcrumb","itemListElement":[{"@type":"ListItem","position":1,"name":"Startseite","item":"https:\/\/www.easly.nl\/de\/"},{"@type":"ListItem","position":2,"name":"Shop","item":"https:\/\/www.easly.nl\/shop\/"},{"@type":"ListItem","position":3,"name":"Umfassendes Thyroid Test"}]},{"@type":"WebSite","@id":"https:\/\/www.easly.nl\/de\/#website","url":"https:\/\/www.easly.nl\/de\/","name":"Easly Shop","description":"Safe &amp; simple online COVID testing","publisher":{"@id":"https:\/\/www.easly.nl\/de\/#organization"},"potentialAction":[{"@type":"SearchAction","target":{"@type":"EntryPoint","urlTemplate":"https:\/\/www.easly.nl\/de\/?s={search_term_string}"},"query-input":{"@type":"PropertyValueSpecification","valueRequired":true,"valueName":"search_term_string"}}],"inLanguage":"de-DE"},{"@type":"Organization","@id":"https:\/\/www.easly.nl\/de\/#organization","name":"Easly.nl","url":"https:\/\/www.easly.nl\/de\/","logo":{"@type":"ImageObject","inLanguage":"de-DE","@id":"https:\/\/www.easly.nl\/de\/#\/schema\/logo\/image\/","url":"https:\/\/www.easly.nl\/wp-content\/uploads\/sites\/13\/2022\/10\/easly_logoslogan_color.png","contentUrl":"https:\/\/www.easly.nl\/wp-content\/uploads\/sites\/13\/2022\/10\/easly_logoslogan_color.png","width":157,"height":38,"caption":"Easly.nl"},"image":{"@id":"https:\/\/www.easly.nl\/de\/#\/schema\/logo\/image\/"}}]}},"_links":{"self":[{"href":"https:\/\/www.easly.nl\/de\/wp-json\/wp\/v2\/product\/43783","targetHints":{"allow":["GET"]}}],"collection":[{"href":"https:\/\/www.easly.nl\/de\/wp-json\/wp\/v2\/product"}],"about":[{"href":"https:\/\/www.easly.nl\/de\/wp-json\/wp\/v2\/types\/product"}],"version-history":[{"count":2,"href":"https:\/\/www.easly.nl\/de\/wp-json\/wp\/v2\/product\/43783\/revisions"}],"predecessor-version":[{"id":59261,"href":"https:\/\/www.easly.nl\/de\/wp-json\/wp\/v2\/product\/43783\/revisions\/59261"}],"wp:featuredmedia":[{"embeddable":true,"href":"https:\/\/www.easly.nl\/de\/wp-json\/wp\/v2\/media\/43784"}],"wp:attachment":[{"href":"https:\/\/www.easly.nl\/de\/wp-json\/wp\/v2\/media?parent=43783"}],"wp:term":[{"taxonomy":"product_cat","embeddable":true,"href":"https:\/\/www.easly.nl\/de\/wp-json\/wp\/v2\/product_cat?post=43783"},{"taxonomy":"product_tag","embeddable":true,"href":"https:\/\/www.easly.nl\/de\/wp-json\/wp\/v2\/product_tag?post=43783"}],"curies":[{"name":"wp","href":"https:\/\/api.w.org\/{rel}","templated":true}]}}