{"id":43780,"date":"2023-08-24T09:07:50","date_gmt":"2023-08-24T09:07:50","guid":{"rendered":"https:\/\/www.easly.nl\/product\/umfassendes-vitamin-b12\/"},"modified":"2024-11-29T01:05:24","modified_gmt":"2024-11-29T00:05:24","slug":"umfassendes-vitamin-b12","status":"publish","type":"product","link":"https:\/\/www.easly.nl\/de\/gesundheitstests\/vitamin-b12-bluttest\/","title":{"rendered":"Umfassendes Vitamin B12"},"content":{"rendered":"<p>Vitamin B12 wird f\u00fcr die DNA-Synthese und die Bildung von roten Blutk\u00f6rperchen, Nervenzellen und Gehirnzellen ben\u00f6tigt. Das macht es zu einem der wichtigsten Vitamine. Der Comprehensive Vitamin B12-Bluttest ermittelt Ihren Vitamin-B12-Spiegel.<\/p>\n","protected":false},"excerpt":{"rendered":"<p>Vitamin B12 wird f\u00fcr die DNA-Synthese und die Bildung der roten Blutk\u00f6rperchen ben\u00f6tigt. Testen Sie, ob Ihr Blut und Ihr Urin ausreichend mit B12 und verwandten Substanzen angereichert sind.<\/p>\n","protected":false},"featured_media":43781,"template":"","meta":{"_acf_changed":false,"footnotes":""},"product_cat":[1138,1324,1257],"product_tag":[2002],"class_list":{"0":"post-43780","1":"product","2":"type-product","3":"status-publish","4":"has-post-thumbnail","6":"product_cat-lebensstil-vitamine","7":"product_cat-venos-de","8":"product_cat-unkategorisiert","9":"product_tag-jetzt-im-preis-reduziert","11":"first","12":"outofstock","13":"sale","14":"taxable","15":"shipping-taxable","16":"purchasable","17":"product-type-simple"},"acf":[],"yoast_head":"<!-- This site is optimized with the Yoast SEO plugin v24.3 - https:\/\/yoast.com\/wordpress\/plugins\/seo\/ -->\n<title>Schnell und einfach. Vitamin B12-Bluttest.<\/title>\n<meta name=\"description\" content=\"Haben Sie Probleme mit den Nerven oder M\u00fcdigkeit? M\u00f6chten Sie Ihr Vitamin B12 testen lassen? Machen Sie den umfassenden Vitamin-B12-Bluttest und erhalten Sie schnelle Gewissheit.\" \/>\n<meta name=\"robots\" content=\"index, follow, max-snippet:-1, max-image-preview:large, max-video-preview:-1\" \/>\n<link rel=\"canonical\" href=\"https:\/\/www.easly.nl\/de\/gesundheitstests\/vitamin-b12-bluttest\/\" \/>\n<meta property=\"og:locale\" content=\"de_DE\" \/>\n<meta property=\"og:type\" content=\"article\" \/>\n<meta property=\"og:title\" content=\"Schnell und einfach. Vitamin B12-Bluttest.\" \/>\n<meta property=\"og:description\" content=\"Haben Sie Probleme mit den Nerven oder M\u00fcdigkeit? M\u00f6chten Sie Ihr Vitamin B12 testen lassen? Machen Sie den umfassenden Vitamin-B12-Bluttest und erhalten Sie schnelle Gewissheit.\" \/>\n<meta property=\"og:url\" content=\"https:\/\/www.easly.nl\/de\/gesundheitstests\/vitamin-b12-bluttest\/\" \/>\n<meta property=\"og:site_name\" content=\"Easly Shop\" \/>\n<meta property=\"article:modified_time\" content=\"2024-11-29T00:05:24+00:00\" \/>\n<meta property=\"og:image\" content=\"https:\/\/www.easly.nl\/wp-content\/uploads\/sites\/13\/2023\/08\/Easly-nl-Uitgebreide-Vitamine-B12.webp\" \/>\n\t<meta property=\"og:image:width\" content=\"1044\" \/>\n\t<meta property=\"og:image:height\" content=\"804\" \/>\n\t<meta property=\"og:image:type\" content=\"image\/webp\" \/>\n<meta name=\"twitter:card\" content=\"summary_large_image\" \/>\n<script type=\"application\/ld+json\" class=\"yoast-schema-graph\">{\"@context\":\"https:\/\/schema.org\",\"@graph\":[{\"@type\":\"WebPage\",\"@id\":\"https:\/\/www.easly.nl\/de\/gesundheitstests\/vitamin-b12-bluttest\/\",\"url\":\"https:\/\/www.easly.nl\/de\/gesundheitstests\/vitamin-b12-bluttest\/\",\"name\":\"Schnell und einfach. Vitamin B12-Bluttest.\",\"isPartOf\":{\"@id\":\"https:\/\/www.easly.nl\/de\/#website\"},\"primaryImageOfPage\":{\"@id\":\"https:\/\/www.easly.nl\/de\/gesundheitstests\/vitamin-b12-bluttest\/#primaryimage\"},\"image\":{\"@id\":\"https:\/\/www.easly.nl\/de\/gesundheitstests\/vitamin-b12-bluttest\/#primaryimage\"},\"thumbnailUrl\":\"https:\/\/www.easly.nl\/wp-content\/uploads\/sites\/13\/2023\/08\/Easly-nl-Uitgebreide-Vitamine-B12.webp\",\"datePublished\":\"2023-08-24T09:07:50+00:00\",\"dateModified\":\"2024-11-29T00:05:24+00:00\",\"description\":\"Haben Sie Probleme mit den Nerven oder M\u00fcdigkeit? M\u00f6chten Sie Ihr Vitamin B12 testen lassen? Machen Sie den umfassenden Vitamin-B12-Bluttest und erhalten Sie schnelle Gewissheit.\",\"breadcrumb\":{\"@id\":\"https:\/\/www.easly.nl\/de\/gesundheitstests\/vitamin-b12-bluttest\/#breadcrumb\"},\"inLanguage\":\"de-DE\",\"potentialAction\":[{\"@type\":\"ReadAction\",\"target\":[\"https:\/\/www.easly.nl\/de\/gesundheitstests\/vitamin-b12-bluttest\/\"]}]},{\"@type\":\"ImageObject\",\"inLanguage\":\"de-DE\",\"@id\":\"https:\/\/www.easly.nl\/de\/gesundheitstests\/vitamin-b12-bluttest\/#primaryimage\",\"url\":\"https:\/\/www.easly.nl\/wp-content\/uploads\/sites\/13\/2023\/08\/Easly-nl-Uitgebreide-Vitamine-B12.webp\",\"contentUrl\":\"https:\/\/www.easly.nl\/wp-content\/uploads\/sites\/13\/2023\/08\/Easly-nl-Uitgebreide-Vitamine-B12.webp\",\"width\":1044,\"height\":804},{\"@type\":\"BreadcrumbList\",\"@id\":\"https:\/\/www.easly.nl\/de\/gesundheitstests\/vitamin-b12-bluttest\/#breadcrumb\",\"itemListElement\":[{\"@type\":\"ListItem\",\"position\":1,\"name\":\"Startseite\",\"item\":\"https:\/\/www.easly.nl\/de\/\"},{\"@type\":\"ListItem\",\"position\":2,\"name\":\"Shop\",\"item\":\"https:\/\/www.easly.nl\/shop\/\"},{\"@type\":\"ListItem\",\"position\":3,\"name\":\"Umfassendes Vitamin B12\"}]},{\"@type\":\"WebSite\",\"@id\":\"https:\/\/www.easly.nl\/de\/#website\",\"url\":\"https:\/\/www.easly.nl\/de\/\",\"name\":\"Easly Shop\",\"description\":\"Safe &amp; simple online COVID testing\",\"publisher\":{\"@id\":\"https:\/\/www.easly.nl\/de\/#organization\"},\"potentialAction\":[{\"@type\":\"SearchAction\",\"target\":{\"@type\":\"EntryPoint\",\"urlTemplate\":\"https:\/\/www.easly.nl\/de\/?s={search_term_string}\"},\"query-input\":{\"@type\":\"PropertyValueSpecification\",\"valueRequired\":true,\"valueName\":\"search_term_string\"}}],\"inLanguage\":\"de-DE\"},{\"@type\":\"Organization\",\"@id\":\"https:\/\/www.easly.nl\/de\/#organization\",\"name\":\"Easly.nl\",\"url\":\"https:\/\/www.easly.nl\/de\/\",\"logo\":{\"@type\":\"ImageObject\",\"inLanguage\":\"de-DE\",\"@id\":\"https:\/\/www.easly.nl\/de\/#\/schema\/logo\/image\/\",\"url\":\"https:\/\/www.easly.nl\/wp-content\/uploads\/sites\/13\/2022\/10\/easly_logoslogan_color.png\",\"contentUrl\":\"https:\/\/www.easly.nl\/wp-content\/uploads\/sites\/13\/2022\/10\/easly_logoslogan_color.png\",\"width\":157,\"height\":38,\"caption\":\"Easly.nl\"},\"image\":{\"@id\":\"https:\/\/www.easly.nl\/de\/#\/schema\/logo\/image\/\"}}]}<\/script>\n<!-- \/ Yoast SEO plugin. -->","yoast_head_json":{"title":"Schnell und einfach. Vitamin B12-Bluttest.","description":"Haben Sie Probleme mit den Nerven oder M\u00fcdigkeit? M\u00f6chten Sie Ihr Vitamin B12 testen lassen? Machen Sie den umfassenden Vitamin-B12-Bluttest und erhalten Sie schnelle Gewissheit.","robots":{"index":"index","follow":"follow","max-snippet":"max-snippet:-1","max-image-preview":"max-image-preview:large","max-video-preview":"max-video-preview:-1"},"canonical":"https:\/\/www.easly.nl\/de\/gesundheitstests\/vitamin-b12-bluttest\/","og_locale":"de_DE","og_type":"article","og_title":"Schnell und einfach. Vitamin B12-Bluttest.","og_description":"Haben Sie Probleme mit den Nerven oder M\u00fcdigkeit? M\u00f6chten Sie Ihr Vitamin B12 testen lassen? Machen Sie den umfassenden Vitamin-B12-Bluttest und erhalten Sie schnelle Gewissheit.","og_url":"https:\/\/www.easly.nl\/de\/gesundheitstests\/vitamin-b12-bluttest\/","og_site_name":"Easly Shop","article_modified_time":"2024-11-29T00:05:24+00:00","og_image":[{"width":1044,"height":804,"url":"https:\/\/www.easly.nl\/wp-content\/uploads\/sites\/13\/2023\/08\/Easly-nl-Uitgebreide-Vitamine-B12.webp","type":"image\/webp"}],"twitter_card":"summary_large_image","schema":{"@context":"https:\/\/schema.org","@graph":[{"@type":"WebPage","@id":"https:\/\/www.easly.nl\/de\/gesundheitstests\/vitamin-b12-bluttest\/","url":"https:\/\/www.easly.nl\/de\/gesundheitstests\/vitamin-b12-bluttest\/","name":"Schnell und einfach. Vitamin B12-Bluttest.","isPartOf":{"@id":"https:\/\/www.easly.nl\/de\/#website"},"primaryImageOfPage":{"@id":"https:\/\/www.easly.nl\/de\/gesundheitstests\/vitamin-b12-bluttest\/#primaryimage"},"image":{"@id":"https:\/\/www.easly.nl\/de\/gesundheitstests\/vitamin-b12-bluttest\/#primaryimage"},"thumbnailUrl":"https:\/\/www.easly.nl\/wp-content\/uploads\/sites\/13\/2023\/08\/Easly-nl-Uitgebreide-Vitamine-B12.webp","datePublished":"2023-08-24T09:07:50+00:00","dateModified":"2024-11-29T00:05:24+00:00","description":"Haben Sie Probleme mit den Nerven oder M\u00fcdigkeit? M\u00f6chten Sie Ihr Vitamin B12 testen lassen? Machen Sie den umfassenden Vitamin-B12-Bluttest und erhalten Sie schnelle Gewissheit.","breadcrumb":{"@id":"https:\/\/www.easly.nl\/de\/gesundheitstests\/vitamin-b12-bluttest\/#breadcrumb"},"inLanguage":"de-DE","potentialAction":[{"@type":"ReadAction","target":["https:\/\/www.easly.nl\/de\/gesundheitstests\/vitamin-b12-bluttest\/"]}]},{"@type":"ImageObject","inLanguage":"de-DE","@id":"https:\/\/www.easly.nl\/de\/gesundheitstests\/vitamin-b12-bluttest\/#primaryimage","url":"https:\/\/www.easly.nl\/wp-content\/uploads\/sites\/13\/2023\/08\/Easly-nl-Uitgebreide-Vitamine-B12.webp","contentUrl":"https:\/\/www.easly.nl\/wp-content\/uploads\/sites\/13\/2023\/08\/Easly-nl-Uitgebreide-Vitamine-B12.webp","width":1044,"height":804},{"@type":"BreadcrumbList","@id":"https:\/\/www.easly.nl\/de\/gesundheitstests\/vitamin-b12-bluttest\/#breadcrumb","itemListElement":[{"@type":"ListItem","position":1,"name":"Startseite","item":"https:\/\/www.easly.nl\/de\/"},{"@type":"ListItem","position":2,"name":"Shop","item":"https:\/\/www.easly.nl\/shop\/"},{"@type":"ListItem","position":3,"name":"Umfassendes Vitamin B12"}]},{"@type":"WebSite","@id":"https:\/\/www.easly.nl\/de\/#website","url":"https:\/\/www.easly.nl\/de\/","name":"Easly Shop","description":"Safe &amp; simple online COVID testing","publisher":{"@id":"https:\/\/www.easly.nl\/de\/#organization"},"potentialAction":[{"@type":"SearchAction","target":{"@type":"EntryPoint","urlTemplate":"https:\/\/www.easly.nl\/de\/?s={search_term_string}"},"query-input":{"@type":"PropertyValueSpecification","valueRequired":true,"valueName":"search_term_string"}}],"inLanguage":"de-DE"},{"@type":"Organization","@id":"https:\/\/www.easly.nl\/de\/#organization","name":"Easly.nl","url":"https:\/\/www.easly.nl\/de\/","logo":{"@type":"ImageObject","inLanguage":"de-DE","@id":"https:\/\/www.easly.nl\/de\/#\/schema\/logo\/image\/","url":"https:\/\/www.easly.nl\/wp-content\/uploads\/sites\/13\/2022\/10\/easly_logoslogan_color.png","contentUrl":"https:\/\/www.easly.nl\/wp-content\/uploads\/sites\/13\/2022\/10\/easly_logoslogan_color.png","width":157,"height":38,"caption":"Easly.nl"},"image":{"@id":"https:\/\/www.easly.nl\/de\/#\/schema\/logo\/image\/"}}]}},"_links":{"self":[{"href":"https:\/\/www.easly.nl\/de\/wp-json\/wp\/v2\/product\/43780","targetHints":{"allow":["GET"]}}],"collection":[{"href":"https:\/\/www.easly.nl\/de\/wp-json\/wp\/v2\/product"}],"about":[{"href":"https:\/\/www.easly.nl\/de\/wp-json\/wp\/v2\/types\/product"}],"version-history":[{"count":0,"href":"https:\/\/www.easly.nl\/de\/wp-json\/wp\/v2\/product\/43780\/revisions"}],"wp:featuredmedia":[{"embeddable":true,"href":"https:\/\/www.easly.nl\/de\/wp-json\/wp\/v2\/media\/43781"}],"wp:attachment":[{"href":"https:\/\/www.easly.nl\/de\/wp-json\/wp\/v2\/media?parent=43780"}],"wp:term":[{"taxonomy":"product_cat","embeddable":true,"href":"https:\/\/www.easly.nl\/de\/wp-json\/wp\/v2\/product_cat?post=43780"},{"taxonomy":"product_tag","embeddable":true,"href":"https:\/\/www.easly.nl\/de\/wp-json\/wp\/v2\/product_tag?post=43780"}],"curies":[{"name":"wp","href":"https:\/\/api.w.org\/{rel}","templated":true}]}}