{"id":43741,"date":"2024-03-04T14:18:32","date_gmt":"2024-03-04T14:18:32","guid":{"rendered":"https:\/\/www.easly.nl\/product\/umfassendes-sportpaket\/"},"modified":"2025-07-06T19:47:46","modified_gmt":"2025-07-06T18:47:46","slug":"umfassendes-sportpaket","status":"publish","type":"product","link":"https:\/\/www.easly.nl\/de\/umfangreicher-bluttest-fur-sportler\/","title":{"rendered":"Umfassendes Sportpaket"},"content":{"rendered":"<p>Das Comprehensive Athlete Package ist ein Bluttest, der den Sportlern Aufschluss \u00fcber wichtige Aspekte ihrer Gesundheit gibt. Mit den Testergebnissen in der Hand k\u00f6nnen Sportler ihre Trainingsroutine und Ern\u00e4hrung weiter optimieren. So k\u00f6nnen sie noch bessere Leistungen erbringen.<\/p>\n","protected":false},"excerpt":{"rendered":"<p>Umfassender Bluttest speziell f\u00fcr Sportler. Die Tests umfassen Cortisol, Nierenfunktion, Eisenstatus, Blutbild, Testosteron und Schilddr\u00fcsenfunktion.<\/p>\n","protected":false},"featured_media":43742,"template":"","meta":{"_acf_changed":false,"footnotes":""},"product_cat":[1137,1324,1257],"product_tag":[1143],"class_list":{"0":"post-43741","1":"product","2":"type-product","3":"status-publish","4":"has-post-thumbnail","6":"product_cat-allgemeine-gesundheit","7":"product_cat-venos-de","8":"product_cat-unkategorisiert","9":"product_tag-dieses-produkt-ist-nur-in-den-niederlanden-erhaeltlich","11":"first","12":"outofstock","13":"taxable","14":"shipping-taxable","15":"purchasable","16":"product-type-simple"},"acf":[],"yoast_head":"<!-- This site is optimized with the Yoast SEO plugin v24.3 - https:\/\/yoast.com\/wordpress\/plugins\/seo\/ -->\n<title>Bluttests f\u00fcr Sportler, die ihre Leistung verbessern wollen<\/title>\n<meta name=\"description\" content=\"Wollen Sie im Fitnessstudio mehr leisten? Bluttests f\u00fcr Sportler liefern wertvolle Informationen. Machen Sie den Umfassenden Bluttest f\u00fcr Athleten.\" \/>\n<meta name=\"robots\" content=\"index, follow, max-snippet:-1, max-image-preview:large, max-video-preview:-1\" \/>\n<link rel=\"canonical\" href=\"https:\/\/www.easly.nl\/de\/umfangreicher-bluttest-fur-sportler\/\" \/>\n<meta property=\"og:locale\" content=\"de_DE\" \/>\n<meta property=\"og:type\" content=\"article\" \/>\n<meta property=\"og:title\" content=\"Bluttests f\u00fcr Sportler, die ihre Leistung verbessern wollen\" \/>\n<meta property=\"og:description\" content=\"Wollen Sie im Fitnessstudio mehr leisten? Bluttests f\u00fcr Sportler liefern wertvolle Informationen. Machen Sie den Umfassenden Bluttest f\u00fcr Athleten.\" \/>\n<meta property=\"og:url\" content=\"https:\/\/www.easly.nl\/de\/umfangreicher-bluttest-fur-sportler\/\" \/>\n<meta property=\"og:site_name\" content=\"Easly Shop\" \/>\n<meta property=\"article:modified_time\" content=\"2025-07-06T18:47:46+00:00\" \/>\n<meta property=\"og:image\" content=\"https:\/\/www.easly.nl\/wp-content\/uploads\/sites\/13\/2024\/03\/Easly-nl-Uitgebreid-Sporterspakket.webp\" \/>\n\t<meta property=\"og:image:width\" content=\"1044\" \/>\n\t<meta property=\"og:image:height\" content=\"804\" \/>\n\t<meta property=\"og:image:type\" content=\"image\/webp\" \/>\n<meta name=\"twitter:card\" content=\"summary_large_image\" \/>\n<meta name=\"twitter:label1\" content=\"Gesch\u00e4tzte Lesezeit\" \/>\n\t<meta name=\"twitter:data1\" content=\"1 Minute\" \/>\n<script type=\"application\/ld+json\" class=\"yoast-schema-graph\">{\"@context\":\"https:\/\/schema.org\",\"@graph\":[{\"@type\":\"WebPage\",\"@id\":\"https:\/\/www.easly.nl\/de\/umfangreicher-bluttest-fur-sportler\/\",\"url\":\"https:\/\/www.easly.nl\/de\/umfangreicher-bluttest-fur-sportler\/\",\"name\":\"Bluttests f\u00fcr Sportler, die ihre Leistung verbessern wollen\",\"isPartOf\":{\"@id\":\"https:\/\/www.easly.nl\/de\/#website\"},\"primaryImageOfPage\":{\"@id\":\"https:\/\/www.easly.nl\/de\/umfangreicher-bluttest-fur-sportler\/#primaryimage\"},\"image\":{\"@id\":\"https:\/\/www.easly.nl\/de\/umfangreicher-bluttest-fur-sportler\/#primaryimage\"},\"thumbnailUrl\":\"https:\/\/www.easly.nl\/wp-content\/uploads\/sites\/13\/2024\/03\/Easly-nl-Uitgebreid-Sporterspakket.webp\",\"datePublished\":\"2024-03-04T14:18:32+00:00\",\"dateModified\":\"2025-07-06T18:47:46+00:00\",\"description\":\"Wollen Sie im Fitnessstudio mehr leisten? Bluttests f\u00fcr Sportler liefern wertvolle Informationen. Machen Sie den Umfassenden Bluttest f\u00fcr Athleten.\",\"breadcrumb\":{\"@id\":\"https:\/\/www.easly.nl\/de\/umfangreicher-bluttest-fur-sportler\/#breadcrumb\"},\"inLanguage\":\"de-DE\",\"potentialAction\":[{\"@type\":\"ReadAction\",\"target\":[\"https:\/\/www.easly.nl\/de\/umfangreicher-bluttest-fur-sportler\/\"]}]},{\"@type\":\"ImageObject\",\"inLanguage\":\"de-DE\",\"@id\":\"https:\/\/www.easly.nl\/de\/umfangreicher-bluttest-fur-sportler\/#primaryimage\",\"url\":\"https:\/\/www.easly.nl\/wp-content\/uploads\/sites\/13\/2024\/03\/Easly-nl-Uitgebreid-Sporterspakket.webp\",\"contentUrl\":\"https:\/\/www.easly.nl\/wp-content\/uploads\/sites\/13\/2024\/03\/Easly-nl-Uitgebreid-Sporterspakket.webp\",\"width\":1044,\"height\":804},{\"@type\":\"BreadcrumbList\",\"@id\":\"https:\/\/www.easly.nl\/de\/umfangreicher-bluttest-fur-sportler\/#breadcrumb\",\"itemListElement\":[{\"@type\":\"ListItem\",\"position\":1,\"name\":\"Startseite\",\"item\":\"https:\/\/www.easly.nl\/de\/\"},{\"@type\":\"ListItem\",\"position\":2,\"name\":\"Shop\",\"item\":\"https:\/\/www.easly.nl\/shop\/\"},{\"@type\":\"ListItem\",\"position\":3,\"name\":\"Umfassendes Sportpaket\"}]},{\"@type\":\"WebSite\",\"@id\":\"https:\/\/www.easly.nl\/de\/#website\",\"url\":\"https:\/\/www.easly.nl\/de\/\",\"name\":\"Easly Shop\",\"description\":\"Safe &amp; simple online COVID testing\",\"publisher\":{\"@id\":\"https:\/\/www.easly.nl\/de\/#organization\"},\"potentialAction\":[{\"@type\":\"SearchAction\",\"target\":{\"@type\":\"EntryPoint\",\"urlTemplate\":\"https:\/\/www.easly.nl\/de\/?s={search_term_string}\"},\"query-input\":{\"@type\":\"PropertyValueSpecification\",\"valueRequired\":true,\"valueName\":\"search_term_string\"}}],\"inLanguage\":\"de-DE\"},{\"@type\":\"Organization\",\"@id\":\"https:\/\/www.easly.nl\/de\/#organization\",\"name\":\"Easly.nl\",\"url\":\"https:\/\/www.easly.nl\/de\/\",\"logo\":{\"@type\":\"ImageObject\",\"inLanguage\":\"de-DE\",\"@id\":\"https:\/\/www.easly.nl\/de\/#\/schema\/logo\/image\/\",\"url\":\"https:\/\/www.easly.nl\/wp-content\/uploads\/sites\/13\/2022\/10\/easly_logoslogan_color.png\",\"contentUrl\":\"https:\/\/www.easly.nl\/wp-content\/uploads\/sites\/13\/2022\/10\/easly_logoslogan_color.png\",\"width\":157,\"height\":38,\"caption\":\"Easly.nl\"},\"image\":{\"@id\":\"https:\/\/www.easly.nl\/de\/#\/schema\/logo\/image\/\"}}]}<\/script>\n<!-- \/ Yoast SEO plugin. -->","yoast_head_json":{"title":"Bluttests f\u00fcr Sportler, die ihre Leistung verbessern wollen","description":"Wollen Sie im Fitnessstudio mehr leisten? Bluttests f\u00fcr Sportler liefern wertvolle Informationen. Machen Sie den Umfassenden Bluttest f\u00fcr Athleten.","robots":{"index":"index","follow":"follow","max-snippet":"max-snippet:-1","max-image-preview":"max-image-preview:large","max-video-preview":"max-video-preview:-1"},"canonical":"https:\/\/www.easly.nl\/de\/umfangreicher-bluttest-fur-sportler\/","og_locale":"de_DE","og_type":"article","og_title":"Bluttests f\u00fcr Sportler, die ihre Leistung verbessern wollen","og_description":"Wollen Sie im Fitnessstudio mehr leisten? Bluttests f\u00fcr Sportler liefern wertvolle Informationen. Machen Sie den Umfassenden Bluttest f\u00fcr Athleten.","og_url":"https:\/\/www.easly.nl\/de\/umfangreicher-bluttest-fur-sportler\/","og_site_name":"Easly Shop","article_modified_time":"2025-07-06T18:47:46+00:00","og_image":[{"width":1044,"height":804,"url":"https:\/\/www.easly.nl\/wp-content\/uploads\/sites\/13\/2024\/03\/Easly-nl-Uitgebreid-Sporterspakket.webp","type":"image\/webp"}],"twitter_card":"summary_large_image","twitter_misc":{"Gesch\u00e4tzte Lesezeit":"1 Minute"},"schema":{"@context":"https:\/\/schema.org","@graph":[{"@type":"WebPage","@id":"https:\/\/www.easly.nl\/de\/umfangreicher-bluttest-fur-sportler\/","url":"https:\/\/www.easly.nl\/de\/umfangreicher-bluttest-fur-sportler\/","name":"Bluttests f\u00fcr Sportler, die ihre Leistung verbessern wollen","isPartOf":{"@id":"https:\/\/www.easly.nl\/de\/#website"},"primaryImageOfPage":{"@id":"https:\/\/www.easly.nl\/de\/umfangreicher-bluttest-fur-sportler\/#primaryimage"},"image":{"@id":"https:\/\/www.easly.nl\/de\/umfangreicher-bluttest-fur-sportler\/#primaryimage"},"thumbnailUrl":"https:\/\/www.easly.nl\/wp-content\/uploads\/sites\/13\/2024\/03\/Easly-nl-Uitgebreid-Sporterspakket.webp","datePublished":"2024-03-04T14:18:32+00:00","dateModified":"2025-07-06T18:47:46+00:00","description":"Wollen Sie im Fitnessstudio mehr leisten? Bluttests f\u00fcr Sportler liefern wertvolle Informationen. Machen Sie den Umfassenden Bluttest f\u00fcr Athleten.","breadcrumb":{"@id":"https:\/\/www.easly.nl\/de\/umfangreicher-bluttest-fur-sportler\/#breadcrumb"},"inLanguage":"de-DE","potentialAction":[{"@type":"ReadAction","target":["https:\/\/www.easly.nl\/de\/umfangreicher-bluttest-fur-sportler\/"]}]},{"@type":"ImageObject","inLanguage":"de-DE","@id":"https:\/\/www.easly.nl\/de\/umfangreicher-bluttest-fur-sportler\/#primaryimage","url":"https:\/\/www.easly.nl\/wp-content\/uploads\/sites\/13\/2024\/03\/Easly-nl-Uitgebreid-Sporterspakket.webp","contentUrl":"https:\/\/www.easly.nl\/wp-content\/uploads\/sites\/13\/2024\/03\/Easly-nl-Uitgebreid-Sporterspakket.webp","width":1044,"height":804},{"@type":"BreadcrumbList","@id":"https:\/\/www.easly.nl\/de\/umfangreicher-bluttest-fur-sportler\/#breadcrumb","itemListElement":[{"@type":"ListItem","position":1,"name":"Startseite","item":"https:\/\/www.easly.nl\/de\/"},{"@type":"ListItem","position":2,"name":"Shop","item":"https:\/\/www.easly.nl\/shop\/"},{"@type":"ListItem","position":3,"name":"Umfassendes Sportpaket"}]},{"@type":"WebSite","@id":"https:\/\/www.easly.nl\/de\/#website","url":"https:\/\/www.easly.nl\/de\/","name":"Easly Shop","description":"Safe &amp; simple online COVID testing","publisher":{"@id":"https:\/\/www.easly.nl\/de\/#organization"},"potentialAction":[{"@type":"SearchAction","target":{"@type":"EntryPoint","urlTemplate":"https:\/\/www.easly.nl\/de\/?s={search_term_string}"},"query-input":{"@type":"PropertyValueSpecification","valueRequired":true,"valueName":"search_term_string"}}],"inLanguage":"de-DE"},{"@type":"Organization","@id":"https:\/\/www.easly.nl\/de\/#organization","name":"Easly.nl","url":"https:\/\/www.easly.nl\/de\/","logo":{"@type":"ImageObject","inLanguage":"de-DE","@id":"https:\/\/www.easly.nl\/de\/#\/schema\/logo\/image\/","url":"https:\/\/www.easly.nl\/wp-content\/uploads\/sites\/13\/2022\/10\/easly_logoslogan_color.png","contentUrl":"https:\/\/www.easly.nl\/wp-content\/uploads\/sites\/13\/2022\/10\/easly_logoslogan_color.png","width":157,"height":38,"caption":"Easly.nl"},"image":{"@id":"https:\/\/www.easly.nl\/de\/#\/schema\/logo\/image\/"}}]}},"_links":{"self":[{"href":"https:\/\/www.easly.nl\/de\/wp-json\/wp\/v2\/product\/43741","targetHints":{"allow":["GET"]}}],"collection":[{"href":"https:\/\/www.easly.nl\/de\/wp-json\/wp\/v2\/product"}],"about":[{"href":"https:\/\/www.easly.nl\/de\/wp-json\/wp\/v2\/types\/product"}],"version-history":[{"count":1,"href":"https:\/\/www.easly.nl\/de\/wp-json\/wp\/v2\/product\/43741\/revisions"}],"predecessor-version":[{"id":49994,"href":"https:\/\/www.easly.nl\/de\/wp-json\/wp\/v2\/product\/43741\/revisions\/49994"}],"wp:featuredmedia":[{"embeddable":true,"href":"https:\/\/www.easly.nl\/de\/wp-json\/wp\/v2\/media\/43742"}],"wp:attachment":[{"href":"https:\/\/www.easly.nl\/de\/wp-json\/wp\/v2\/media?parent=43741"}],"wp:term":[{"taxonomy":"product_cat","embeddable":true,"href":"https:\/\/www.easly.nl\/de\/wp-json\/wp\/v2\/product_cat?post=43741"},{"taxonomy":"product_tag","embeddable":true,"href":"https:\/\/www.easly.nl\/de\/wp-json\/wp\/v2\/product_tag?post=43741"}],"curies":[{"name":"wp","href":"https:\/\/api.w.org\/{rel}","templated":true}]}}