{"id":43734,"date":"2024-03-05T17:26:40","date_gmt":"2024-03-05T17:26:40","guid":{"rendered":"https:\/\/www.easly.nl\/product\/veganer-vegetarier-bluttest\/"},"modified":"2025-07-06T20:22:48","modified_gmt":"2025-07-06T19:22:48","slug":"veganer-vegetarier-bluttest","status":"publish","type":"product","link":"https:\/\/www.easly.nl\/de\/vegetarischer-veganer-bluttest\/","title":{"rendered":"Veganer &amp; Vegetarier Bluttest"},"content":{"rendered":"<p>Der Easly-Vitaminmangeltest f\u00fcr Vegetarier untersucht die Blutwerte durch einen einfachen Stich in den Finger. Mit diesem pr\u00e4ventiven Gesundheitstest k\u00f6nnen Sie ganz einfach zu Hause \u00fcberpr\u00fcfen, ob Ihr typischer Vegetarier Vitaminm\u00e4ngel aufweist. Vegetarier und Veganer erhalten aufgrund ihrer ver\u00e4nderten Ern\u00e4hrung bestimmte (wichtige) N\u00e4hrstoffe weniger, was zu gesundheitlichen Problemen f\u00fchren kann. Mit diesem Test wird u. a. der Gehalt an Vitamin B12, Vitamin D, Eisen usw. gemessen, so dass Sie Ihren Lebensstil oder Ihre Nahrungserg\u00e4nzung bei Bedarf anpassen k\u00f6nnen.<\/p>\n","protected":false},"excerpt":{"rendered":"<p>Wer sich \u00fcberwiegend pflanzlich ern\u00e4hrt, hat wahrscheinlich einen Mangel an Vitaminen und Mineralstoffen. Mit diesem Test wird festgestellt, ob Ihr Blut in Ordnung ist. Ergebnisse in 2-5 Tagen.<\/p>\n","protected":false},"featured_media":43738,"template":"","meta":{"_acf_changed":false,"footnotes":""},"product_cat":[1138,1257],"product_tag":[1144],"class_list":{"0":"post-43734","1":"product","2":"type-product","3":"status-publish","4":"has-post-thumbnail","6":"product_cat-lebensstil-vitamine","7":"product_cat-unkategorisiert","8":"product_tag-medizinische-interpretation-und-beratung","10":"first","11":"instock","12":"sale","13":"taxable","14":"shipping-taxable","15":"purchasable","16":"product-type-simple"},"acf":[],"yoast_head":"<!-- This site is optimized with the Yoast SEO plugin v24.3 - https:\/\/yoast.com\/wordpress\/plugins\/seo\/ -->\n<title>Machen Sie den vegetarischen Vitaminmangeltest<\/title>\n<meta name=\"description\" content=\"Haben Sie als Vegetarier Angst vor Vitaminmangel? Dann kaufen Sie einen vegetarischen Bluttest\/Selbsttest bei Easly. Entdecken Sie schnell eventuelle Vitaminm\u00e4ngel als Vegetarier.\" \/>\n<meta name=\"robots\" content=\"index, follow, max-snippet:-1, max-image-preview:large, max-video-preview:-1\" \/>\n<link rel=\"canonical\" href=\"https:\/\/www.easly.nl\/de\/vegetarischer-veganer-bluttest\/\" \/>\n<meta property=\"og:locale\" content=\"de_DE\" \/>\n<meta property=\"og:type\" content=\"article\" \/>\n<meta property=\"og:title\" content=\"Machen Sie den vegetarischen Vitaminmangeltest\" \/>\n<meta property=\"og:description\" content=\"Haben Sie als Vegetarier Angst vor Vitaminmangel? Dann kaufen Sie einen vegetarischen Bluttest\/Selbsttest bei Easly. Entdecken Sie schnell eventuelle Vitaminm\u00e4ngel als Vegetarier.\" \/>\n<meta property=\"og:url\" content=\"https:\/\/www.easly.nl\/de\/vegetarischer-veganer-bluttest\/\" \/>\n<meta property=\"og:site_name\" content=\"Easly Shop\" \/>\n<meta property=\"article:modified_time\" content=\"2025-07-06T19:22:48+00:00\" \/>\n<meta property=\"og:image\" content=\"https:\/\/www.easly.nl\/wp-content\/uploads\/sites\/13\/2022\/09\/Easly-Veganisten-_-vegetariers-8720256100362.webp\" \/>\n\t<meta property=\"og:image:width\" content=\"1044\" \/>\n\t<meta property=\"og:image:height\" content=\"804\" \/>\n\t<meta property=\"og:image:type\" content=\"image\/webp\" \/>\n<meta name=\"twitter:card\" content=\"summary_large_image\" \/>\n<script type=\"application\/ld+json\" class=\"yoast-schema-graph\">{\"@context\":\"https:\/\/schema.org\",\"@graph\":[{\"@type\":\"WebPage\",\"@id\":\"https:\/\/www.easly.nl\/de\/vegetarischer-veganer-bluttest\/\",\"url\":\"https:\/\/www.easly.nl\/de\/vegetarischer-veganer-bluttest\/\",\"name\":\"Machen Sie den vegetarischen Vitaminmangeltest\",\"isPartOf\":{\"@id\":\"https:\/\/www.easly.nl\/de\/#website\"},\"primaryImageOfPage\":{\"@id\":\"https:\/\/www.easly.nl\/de\/vegetarischer-veganer-bluttest\/#primaryimage\"},\"image\":{\"@id\":\"https:\/\/www.easly.nl\/de\/vegetarischer-veganer-bluttest\/#primaryimage\"},\"thumbnailUrl\":\"https:\/\/www.easly.nl\/wp-content\/uploads\/sites\/13\/2022\/09\/Easly-Veganisten-_-vegetariers-8720256100362.webp\",\"datePublished\":\"2024-03-05T17:26:40+00:00\",\"dateModified\":\"2025-07-06T19:22:48+00:00\",\"description\":\"Haben Sie als Vegetarier Angst vor Vitaminmangel? Dann kaufen Sie einen vegetarischen Bluttest\/Selbsttest bei Easly. Entdecken Sie schnell eventuelle Vitaminm\u00e4ngel als Vegetarier.\",\"breadcrumb\":{\"@id\":\"https:\/\/www.easly.nl\/de\/vegetarischer-veganer-bluttest\/#breadcrumb\"},\"inLanguage\":\"de-DE\",\"potentialAction\":[{\"@type\":\"ReadAction\",\"target\":[\"https:\/\/www.easly.nl\/de\/vegetarischer-veganer-bluttest\/\"]}]},{\"@type\":\"ImageObject\",\"inLanguage\":\"de-DE\",\"@id\":\"https:\/\/www.easly.nl\/de\/vegetarischer-veganer-bluttest\/#primaryimage\",\"url\":\"https:\/\/www.easly.nl\/wp-content\/uploads\/sites\/13\/2022\/09\/Easly-Veganisten-_-vegetariers-8720256100362.webp\",\"contentUrl\":\"https:\/\/www.easly.nl\/wp-content\/uploads\/sites\/13\/2022\/09\/Easly-Veganisten-_-vegetariers-8720256100362.webp\",\"width\":1044,\"height\":804},{\"@type\":\"BreadcrumbList\",\"@id\":\"https:\/\/www.easly.nl\/de\/vegetarischer-veganer-bluttest\/#breadcrumb\",\"itemListElement\":[{\"@type\":\"ListItem\",\"position\":1,\"name\":\"Startseite\",\"item\":\"https:\/\/www.easly.nl\/de\/\"},{\"@type\":\"ListItem\",\"position\":2,\"name\":\"Shop\",\"item\":\"https:\/\/www.easly.nl\/shop\/\"},{\"@type\":\"ListItem\",\"position\":3,\"name\":\"Veganer &amp; Vegetarier Bluttest\"}]},{\"@type\":\"WebSite\",\"@id\":\"https:\/\/www.easly.nl\/de\/#website\",\"url\":\"https:\/\/www.easly.nl\/de\/\",\"name\":\"Easly Shop\",\"description\":\"Safe &amp; simple online COVID testing\",\"publisher\":{\"@id\":\"https:\/\/www.easly.nl\/de\/#organization\"},\"potentialAction\":[{\"@type\":\"SearchAction\",\"target\":{\"@type\":\"EntryPoint\",\"urlTemplate\":\"https:\/\/www.easly.nl\/de\/?s={search_term_string}\"},\"query-input\":{\"@type\":\"PropertyValueSpecification\",\"valueRequired\":true,\"valueName\":\"search_term_string\"}}],\"inLanguage\":\"de-DE\"},{\"@type\":\"Organization\",\"@id\":\"https:\/\/www.easly.nl\/de\/#organization\",\"name\":\"Easly.nl\",\"url\":\"https:\/\/www.easly.nl\/de\/\",\"logo\":{\"@type\":\"ImageObject\",\"inLanguage\":\"de-DE\",\"@id\":\"https:\/\/www.easly.nl\/de\/#\/schema\/logo\/image\/\",\"url\":\"https:\/\/www.easly.nl\/wp-content\/uploads\/sites\/13\/2022\/10\/easly_logoslogan_color.png\",\"contentUrl\":\"https:\/\/www.easly.nl\/wp-content\/uploads\/sites\/13\/2022\/10\/easly_logoslogan_color.png\",\"width\":157,\"height\":38,\"caption\":\"Easly.nl\"},\"image\":{\"@id\":\"https:\/\/www.easly.nl\/de\/#\/schema\/logo\/image\/\"}}]}<\/script>\n<!-- \/ Yoast SEO plugin. -->","yoast_head_json":{"title":"Machen Sie den vegetarischen Vitaminmangeltest","description":"Haben Sie als Vegetarier Angst vor Vitaminmangel? Dann kaufen Sie einen vegetarischen Bluttest\/Selbsttest bei Easly. Entdecken Sie schnell eventuelle Vitaminm\u00e4ngel als Vegetarier.","robots":{"index":"index","follow":"follow","max-snippet":"max-snippet:-1","max-image-preview":"max-image-preview:large","max-video-preview":"max-video-preview:-1"},"canonical":"https:\/\/www.easly.nl\/de\/vegetarischer-veganer-bluttest\/","og_locale":"de_DE","og_type":"article","og_title":"Machen Sie den vegetarischen Vitaminmangeltest","og_description":"Haben Sie als Vegetarier Angst vor Vitaminmangel? Dann kaufen Sie einen vegetarischen Bluttest\/Selbsttest bei Easly. Entdecken Sie schnell eventuelle Vitaminm\u00e4ngel als Vegetarier.","og_url":"https:\/\/www.easly.nl\/de\/vegetarischer-veganer-bluttest\/","og_site_name":"Easly Shop","article_modified_time":"2025-07-06T19:22:48+00:00","og_image":[{"width":1044,"height":804,"url":"https:\/\/www.easly.nl\/wp-content\/uploads\/sites\/13\/2022\/09\/Easly-Veganisten-_-vegetariers-8720256100362.webp","type":"image\/webp"}],"twitter_card":"summary_large_image","schema":{"@context":"https:\/\/schema.org","@graph":[{"@type":"WebPage","@id":"https:\/\/www.easly.nl\/de\/vegetarischer-veganer-bluttest\/","url":"https:\/\/www.easly.nl\/de\/vegetarischer-veganer-bluttest\/","name":"Machen Sie den vegetarischen Vitaminmangeltest","isPartOf":{"@id":"https:\/\/www.easly.nl\/de\/#website"},"primaryImageOfPage":{"@id":"https:\/\/www.easly.nl\/de\/vegetarischer-veganer-bluttest\/#primaryimage"},"image":{"@id":"https:\/\/www.easly.nl\/de\/vegetarischer-veganer-bluttest\/#primaryimage"},"thumbnailUrl":"https:\/\/www.easly.nl\/wp-content\/uploads\/sites\/13\/2022\/09\/Easly-Veganisten-_-vegetariers-8720256100362.webp","datePublished":"2024-03-05T17:26:40+00:00","dateModified":"2025-07-06T19:22:48+00:00","description":"Haben Sie als Vegetarier Angst vor Vitaminmangel? Dann kaufen Sie einen vegetarischen Bluttest\/Selbsttest bei Easly. Entdecken Sie schnell eventuelle Vitaminm\u00e4ngel als Vegetarier.","breadcrumb":{"@id":"https:\/\/www.easly.nl\/de\/vegetarischer-veganer-bluttest\/#breadcrumb"},"inLanguage":"de-DE","potentialAction":[{"@type":"ReadAction","target":["https:\/\/www.easly.nl\/de\/vegetarischer-veganer-bluttest\/"]}]},{"@type":"ImageObject","inLanguage":"de-DE","@id":"https:\/\/www.easly.nl\/de\/vegetarischer-veganer-bluttest\/#primaryimage","url":"https:\/\/www.easly.nl\/wp-content\/uploads\/sites\/13\/2022\/09\/Easly-Veganisten-_-vegetariers-8720256100362.webp","contentUrl":"https:\/\/www.easly.nl\/wp-content\/uploads\/sites\/13\/2022\/09\/Easly-Veganisten-_-vegetariers-8720256100362.webp","width":1044,"height":804},{"@type":"BreadcrumbList","@id":"https:\/\/www.easly.nl\/de\/vegetarischer-veganer-bluttest\/#breadcrumb","itemListElement":[{"@type":"ListItem","position":1,"name":"Startseite","item":"https:\/\/www.easly.nl\/de\/"},{"@type":"ListItem","position":2,"name":"Shop","item":"https:\/\/www.easly.nl\/shop\/"},{"@type":"ListItem","position":3,"name":"Veganer &amp; Vegetarier Bluttest"}]},{"@type":"WebSite","@id":"https:\/\/www.easly.nl\/de\/#website","url":"https:\/\/www.easly.nl\/de\/","name":"Easly Shop","description":"Safe &amp; simple online COVID testing","publisher":{"@id":"https:\/\/www.easly.nl\/de\/#organization"},"potentialAction":[{"@type":"SearchAction","target":{"@type":"EntryPoint","urlTemplate":"https:\/\/www.easly.nl\/de\/?s={search_term_string}"},"query-input":{"@type":"PropertyValueSpecification","valueRequired":true,"valueName":"search_term_string"}}],"inLanguage":"de-DE"},{"@type":"Organization","@id":"https:\/\/www.easly.nl\/de\/#organization","name":"Easly.nl","url":"https:\/\/www.easly.nl\/de\/","logo":{"@type":"ImageObject","inLanguage":"de-DE","@id":"https:\/\/www.easly.nl\/de\/#\/schema\/logo\/image\/","url":"https:\/\/www.easly.nl\/wp-content\/uploads\/sites\/13\/2022\/10\/easly_logoslogan_color.png","contentUrl":"https:\/\/www.easly.nl\/wp-content\/uploads\/sites\/13\/2022\/10\/easly_logoslogan_color.png","width":157,"height":38,"caption":"Easly.nl"},"image":{"@id":"https:\/\/www.easly.nl\/de\/#\/schema\/logo\/image\/"}}]}},"_links":{"self":[{"href":"https:\/\/www.easly.nl\/de\/wp-json\/wp\/v2\/product\/43734","targetHints":{"allow":["GET"]}}],"collection":[{"href":"https:\/\/www.easly.nl\/de\/wp-json\/wp\/v2\/product"}],"about":[{"href":"https:\/\/www.easly.nl\/de\/wp-json\/wp\/v2\/types\/product"}],"version-history":[{"count":1,"href":"https:\/\/www.easly.nl\/de\/wp-json\/wp\/v2\/product\/43734\/revisions"}],"predecessor-version":[{"id":50000,"href":"https:\/\/www.easly.nl\/de\/wp-json\/wp\/v2\/product\/43734\/revisions\/50000"}],"wp:featuredmedia":[{"embeddable":true,"href":"https:\/\/www.easly.nl\/de\/wp-json\/wp\/v2\/media\/43738"}],"wp:attachment":[{"href":"https:\/\/www.easly.nl\/de\/wp-json\/wp\/v2\/media?parent=43734"}],"wp:term":[{"taxonomy":"product_cat","embeddable":true,"href":"https:\/\/www.easly.nl\/de\/wp-json\/wp\/v2\/product_cat?post=43734"},{"taxonomy":"product_tag","embeddable":true,"href":"https:\/\/www.easly.nl\/de\/wp-json\/wp\/v2\/product_tag?post=43734"}],"curies":[{"name":"wp","href":"https:\/\/api.w.org\/{rel}","templated":true}]}}