{"id":43732,"date":"2024-03-07T11:58:09","date_gmt":"2024-03-07T11:58:09","guid":{"rendered":"https:\/\/www.easly.nl\/product\/umfassender-bluttest\/"},"modified":"2025-07-06T19:37:54","modified_gmt":"2025-07-06T18:37:54","slug":"umfassender-bluttest","status":"publish","type":"product","link":"https:\/\/www.easly.nl\/de\/gesundheitstests\/umfangreicher-bluttest\/","title":{"rendered":"Umfassender Bluttest"},"content":{"rendered":"<p>Das Blut, das durch unsere Adern flie\u00dft, ist ein wichtiger Tr\u00e4ger von Informationen \u00fcber die Gesundheit unseres Herzens, unserer Blutgef\u00e4\u00dfe und Organe. Mit dem Paket \u201eUmfassender Bluttest\u201c bietet Easly einen niedrigschwelligen, \u00e4u\u00dferst umfassenden Bluttest an, der Ihnen schnell ein genaues Bild Ihres Gesundheitszustands vermittelt. Bitte beachten Sie, dass Sie f\u00fcr diesen Test n\u00fcchtern sein m\u00fcssen.<\/p>\n","protected":false},"excerpt":{"rendered":"<p>Der umfassendste Bluttest. Neben der kardiovaskul\u00e4ren Gesundheit werden auch die Organfunktionen, Diabetes und der Vitaminstatus getestet.<\/p>\n","protected":false},"featured_media":43733,"template":"","meta":{"_acf_changed":false,"footnotes":""},"product_cat":[1137,1324,1257],"product_tag":[2002],"class_list":{"0":"post-43732","1":"product","2":"type-product","3":"status-publish","4":"has-post-thumbnail","6":"product_cat-allgemeine-gesundheit","7":"product_cat-venos-de","8":"product_cat-unkategorisiert","9":"product_tag-jetzt-im-preis-reduziert","11":"first","12":"outofstock","13":"sale","14":"taxable","15":"shipping-taxable","16":"purchasable","17":"product-type-simple"},"acf":[],"yoast_head":"<!-- This site is optimized with the Yoast SEO plugin v24.3 - https:\/\/yoast.com\/wordpress\/plugins\/seo\/ -->\n<title>Umfassender Gro\u00dfes Blutbild: der gr\u00fcndliche Gesundheitscheck<\/title>\n<meta name=\"description\" content=\"Wollen Sie herausfinden, ob Ihre Organe richtig funktionieren und Ihr Blut gesund ist? M\u00f6chten Sie mehr \u00fcber Ihr Risiko f\u00fcr Herz-Kreislauf-Erkrankungen wissen? Machen Sie den umfassenden gro\u00dfes blutbild von Easly.\" \/>\n<meta name=\"robots\" content=\"index, follow, max-snippet:-1, max-image-preview:large, max-video-preview:-1\" \/>\n<link rel=\"canonical\" href=\"https:\/\/www.easly.nl\/de\/gesundheitstests\/umfangreicher-bluttest\/\" \/>\n<meta property=\"og:locale\" content=\"de_DE\" \/>\n<meta property=\"og:type\" content=\"article\" \/>\n<meta property=\"og:title\" content=\"Umfassender Gro\u00dfes Blutbild: der gr\u00fcndliche Gesundheitscheck\" \/>\n<meta property=\"og:description\" content=\"Wollen Sie herausfinden, ob Ihre Organe richtig funktionieren und Ihr Blut gesund ist? M\u00f6chten Sie mehr \u00fcber Ihr Risiko f\u00fcr Herz-Kreislauf-Erkrankungen wissen? Machen Sie den umfassenden gro\u00dfes blutbild von Easly.\" \/>\n<meta property=\"og:url\" content=\"https:\/\/www.easly.nl\/de\/gesundheitstests\/umfangreicher-bluttest\/\" \/>\n<meta property=\"og:site_name\" content=\"Easly Shop\" \/>\n<meta property=\"article:modified_time\" content=\"2025-07-06T18:37:54+00:00\" \/>\n<meta property=\"og:image\" content=\"https:\/\/www.easly.nl\/wp-content\/uploads\/sites\/13\/2024\/03\/Easly-nl-Uitgebreid-bloedonderzoek.webp\" \/>\n\t<meta property=\"og:image:width\" content=\"1044\" \/>\n\t<meta property=\"og:image:height\" content=\"804\" \/>\n\t<meta property=\"og:image:type\" content=\"image\/webp\" \/>\n<meta name=\"twitter:card\" content=\"summary_large_image\" \/>\n<meta name=\"twitter:label1\" content=\"Gesch\u00e4tzte Lesezeit\" \/>\n\t<meta name=\"twitter:data1\" content=\"1 Minute\" \/>\n<script type=\"application\/ld+json\" class=\"yoast-schema-graph\">{\"@context\":\"https:\/\/schema.org\",\"@graph\":[{\"@type\":\"WebPage\",\"@id\":\"https:\/\/www.easly.nl\/de\/gesundheitstests\/umfangreicher-bluttest\/\",\"url\":\"https:\/\/www.easly.nl\/de\/gesundheitstests\/umfangreicher-bluttest\/\",\"name\":\"Umfassender Gro\u00dfes Blutbild: der gr\u00fcndliche Gesundheitscheck\",\"isPartOf\":{\"@id\":\"https:\/\/www.easly.nl\/de\/#website\"},\"primaryImageOfPage\":{\"@id\":\"https:\/\/www.easly.nl\/de\/gesundheitstests\/umfangreicher-bluttest\/#primaryimage\"},\"image\":{\"@id\":\"https:\/\/www.easly.nl\/de\/gesundheitstests\/umfangreicher-bluttest\/#primaryimage\"},\"thumbnailUrl\":\"https:\/\/www.easly.nl\/wp-content\/uploads\/sites\/13\/2024\/03\/Easly-nl-Uitgebreid-bloedonderzoek.webp\",\"datePublished\":\"2024-03-07T11:58:09+00:00\",\"dateModified\":\"2025-07-06T18:37:54+00:00\",\"description\":\"Wollen Sie herausfinden, ob Ihre Organe richtig funktionieren und Ihr Blut gesund ist? M\u00f6chten Sie mehr \u00fcber Ihr Risiko f\u00fcr Herz-Kreislauf-Erkrankungen wissen? Machen Sie den umfassenden gro\u00dfes blutbild von Easly.\",\"breadcrumb\":{\"@id\":\"https:\/\/www.easly.nl\/de\/gesundheitstests\/umfangreicher-bluttest\/#breadcrumb\"},\"inLanguage\":\"de-DE\",\"potentialAction\":[{\"@type\":\"ReadAction\",\"target\":[\"https:\/\/www.easly.nl\/de\/gesundheitstests\/umfangreicher-bluttest\/\"]}]},{\"@type\":\"ImageObject\",\"inLanguage\":\"de-DE\",\"@id\":\"https:\/\/www.easly.nl\/de\/gesundheitstests\/umfangreicher-bluttest\/#primaryimage\",\"url\":\"https:\/\/www.easly.nl\/wp-content\/uploads\/sites\/13\/2024\/03\/Easly-nl-Uitgebreid-bloedonderzoek.webp\",\"contentUrl\":\"https:\/\/www.easly.nl\/wp-content\/uploads\/sites\/13\/2024\/03\/Easly-nl-Uitgebreid-bloedonderzoek.webp\",\"width\":1044,\"height\":804},{\"@type\":\"BreadcrumbList\",\"@id\":\"https:\/\/www.easly.nl\/de\/gesundheitstests\/umfangreicher-bluttest\/#breadcrumb\",\"itemListElement\":[{\"@type\":\"ListItem\",\"position\":1,\"name\":\"Startseite\",\"item\":\"https:\/\/www.easly.nl\/de\/\"},{\"@type\":\"ListItem\",\"position\":2,\"name\":\"Shop\",\"item\":\"https:\/\/www.easly.nl\/shop\/\"},{\"@type\":\"ListItem\",\"position\":3,\"name\":\"Umfassender Bluttest\"}]},{\"@type\":\"WebSite\",\"@id\":\"https:\/\/www.easly.nl\/de\/#website\",\"url\":\"https:\/\/www.easly.nl\/de\/\",\"name\":\"Easly Shop\",\"description\":\"Safe &amp; simple online COVID testing\",\"publisher\":{\"@id\":\"https:\/\/www.easly.nl\/de\/#organization\"},\"potentialAction\":[{\"@type\":\"SearchAction\",\"target\":{\"@type\":\"EntryPoint\",\"urlTemplate\":\"https:\/\/www.easly.nl\/de\/?s={search_term_string}\"},\"query-input\":{\"@type\":\"PropertyValueSpecification\",\"valueRequired\":true,\"valueName\":\"search_term_string\"}}],\"inLanguage\":\"de-DE\"},{\"@type\":\"Organization\",\"@id\":\"https:\/\/www.easly.nl\/de\/#organization\",\"name\":\"Easly.nl\",\"url\":\"https:\/\/www.easly.nl\/de\/\",\"logo\":{\"@type\":\"ImageObject\",\"inLanguage\":\"de-DE\",\"@id\":\"https:\/\/www.easly.nl\/de\/#\/schema\/logo\/image\/\",\"url\":\"https:\/\/www.easly.nl\/wp-content\/uploads\/sites\/13\/2022\/10\/easly_logoslogan_color.png\",\"contentUrl\":\"https:\/\/www.easly.nl\/wp-content\/uploads\/sites\/13\/2022\/10\/easly_logoslogan_color.png\",\"width\":157,\"height\":38,\"caption\":\"Easly.nl\"},\"image\":{\"@id\":\"https:\/\/www.easly.nl\/de\/#\/schema\/logo\/image\/\"}}]}<\/script>\n<!-- \/ Yoast SEO plugin. -->","yoast_head_json":{"title":"Umfassender Gro\u00dfes Blutbild: der gr\u00fcndliche Gesundheitscheck","description":"Wollen Sie herausfinden, ob Ihre Organe richtig funktionieren und Ihr Blut gesund ist? M\u00f6chten Sie mehr \u00fcber Ihr Risiko f\u00fcr Herz-Kreislauf-Erkrankungen wissen? Machen Sie den umfassenden gro\u00dfes blutbild von Easly.","robots":{"index":"index","follow":"follow","max-snippet":"max-snippet:-1","max-image-preview":"max-image-preview:large","max-video-preview":"max-video-preview:-1"},"canonical":"https:\/\/www.easly.nl\/de\/gesundheitstests\/umfangreicher-bluttest\/","og_locale":"de_DE","og_type":"article","og_title":"Umfassender Gro\u00dfes Blutbild: der gr\u00fcndliche Gesundheitscheck","og_description":"Wollen Sie herausfinden, ob Ihre Organe richtig funktionieren und Ihr Blut gesund ist? M\u00f6chten Sie mehr \u00fcber Ihr Risiko f\u00fcr Herz-Kreislauf-Erkrankungen wissen? Machen Sie den umfassenden gro\u00dfes blutbild von Easly.","og_url":"https:\/\/www.easly.nl\/de\/gesundheitstests\/umfangreicher-bluttest\/","og_site_name":"Easly Shop","article_modified_time":"2025-07-06T18:37:54+00:00","og_image":[{"width":1044,"height":804,"url":"https:\/\/www.easly.nl\/wp-content\/uploads\/sites\/13\/2024\/03\/Easly-nl-Uitgebreid-bloedonderzoek.webp","type":"image\/webp"}],"twitter_card":"summary_large_image","twitter_misc":{"Gesch\u00e4tzte Lesezeit":"1 Minute"},"schema":{"@context":"https:\/\/schema.org","@graph":[{"@type":"WebPage","@id":"https:\/\/www.easly.nl\/de\/gesundheitstests\/umfangreicher-bluttest\/","url":"https:\/\/www.easly.nl\/de\/gesundheitstests\/umfangreicher-bluttest\/","name":"Umfassender Gro\u00dfes Blutbild: der gr\u00fcndliche Gesundheitscheck","isPartOf":{"@id":"https:\/\/www.easly.nl\/de\/#website"},"primaryImageOfPage":{"@id":"https:\/\/www.easly.nl\/de\/gesundheitstests\/umfangreicher-bluttest\/#primaryimage"},"image":{"@id":"https:\/\/www.easly.nl\/de\/gesundheitstests\/umfangreicher-bluttest\/#primaryimage"},"thumbnailUrl":"https:\/\/www.easly.nl\/wp-content\/uploads\/sites\/13\/2024\/03\/Easly-nl-Uitgebreid-bloedonderzoek.webp","datePublished":"2024-03-07T11:58:09+00:00","dateModified":"2025-07-06T18:37:54+00:00","description":"Wollen Sie herausfinden, ob Ihre Organe richtig funktionieren und Ihr Blut gesund ist? M\u00f6chten Sie mehr \u00fcber Ihr Risiko f\u00fcr Herz-Kreislauf-Erkrankungen wissen? Machen Sie den umfassenden gro\u00dfes blutbild von Easly.","breadcrumb":{"@id":"https:\/\/www.easly.nl\/de\/gesundheitstests\/umfangreicher-bluttest\/#breadcrumb"},"inLanguage":"de-DE","potentialAction":[{"@type":"ReadAction","target":["https:\/\/www.easly.nl\/de\/gesundheitstests\/umfangreicher-bluttest\/"]}]},{"@type":"ImageObject","inLanguage":"de-DE","@id":"https:\/\/www.easly.nl\/de\/gesundheitstests\/umfangreicher-bluttest\/#primaryimage","url":"https:\/\/www.easly.nl\/wp-content\/uploads\/sites\/13\/2024\/03\/Easly-nl-Uitgebreid-bloedonderzoek.webp","contentUrl":"https:\/\/www.easly.nl\/wp-content\/uploads\/sites\/13\/2024\/03\/Easly-nl-Uitgebreid-bloedonderzoek.webp","width":1044,"height":804},{"@type":"BreadcrumbList","@id":"https:\/\/www.easly.nl\/de\/gesundheitstests\/umfangreicher-bluttest\/#breadcrumb","itemListElement":[{"@type":"ListItem","position":1,"name":"Startseite","item":"https:\/\/www.easly.nl\/de\/"},{"@type":"ListItem","position":2,"name":"Shop","item":"https:\/\/www.easly.nl\/shop\/"},{"@type":"ListItem","position":3,"name":"Umfassender Bluttest"}]},{"@type":"WebSite","@id":"https:\/\/www.easly.nl\/de\/#website","url":"https:\/\/www.easly.nl\/de\/","name":"Easly Shop","description":"Safe &amp; simple online COVID testing","publisher":{"@id":"https:\/\/www.easly.nl\/de\/#organization"},"potentialAction":[{"@type":"SearchAction","target":{"@type":"EntryPoint","urlTemplate":"https:\/\/www.easly.nl\/de\/?s={search_term_string}"},"query-input":{"@type":"PropertyValueSpecification","valueRequired":true,"valueName":"search_term_string"}}],"inLanguage":"de-DE"},{"@type":"Organization","@id":"https:\/\/www.easly.nl\/de\/#organization","name":"Easly.nl","url":"https:\/\/www.easly.nl\/de\/","logo":{"@type":"ImageObject","inLanguage":"de-DE","@id":"https:\/\/www.easly.nl\/de\/#\/schema\/logo\/image\/","url":"https:\/\/www.easly.nl\/wp-content\/uploads\/sites\/13\/2022\/10\/easly_logoslogan_color.png","contentUrl":"https:\/\/www.easly.nl\/wp-content\/uploads\/sites\/13\/2022\/10\/easly_logoslogan_color.png","width":157,"height":38,"caption":"Easly.nl"},"image":{"@id":"https:\/\/www.easly.nl\/de\/#\/schema\/logo\/image\/"}}]}},"_links":{"self":[{"href":"https:\/\/www.easly.nl\/de\/wp-json\/wp\/v2\/product\/43732","targetHints":{"allow":["GET"]}}],"collection":[{"href":"https:\/\/www.easly.nl\/de\/wp-json\/wp\/v2\/product"}],"about":[{"href":"https:\/\/www.easly.nl\/de\/wp-json\/wp\/v2\/types\/product"}],"version-history":[{"count":1,"href":"https:\/\/www.easly.nl\/de\/wp-json\/wp\/v2\/product\/43732\/revisions"}],"predecessor-version":[{"id":49998,"href":"https:\/\/www.easly.nl\/de\/wp-json\/wp\/v2\/product\/43732\/revisions\/49998"}],"wp:featuredmedia":[{"embeddable":true,"href":"https:\/\/www.easly.nl\/de\/wp-json\/wp\/v2\/media\/43733"}],"wp:attachment":[{"href":"https:\/\/www.easly.nl\/de\/wp-json\/wp\/v2\/media?parent=43732"}],"wp:term":[{"taxonomy":"product_cat","embeddable":true,"href":"https:\/\/www.easly.nl\/de\/wp-json\/wp\/v2\/product_cat?post=43732"},{"taxonomy":"product_tag","embeddable":true,"href":"https:\/\/www.easly.nl\/de\/wp-json\/wp\/v2\/product_tag?post=43732"}],"curies":[{"name":"wp","href":"https:\/\/api.w.org\/{rel}","templated":true}]}}