{"id":43715,"date":"2024-03-11T14:32:37","date_gmt":"2024-03-11T14:32:37","guid":{"rendered":"https:\/\/www.easly.nl\/product\/umfassender-vitamin-test\/"},"modified":"2024-08-26T14:18:02","modified_gmt":"2024-08-26T14:18:02","slug":"umfassender-vitamin-test","status":"publish","type":"product","link":"https:\/\/www.easly.nl\/de\/gesundheitstests\/vitamintest\/","title":{"rendered":"Umfassender Vitamin-Test"},"content":{"rendered":"<p>Vitamine spielen eine wichtige Rolle im Stoffwechsel. Denken Sie zum Beispiel an die Eiwei\u00dfproduktion und den Energiehaushalt des K\u00f6rpers. Mit dem umfassenden Vitamintest k\u00f6nnen Sie feststellen, ob Ihr Vitaminhaushalt in Ordnung ist oder ob sch\u00e4dliche Defizite vorhanden sind.<\/p>\n","protected":false},"excerpt":{"rendered":"<p>Vitamine spielen eine zentrale Rolle beim Aufbau und Erhalt des K\u00f6rpers. Diese Packung testet auf B1, B2, B6, B11, B12, Holotranscobalamin und Vitamin D<\/p>\n","protected":false},"featured_media":43720,"template":"","meta":{"_acf_changed":false,"footnotes":""},"product_cat":[1138,1324,1257],"product_tag":[2002],"class_list":{"0":"post-43715","1":"product","2":"type-product","3":"status-publish","4":"has-post-thumbnail","6":"product_cat-lebensstil-vitamine","7":"product_cat-venos-de","8":"product_cat-unkategorisiert","9":"product_tag-jetzt-im-preis-reduziert","11":"first","12":"outofstock","13":"sale","14":"taxable","15":"shipping-taxable","16":"purchasable","17":"product-type-simple"},"acf":[],"yoast_head":"<!-- This site is optimized with the Yoast SEO plugin v24.3 - https:\/\/yoast.com\/wordpress\/plugins\/seo\/ -->\n<title>Umfassender Vitamintest identifiziert schnell Vitaminmangel<\/title>\n<meta name=\"description\" content=\"Diagnostizieren Sie jetzt Vitaminmangel ohne \u00dcberweisung eines Arztes mit dem Comprehensive Vitamin Test Bluttest.\" \/>\n<meta name=\"robots\" content=\"index, follow, max-snippet:-1, max-image-preview:large, max-video-preview:-1\" \/>\n<link rel=\"canonical\" href=\"https:\/\/www.easly.nl\/de\/gesundheitstests\/vitamintest\/\" \/>\n<meta property=\"og:locale\" content=\"de_DE\" \/>\n<meta property=\"og:type\" content=\"article\" \/>\n<meta property=\"og:title\" content=\"Umfassender Vitamintest identifiziert schnell Vitaminmangel\" \/>\n<meta property=\"og:description\" content=\"Diagnostizieren Sie jetzt Vitaminmangel ohne \u00dcberweisung eines Arztes mit dem Comprehensive Vitamin Test Bluttest.\" \/>\n<meta property=\"og:url\" content=\"https:\/\/www.easly.nl\/de\/gesundheitstests\/vitamintest\/\" \/>\n<meta property=\"og:site_name\" content=\"Easly Shop\" \/>\n<meta property=\"article:modified_time\" content=\"2024-08-26T14:18:02+00:00\" \/>\n<meta property=\"og:image\" content=\"https:\/\/www.easly.nl\/wp-content\/uploads\/sites\/13\/2024\/03\/Easly-nl-Uitgebreide-Vitamine-Test.webp\" \/>\n\t<meta property=\"og:image:width\" content=\"1044\" \/>\n\t<meta property=\"og:image:height\" content=\"804\" \/>\n\t<meta property=\"og:image:type\" content=\"image\/webp\" \/>\n<meta name=\"twitter:card\" content=\"summary_large_image\" \/>\n<meta name=\"twitter:label1\" content=\"Gesch\u00e4tzte Lesezeit\" \/>\n\t<meta name=\"twitter:data1\" content=\"1 Minute\" \/>\n<script type=\"application\/ld+json\" class=\"yoast-schema-graph\">{\"@context\":\"https:\/\/schema.org\",\"@graph\":[{\"@type\":\"WebPage\",\"@id\":\"https:\/\/www.easly.nl\/de\/gesundheitstests\/vitamintest\/\",\"url\":\"https:\/\/www.easly.nl\/de\/gesundheitstests\/vitamintest\/\",\"name\":\"Umfassender Vitamintest identifiziert schnell Vitaminmangel\",\"isPartOf\":{\"@id\":\"https:\/\/www.easly.nl\/de\/#website\"},\"primaryImageOfPage\":{\"@id\":\"https:\/\/www.easly.nl\/de\/gesundheitstests\/vitamintest\/#primaryimage\"},\"image\":{\"@id\":\"https:\/\/www.easly.nl\/de\/gesundheitstests\/vitamintest\/#primaryimage\"},\"thumbnailUrl\":\"https:\/\/www.easly.nl\/wp-content\/uploads\/sites\/13\/2024\/03\/Easly-nl-Uitgebreide-Vitamine-Test.webp\",\"datePublished\":\"2024-03-11T14:32:37+00:00\",\"dateModified\":\"2024-08-26T14:18:02+00:00\",\"description\":\"Diagnostizieren Sie jetzt Vitaminmangel ohne \u00dcberweisung eines Arztes mit dem Comprehensive Vitamin Test Bluttest.\",\"breadcrumb\":{\"@id\":\"https:\/\/www.easly.nl\/de\/gesundheitstests\/vitamintest\/#breadcrumb\"},\"inLanguage\":\"de-DE\",\"potentialAction\":[{\"@type\":\"ReadAction\",\"target\":[\"https:\/\/www.easly.nl\/de\/gesundheitstests\/vitamintest\/\"]}]},{\"@type\":\"ImageObject\",\"inLanguage\":\"de-DE\",\"@id\":\"https:\/\/www.easly.nl\/de\/gesundheitstests\/vitamintest\/#primaryimage\",\"url\":\"https:\/\/www.easly.nl\/wp-content\/uploads\/sites\/13\/2024\/03\/Easly-nl-Uitgebreide-Vitamine-Test.webp\",\"contentUrl\":\"https:\/\/www.easly.nl\/wp-content\/uploads\/sites\/13\/2024\/03\/Easly-nl-Uitgebreide-Vitamine-Test.webp\",\"width\":1044,\"height\":804},{\"@type\":\"BreadcrumbList\",\"@id\":\"https:\/\/www.easly.nl\/de\/gesundheitstests\/vitamintest\/#breadcrumb\",\"itemListElement\":[{\"@type\":\"ListItem\",\"position\":1,\"name\":\"Startseite\",\"item\":\"https:\/\/www.easly.nl\/de\/\"},{\"@type\":\"ListItem\",\"position\":2,\"name\":\"Shop\",\"item\":\"https:\/\/www.easly.nl\/shop\/\"},{\"@type\":\"ListItem\",\"position\":3,\"name\":\"Umfassender Vitamin-Test\"}]},{\"@type\":\"WebSite\",\"@id\":\"https:\/\/www.easly.nl\/de\/#website\",\"url\":\"https:\/\/www.easly.nl\/de\/\",\"name\":\"Easly Shop\",\"description\":\"Safe &amp; simple online COVID testing\",\"publisher\":{\"@id\":\"https:\/\/www.easly.nl\/de\/#organization\"},\"potentialAction\":[{\"@type\":\"SearchAction\",\"target\":{\"@type\":\"EntryPoint\",\"urlTemplate\":\"https:\/\/www.easly.nl\/de\/?s={search_term_string}\"},\"query-input\":{\"@type\":\"PropertyValueSpecification\",\"valueRequired\":true,\"valueName\":\"search_term_string\"}}],\"inLanguage\":\"de-DE\"},{\"@type\":\"Organization\",\"@id\":\"https:\/\/www.easly.nl\/de\/#organization\",\"name\":\"Easly.nl\",\"url\":\"https:\/\/www.easly.nl\/de\/\",\"logo\":{\"@type\":\"ImageObject\",\"inLanguage\":\"de-DE\",\"@id\":\"https:\/\/www.easly.nl\/de\/#\/schema\/logo\/image\/\",\"url\":\"https:\/\/www.easly.nl\/wp-content\/uploads\/sites\/13\/2022\/10\/easly_logoslogan_color.png\",\"contentUrl\":\"https:\/\/www.easly.nl\/wp-content\/uploads\/sites\/13\/2022\/10\/easly_logoslogan_color.png\",\"width\":157,\"height\":38,\"caption\":\"Easly.nl\"},\"image\":{\"@id\":\"https:\/\/www.easly.nl\/de\/#\/schema\/logo\/image\/\"}}]}<\/script>\n<!-- \/ Yoast SEO plugin. -->","yoast_head_json":{"title":"Umfassender Vitamintest identifiziert schnell Vitaminmangel","description":"Diagnostizieren Sie jetzt Vitaminmangel ohne \u00dcberweisung eines Arztes mit dem Comprehensive Vitamin Test Bluttest.","robots":{"index":"index","follow":"follow","max-snippet":"max-snippet:-1","max-image-preview":"max-image-preview:large","max-video-preview":"max-video-preview:-1"},"canonical":"https:\/\/www.easly.nl\/de\/gesundheitstests\/vitamintest\/","og_locale":"de_DE","og_type":"article","og_title":"Umfassender Vitamintest identifiziert schnell Vitaminmangel","og_description":"Diagnostizieren Sie jetzt Vitaminmangel ohne \u00dcberweisung eines Arztes mit dem Comprehensive Vitamin Test Bluttest.","og_url":"https:\/\/www.easly.nl\/de\/gesundheitstests\/vitamintest\/","og_site_name":"Easly Shop","article_modified_time":"2024-08-26T14:18:02+00:00","og_image":[{"width":1044,"height":804,"url":"https:\/\/www.easly.nl\/wp-content\/uploads\/sites\/13\/2024\/03\/Easly-nl-Uitgebreide-Vitamine-Test.webp","type":"image\/webp"}],"twitter_card":"summary_large_image","twitter_misc":{"Gesch\u00e4tzte Lesezeit":"1 Minute"},"schema":{"@context":"https:\/\/schema.org","@graph":[{"@type":"WebPage","@id":"https:\/\/www.easly.nl\/de\/gesundheitstests\/vitamintest\/","url":"https:\/\/www.easly.nl\/de\/gesundheitstests\/vitamintest\/","name":"Umfassender Vitamintest identifiziert schnell Vitaminmangel","isPartOf":{"@id":"https:\/\/www.easly.nl\/de\/#website"},"primaryImageOfPage":{"@id":"https:\/\/www.easly.nl\/de\/gesundheitstests\/vitamintest\/#primaryimage"},"image":{"@id":"https:\/\/www.easly.nl\/de\/gesundheitstests\/vitamintest\/#primaryimage"},"thumbnailUrl":"https:\/\/www.easly.nl\/wp-content\/uploads\/sites\/13\/2024\/03\/Easly-nl-Uitgebreide-Vitamine-Test.webp","datePublished":"2024-03-11T14:32:37+00:00","dateModified":"2024-08-26T14:18:02+00:00","description":"Diagnostizieren Sie jetzt Vitaminmangel ohne \u00dcberweisung eines Arztes mit dem Comprehensive Vitamin Test Bluttest.","breadcrumb":{"@id":"https:\/\/www.easly.nl\/de\/gesundheitstests\/vitamintest\/#breadcrumb"},"inLanguage":"de-DE","potentialAction":[{"@type":"ReadAction","target":["https:\/\/www.easly.nl\/de\/gesundheitstests\/vitamintest\/"]}]},{"@type":"ImageObject","inLanguage":"de-DE","@id":"https:\/\/www.easly.nl\/de\/gesundheitstests\/vitamintest\/#primaryimage","url":"https:\/\/www.easly.nl\/wp-content\/uploads\/sites\/13\/2024\/03\/Easly-nl-Uitgebreide-Vitamine-Test.webp","contentUrl":"https:\/\/www.easly.nl\/wp-content\/uploads\/sites\/13\/2024\/03\/Easly-nl-Uitgebreide-Vitamine-Test.webp","width":1044,"height":804},{"@type":"BreadcrumbList","@id":"https:\/\/www.easly.nl\/de\/gesundheitstests\/vitamintest\/#breadcrumb","itemListElement":[{"@type":"ListItem","position":1,"name":"Startseite","item":"https:\/\/www.easly.nl\/de\/"},{"@type":"ListItem","position":2,"name":"Shop","item":"https:\/\/www.easly.nl\/shop\/"},{"@type":"ListItem","position":3,"name":"Umfassender Vitamin-Test"}]},{"@type":"WebSite","@id":"https:\/\/www.easly.nl\/de\/#website","url":"https:\/\/www.easly.nl\/de\/","name":"Easly Shop","description":"Safe &amp; simple online COVID testing","publisher":{"@id":"https:\/\/www.easly.nl\/de\/#organization"},"potentialAction":[{"@type":"SearchAction","target":{"@type":"EntryPoint","urlTemplate":"https:\/\/www.easly.nl\/de\/?s={search_term_string}"},"query-input":{"@type":"PropertyValueSpecification","valueRequired":true,"valueName":"search_term_string"}}],"inLanguage":"de-DE"},{"@type":"Organization","@id":"https:\/\/www.easly.nl\/de\/#organization","name":"Easly.nl","url":"https:\/\/www.easly.nl\/de\/","logo":{"@type":"ImageObject","inLanguage":"de-DE","@id":"https:\/\/www.easly.nl\/de\/#\/schema\/logo\/image\/","url":"https:\/\/www.easly.nl\/wp-content\/uploads\/sites\/13\/2022\/10\/easly_logoslogan_color.png","contentUrl":"https:\/\/www.easly.nl\/wp-content\/uploads\/sites\/13\/2022\/10\/easly_logoslogan_color.png","width":157,"height":38,"caption":"Easly.nl"},"image":{"@id":"https:\/\/www.easly.nl\/de\/#\/schema\/logo\/image\/"}}]}},"_links":{"self":[{"href":"https:\/\/www.easly.nl\/de\/wp-json\/wp\/v2\/product\/43715","targetHints":{"allow":["GET"]}}],"collection":[{"href":"https:\/\/www.easly.nl\/de\/wp-json\/wp\/v2\/product"}],"about":[{"href":"https:\/\/www.easly.nl\/de\/wp-json\/wp\/v2\/types\/product"}],"version-history":[{"count":0,"href":"https:\/\/www.easly.nl\/de\/wp-json\/wp\/v2\/product\/43715\/revisions"}],"wp:featuredmedia":[{"embeddable":true,"href":"https:\/\/www.easly.nl\/de\/wp-json\/wp\/v2\/media\/43720"}],"wp:attachment":[{"href":"https:\/\/www.easly.nl\/de\/wp-json\/wp\/v2\/media?parent=43715"}],"wp:term":[{"taxonomy":"product_cat","embeddable":true,"href":"https:\/\/www.easly.nl\/de\/wp-json\/wp\/v2\/product_cat?post=43715"},{"taxonomy":"product_tag","embeddable":true,"href":"https:\/\/www.easly.nl\/de\/wp-json\/wp\/v2\/product_tag?post=43715"}],"curies":[{"name":"wp","href":"https:\/\/api.w.org\/{rel}","templated":true}]}}