{"id":43707,"date":"2022-07-22T06:20:47","date_gmt":"2022-07-22T06:20:47","guid":{"rendered":"https:\/\/www.easly.nl\/product\/test-auf-pilzinfektion-der-haut\/"},"modified":"2024-11-29T01:07:06","modified_gmt":"2024-11-29T00:07:06","slug":"test-auf-pilzinfektion-der-haut","status":"publish","type":"product","link":"https:\/\/www.easly.nl\/de\/dermatologische-tests\/hautpilz\/","title":{"rendered":"Test auf Pilzinfektion der Haut"},"content":{"rendered":"<p>Wenn Ihre Haut schuppig, rot und juckend ist, haben Sie m\u00f6glicherweise einen Hautpilz. Mit unserem Hauttest f\u00fcr Pilzinfektionen k\u00f6nnen Sie jetzt ganz einfach selbst herausfinden, ob Sie mit einem Hautpilz zu tun haben. Testen Sie jetzt!<\/p>\n","protected":false},"excerpt":{"rendered":"<p>Bestimmen Sie mit Sicherheit, ob Ihre ger\u00f6tete oder schuppige Haut mit Pilzen infiziert ist. Damit die Behandlung beginnen kann. Ergebnisse online oder in der App.<\/p>\n","protected":false},"featured_media":43709,"template":"","meta":{"_acf_changed":false,"footnotes":""},"product_cat":[1137,1257],"product_tag":[1145],"class_list":{"0":"post-43707","1":"product","2":"type-product","3":"status-publish","4":"has-post-thumbnail","6":"product_cat-allgemeine-gesundheit","7":"product_cat-unkategorisiert","8":"product_tag-voellig-anonym","10":"first","11":"outofstock","12":"taxable","13":"shipping-taxable","14":"purchasable","15":"product-type-simple"},"acf":[],"yoast_head":"<!-- This site is optimized with the Yoast SEO plugin v24.3 - https:\/\/yoast.com\/wordpress\/plugins\/seo\/ -->\n<title>Hautpilz kann jetzt zu Hause mit dem Selbsttest von Easly hautpilz test<\/title>\n<meta name=\"description\" content=\"Leiden Sie unter einer Pilzinfektion? Machen Sie jetzt den hautpilz erkennenvon zu Hause aus.\" \/>\n<meta name=\"robots\" content=\"index, follow, max-snippet:-1, max-image-preview:large, max-video-preview:-1\" \/>\n<link rel=\"canonical\" href=\"https:\/\/www.easly.nl\/de\/dermatologische-tests\/hautpilz\/\" \/>\n<meta property=\"og:locale\" content=\"de_DE\" \/>\n<meta property=\"og:type\" content=\"article\" \/>\n<meta property=\"og:title\" content=\"Hautpilz kann jetzt zu Hause mit dem Selbsttest von Easly hautpilz test\" \/>\n<meta property=\"og:description\" content=\"Leiden Sie unter einer Pilzinfektion? Machen Sie jetzt den hautpilz erkennenvon zu Hause aus.\" \/>\n<meta property=\"og:url\" content=\"https:\/\/www.easly.nl\/de\/dermatologische-tests\/hautpilz\/\" \/>\n<meta property=\"og:site_name\" content=\"Easly Shop\" \/>\n<meta property=\"article:modified_time\" content=\"2024-11-29T00:07:06+00:00\" \/>\n<meta property=\"og:image\" content=\"https:\/\/www.easly.nl\/wp-content\/uploads\/sites\/13\/2022\/07\/Easly-Huid-schimmelinfectie-8720256100225.webp\" \/>\n\t<meta property=\"og:image:width\" content=\"1044\" \/>\n\t<meta property=\"og:image:height\" content=\"804\" \/>\n\t<meta property=\"og:image:type\" content=\"image\/webp\" \/>\n<meta name=\"twitter:card\" content=\"summary_large_image\" \/>\n<script type=\"application\/ld+json\" class=\"yoast-schema-graph\">{\"@context\":\"https:\/\/schema.org\",\"@graph\":[{\"@type\":\"WebPage\",\"@id\":\"https:\/\/www.easly.nl\/de\/dermatologische-tests\/hautpilz\/\",\"url\":\"https:\/\/www.easly.nl\/de\/dermatologische-tests\/hautpilz\/\",\"name\":\"Hautpilz kann jetzt zu Hause mit dem Selbsttest von Easly hautpilz test\",\"isPartOf\":{\"@id\":\"https:\/\/www.easly.nl\/de\/#website\"},\"primaryImageOfPage\":{\"@id\":\"https:\/\/www.easly.nl\/de\/dermatologische-tests\/hautpilz\/#primaryimage\"},\"image\":{\"@id\":\"https:\/\/www.easly.nl\/de\/dermatologische-tests\/hautpilz\/#primaryimage\"},\"thumbnailUrl\":\"https:\/\/www.easly.nl\/wp-content\/uploads\/sites\/13\/2022\/07\/Easly-Huid-schimmelinfectie-8720256100225.webp\",\"datePublished\":\"2022-07-22T06:20:47+00:00\",\"dateModified\":\"2024-11-29T00:07:06+00:00\",\"description\":\"Leiden Sie unter einer Pilzinfektion? Machen Sie jetzt den hautpilz erkennenvon zu Hause aus.\",\"breadcrumb\":{\"@id\":\"https:\/\/www.easly.nl\/de\/dermatologische-tests\/hautpilz\/#breadcrumb\"},\"inLanguage\":\"de-DE\",\"potentialAction\":[{\"@type\":\"ReadAction\",\"target\":[\"https:\/\/www.easly.nl\/de\/dermatologische-tests\/hautpilz\/\"]}]},{\"@type\":\"ImageObject\",\"inLanguage\":\"de-DE\",\"@id\":\"https:\/\/www.easly.nl\/de\/dermatologische-tests\/hautpilz\/#primaryimage\",\"url\":\"https:\/\/www.easly.nl\/wp-content\/uploads\/sites\/13\/2022\/07\/Easly-Huid-schimmelinfectie-8720256100225.webp\",\"contentUrl\":\"https:\/\/www.easly.nl\/wp-content\/uploads\/sites\/13\/2022\/07\/Easly-Huid-schimmelinfectie-8720256100225.webp\",\"width\":1044,\"height\":804},{\"@type\":\"BreadcrumbList\",\"@id\":\"https:\/\/www.easly.nl\/de\/dermatologische-tests\/hautpilz\/#breadcrumb\",\"itemListElement\":[{\"@type\":\"ListItem\",\"position\":1,\"name\":\"Startseite\",\"item\":\"https:\/\/www.easly.nl\/de\/\"},{\"@type\":\"ListItem\",\"position\":2,\"name\":\"Shop\",\"item\":\"https:\/\/www.easly.nl\/shop\/\"},{\"@type\":\"ListItem\",\"position\":3,\"name\":\"Test auf Pilzinfektion der Haut\"}]},{\"@type\":\"WebSite\",\"@id\":\"https:\/\/www.easly.nl\/de\/#website\",\"url\":\"https:\/\/www.easly.nl\/de\/\",\"name\":\"Easly Shop\",\"description\":\"Safe &amp; simple online COVID testing\",\"publisher\":{\"@id\":\"https:\/\/www.easly.nl\/de\/#organization\"},\"potentialAction\":[{\"@type\":\"SearchAction\",\"target\":{\"@type\":\"EntryPoint\",\"urlTemplate\":\"https:\/\/www.easly.nl\/de\/?s={search_term_string}\"},\"query-input\":{\"@type\":\"PropertyValueSpecification\",\"valueRequired\":true,\"valueName\":\"search_term_string\"}}],\"inLanguage\":\"de-DE\"},{\"@type\":\"Organization\",\"@id\":\"https:\/\/www.easly.nl\/de\/#organization\",\"name\":\"Easly.nl\",\"url\":\"https:\/\/www.easly.nl\/de\/\",\"logo\":{\"@type\":\"ImageObject\",\"inLanguage\":\"de-DE\",\"@id\":\"https:\/\/www.easly.nl\/de\/#\/schema\/logo\/image\/\",\"url\":\"https:\/\/www.easly.nl\/wp-content\/uploads\/sites\/13\/2022\/10\/easly_logoslogan_color.png\",\"contentUrl\":\"https:\/\/www.easly.nl\/wp-content\/uploads\/sites\/13\/2022\/10\/easly_logoslogan_color.png\",\"width\":157,\"height\":38,\"caption\":\"Easly.nl\"},\"image\":{\"@id\":\"https:\/\/www.easly.nl\/de\/#\/schema\/logo\/image\/\"}}]}<\/script>\n<!-- \/ Yoast SEO plugin. -->","yoast_head_json":{"title":"Hautpilz kann jetzt zu Hause mit dem Selbsttest von Easly hautpilz test","description":"Leiden Sie unter einer Pilzinfektion? Machen Sie jetzt den hautpilz erkennenvon zu Hause aus.","robots":{"index":"index","follow":"follow","max-snippet":"max-snippet:-1","max-image-preview":"max-image-preview:large","max-video-preview":"max-video-preview:-1"},"canonical":"https:\/\/www.easly.nl\/de\/dermatologische-tests\/hautpilz\/","og_locale":"de_DE","og_type":"article","og_title":"Hautpilz kann jetzt zu Hause mit dem Selbsttest von Easly hautpilz test","og_description":"Leiden Sie unter einer Pilzinfektion? Machen Sie jetzt den hautpilz erkennenvon zu Hause aus.","og_url":"https:\/\/www.easly.nl\/de\/dermatologische-tests\/hautpilz\/","og_site_name":"Easly Shop","article_modified_time":"2024-11-29T00:07:06+00:00","og_image":[{"width":1044,"height":804,"url":"https:\/\/www.easly.nl\/wp-content\/uploads\/sites\/13\/2022\/07\/Easly-Huid-schimmelinfectie-8720256100225.webp","type":"image\/webp"}],"twitter_card":"summary_large_image","schema":{"@context":"https:\/\/schema.org","@graph":[{"@type":"WebPage","@id":"https:\/\/www.easly.nl\/de\/dermatologische-tests\/hautpilz\/","url":"https:\/\/www.easly.nl\/de\/dermatologische-tests\/hautpilz\/","name":"Hautpilz kann jetzt zu Hause mit dem Selbsttest von Easly hautpilz test","isPartOf":{"@id":"https:\/\/www.easly.nl\/de\/#website"},"primaryImageOfPage":{"@id":"https:\/\/www.easly.nl\/de\/dermatologische-tests\/hautpilz\/#primaryimage"},"image":{"@id":"https:\/\/www.easly.nl\/de\/dermatologische-tests\/hautpilz\/#primaryimage"},"thumbnailUrl":"https:\/\/www.easly.nl\/wp-content\/uploads\/sites\/13\/2022\/07\/Easly-Huid-schimmelinfectie-8720256100225.webp","datePublished":"2022-07-22T06:20:47+00:00","dateModified":"2024-11-29T00:07:06+00:00","description":"Leiden Sie unter einer Pilzinfektion? Machen Sie jetzt den hautpilz erkennenvon zu Hause aus.","breadcrumb":{"@id":"https:\/\/www.easly.nl\/de\/dermatologische-tests\/hautpilz\/#breadcrumb"},"inLanguage":"de-DE","potentialAction":[{"@type":"ReadAction","target":["https:\/\/www.easly.nl\/de\/dermatologische-tests\/hautpilz\/"]}]},{"@type":"ImageObject","inLanguage":"de-DE","@id":"https:\/\/www.easly.nl\/de\/dermatologische-tests\/hautpilz\/#primaryimage","url":"https:\/\/www.easly.nl\/wp-content\/uploads\/sites\/13\/2022\/07\/Easly-Huid-schimmelinfectie-8720256100225.webp","contentUrl":"https:\/\/www.easly.nl\/wp-content\/uploads\/sites\/13\/2022\/07\/Easly-Huid-schimmelinfectie-8720256100225.webp","width":1044,"height":804},{"@type":"BreadcrumbList","@id":"https:\/\/www.easly.nl\/de\/dermatologische-tests\/hautpilz\/#breadcrumb","itemListElement":[{"@type":"ListItem","position":1,"name":"Startseite","item":"https:\/\/www.easly.nl\/de\/"},{"@type":"ListItem","position":2,"name":"Shop","item":"https:\/\/www.easly.nl\/shop\/"},{"@type":"ListItem","position":3,"name":"Test auf Pilzinfektion der Haut"}]},{"@type":"WebSite","@id":"https:\/\/www.easly.nl\/de\/#website","url":"https:\/\/www.easly.nl\/de\/","name":"Easly Shop","description":"Safe &amp; simple online COVID testing","publisher":{"@id":"https:\/\/www.easly.nl\/de\/#organization"},"potentialAction":[{"@type":"SearchAction","target":{"@type":"EntryPoint","urlTemplate":"https:\/\/www.easly.nl\/de\/?s={search_term_string}"},"query-input":{"@type":"PropertyValueSpecification","valueRequired":true,"valueName":"search_term_string"}}],"inLanguage":"de-DE"},{"@type":"Organization","@id":"https:\/\/www.easly.nl\/de\/#organization","name":"Easly.nl","url":"https:\/\/www.easly.nl\/de\/","logo":{"@type":"ImageObject","inLanguage":"de-DE","@id":"https:\/\/www.easly.nl\/de\/#\/schema\/logo\/image\/","url":"https:\/\/www.easly.nl\/wp-content\/uploads\/sites\/13\/2022\/10\/easly_logoslogan_color.png","contentUrl":"https:\/\/www.easly.nl\/wp-content\/uploads\/sites\/13\/2022\/10\/easly_logoslogan_color.png","width":157,"height":38,"caption":"Easly.nl"},"image":{"@id":"https:\/\/www.easly.nl\/de\/#\/schema\/logo\/image\/"}}]}},"_links":{"self":[{"href":"https:\/\/www.easly.nl\/de\/wp-json\/wp\/v2\/product\/43707","targetHints":{"allow":["GET"]}}],"collection":[{"href":"https:\/\/www.easly.nl\/de\/wp-json\/wp\/v2\/product"}],"about":[{"href":"https:\/\/www.easly.nl\/de\/wp-json\/wp\/v2\/types\/product"}],"version-history":[{"count":0,"href":"https:\/\/www.easly.nl\/de\/wp-json\/wp\/v2\/product\/43707\/revisions"}],"wp:featuredmedia":[{"embeddable":true,"href":"https:\/\/www.easly.nl\/de\/wp-json\/wp\/v2\/media\/43709"}],"wp:attachment":[{"href":"https:\/\/www.easly.nl\/de\/wp-json\/wp\/v2\/media?parent=43707"}],"wp:term":[{"taxonomy":"product_cat","embeddable":true,"href":"https:\/\/www.easly.nl\/de\/wp-json\/wp\/v2\/product_cat?post=43707"},{"taxonomy":"product_tag","embeddable":true,"href":"https:\/\/www.easly.nl\/de\/wp-json\/wp\/v2\/product_tag?post=43707"}],"curies":[{"name":"wp","href":"https:\/\/api.w.org\/{rel}","templated":true}]}}