{"id":43702,"date":"2022-07-22T06:50:43","date_gmt":"2022-07-22T06:50:43","guid":{"rendered":"https:\/\/www.easly.nl\/product\/test-auf-nagelpilzbefall-chalky-nagel\/"},"modified":"2024-11-29T01:07:12","modified_gmt":"2024-11-29T00:07:12","slug":"test-auf-nagelpilzbefall-chalky-nagel","status":"publish","type":"product","link":"https:\/\/www.easly.nl\/de\/dermatologische-tests\/nagelpilz\/","title":{"rendered":"Test auf Nagelpilzbefall (Chalky-Nagel)"},"content":{"rendered":"<p>Mit diesem Test von Easly k\u00f6nnen Sie leicht herausfinden, ob die l\u00e4stigen Verf\u00e4rbungen auf Ihrem Nagel auf Nagelpilz hinweisen&#8230;. Testen Sie ihn selbst zu Hause und schicken Sie Ihre Probe an uns. Sobald sie in unserem Labor eintrifft, senden wir Ihnen innerhalb von 48 Stunden Ihr Ergebnis zu!<\/p>\n","protected":false},"excerpt":{"rendered":"<p>Nehmen Sie zu Hause ein St\u00fcck Ihres Zehs oder Fingernagels ab. Senden Sie es kostenlos an unser Labor. Ergebnisse innerhalb von 48 Stunden nach Erhalt Ihrer Probe.<\/p>\n","protected":false},"featured_media":43705,"template":"","meta":{"_acf_changed":false,"footnotes":""},"product_cat":[1137,1257],"product_tag":[1145],"class_list":{"0":"post-43702","1":"product","2":"type-product","3":"status-publish","4":"has-post-thumbnail","6":"product_cat-allgemeine-gesundheit","7":"product_cat-unkategorisiert","8":"product_tag-voellig-anonym","10":"first","11":"outofstock","12":"taxable","13":"shipping-taxable","14":"purchasable","15":"product-type-simple"},"acf":[],"yoast_head":"<!-- This site is optimized with the Yoast SEO plugin v24.3 - https:\/\/yoast.com\/wordpress\/plugins\/seo\/ -->\n<title>Leiden Sie an einer Pilzinfektion? Machen Sie den nagelpilz test zuhause.<\/title>\n<meta name=\"description\" content=\"M\u00f6chten Sie sich lieber nagelpilz test zuhause lassen als in der Arztpraxis? Sie k\u00f6nnen den Kreidenageltest jetzt bei Easly kaufen!\" \/>\n<meta name=\"robots\" content=\"index, follow, max-snippet:-1, max-image-preview:large, max-video-preview:-1\" \/>\n<link rel=\"canonical\" href=\"https:\/\/www.easly.nl\/de\/dermatologische-tests\/nagelpilz\/\" \/>\n<meta property=\"og:locale\" content=\"de_DE\" \/>\n<meta property=\"og:type\" content=\"article\" \/>\n<meta property=\"og:title\" content=\"Leiden Sie an einer Pilzinfektion? Machen Sie den nagelpilz test zuhause.\" \/>\n<meta property=\"og:description\" content=\"M\u00f6chten Sie sich lieber nagelpilz test zuhause lassen als in der Arztpraxis? Sie k\u00f6nnen den Kreidenageltest jetzt bei Easly kaufen!\" \/>\n<meta property=\"og:url\" content=\"https:\/\/www.easly.nl\/de\/dermatologische-tests\/nagelpilz\/\" \/>\n<meta property=\"og:site_name\" content=\"Easly Shop\" \/>\n<meta property=\"article:modified_time\" content=\"2024-11-29T00:07:12+00:00\" \/>\n<meta property=\"og:image\" content=\"https:\/\/www.easly.nl\/wp-content\/uploads\/sites\/13\/2022\/07\/Easly-Nagel-schimmelinfectie-8720256100232.webp\" \/>\n\t<meta property=\"og:image:width\" content=\"1044\" \/>\n\t<meta property=\"og:image:height\" content=\"804\" \/>\n\t<meta property=\"og:image:type\" content=\"image\/webp\" \/>\n<meta name=\"twitter:card\" content=\"summary_large_image\" \/>\n<script type=\"application\/ld+json\" class=\"yoast-schema-graph\">{\"@context\":\"https:\/\/schema.org\",\"@graph\":[{\"@type\":\"WebPage\",\"@id\":\"https:\/\/www.easly.nl\/de\/dermatologische-tests\/nagelpilz\/\",\"url\":\"https:\/\/www.easly.nl\/de\/dermatologische-tests\/nagelpilz\/\",\"name\":\"Leiden Sie an einer Pilzinfektion? Machen Sie den nagelpilz test zuhause.\",\"isPartOf\":{\"@id\":\"https:\/\/www.easly.nl\/de\/#website\"},\"primaryImageOfPage\":{\"@id\":\"https:\/\/www.easly.nl\/de\/dermatologische-tests\/nagelpilz\/#primaryimage\"},\"image\":{\"@id\":\"https:\/\/www.easly.nl\/de\/dermatologische-tests\/nagelpilz\/#primaryimage\"},\"thumbnailUrl\":\"https:\/\/www.easly.nl\/wp-content\/uploads\/sites\/13\/2022\/07\/Easly-Nagel-schimmelinfectie-8720256100232.webp\",\"datePublished\":\"2022-07-22T06:50:43+00:00\",\"dateModified\":\"2024-11-29T00:07:12+00:00\",\"description\":\"M\u00f6chten Sie sich lieber nagelpilz test zuhause lassen als in der Arztpraxis? Sie k\u00f6nnen den Kreidenageltest jetzt bei Easly kaufen!\",\"breadcrumb\":{\"@id\":\"https:\/\/www.easly.nl\/de\/dermatologische-tests\/nagelpilz\/#breadcrumb\"},\"inLanguage\":\"de-DE\",\"potentialAction\":[{\"@type\":\"ReadAction\",\"target\":[\"https:\/\/www.easly.nl\/de\/dermatologische-tests\/nagelpilz\/\"]}]},{\"@type\":\"ImageObject\",\"inLanguage\":\"de-DE\",\"@id\":\"https:\/\/www.easly.nl\/de\/dermatologische-tests\/nagelpilz\/#primaryimage\",\"url\":\"https:\/\/www.easly.nl\/wp-content\/uploads\/sites\/13\/2022\/07\/Easly-Nagel-schimmelinfectie-8720256100232.webp\",\"contentUrl\":\"https:\/\/www.easly.nl\/wp-content\/uploads\/sites\/13\/2022\/07\/Easly-Nagel-schimmelinfectie-8720256100232.webp\",\"width\":1044,\"height\":804},{\"@type\":\"BreadcrumbList\",\"@id\":\"https:\/\/www.easly.nl\/de\/dermatologische-tests\/nagelpilz\/#breadcrumb\",\"itemListElement\":[{\"@type\":\"ListItem\",\"position\":1,\"name\":\"Startseite\",\"item\":\"https:\/\/www.easly.nl\/de\/\"},{\"@type\":\"ListItem\",\"position\":2,\"name\":\"Shop\",\"item\":\"https:\/\/www.easly.nl\/shop\/\"},{\"@type\":\"ListItem\",\"position\":3,\"name\":\"Test auf Nagelpilzbefall (Chalky-Nagel)\"}]},{\"@type\":\"WebSite\",\"@id\":\"https:\/\/www.easly.nl\/de\/#website\",\"url\":\"https:\/\/www.easly.nl\/de\/\",\"name\":\"Easly Shop\",\"description\":\"Safe &amp; simple online COVID testing\",\"publisher\":{\"@id\":\"https:\/\/www.easly.nl\/de\/#organization\"},\"potentialAction\":[{\"@type\":\"SearchAction\",\"target\":{\"@type\":\"EntryPoint\",\"urlTemplate\":\"https:\/\/www.easly.nl\/de\/?s={search_term_string}\"},\"query-input\":{\"@type\":\"PropertyValueSpecification\",\"valueRequired\":true,\"valueName\":\"search_term_string\"}}],\"inLanguage\":\"de-DE\"},{\"@type\":\"Organization\",\"@id\":\"https:\/\/www.easly.nl\/de\/#organization\",\"name\":\"Easly.nl\",\"url\":\"https:\/\/www.easly.nl\/de\/\",\"logo\":{\"@type\":\"ImageObject\",\"inLanguage\":\"de-DE\",\"@id\":\"https:\/\/www.easly.nl\/de\/#\/schema\/logo\/image\/\",\"url\":\"https:\/\/www.easly.nl\/wp-content\/uploads\/sites\/13\/2022\/10\/easly_logoslogan_color.png\",\"contentUrl\":\"https:\/\/www.easly.nl\/wp-content\/uploads\/sites\/13\/2022\/10\/easly_logoslogan_color.png\",\"width\":157,\"height\":38,\"caption\":\"Easly.nl\"},\"image\":{\"@id\":\"https:\/\/www.easly.nl\/de\/#\/schema\/logo\/image\/\"}}]}<\/script>\n<!-- \/ Yoast SEO plugin. -->","yoast_head_json":{"title":"Leiden Sie an einer Pilzinfektion? Machen Sie den nagelpilz test zuhause.","description":"M\u00f6chten Sie sich lieber nagelpilz test zuhause lassen als in der Arztpraxis? Sie k\u00f6nnen den Kreidenageltest jetzt bei Easly kaufen!","robots":{"index":"index","follow":"follow","max-snippet":"max-snippet:-1","max-image-preview":"max-image-preview:large","max-video-preview":"max-video-preview:-1"},"canonical":"https:\/\/www.easly.nl\/de\/dermatologische-tests\/nagelpilz\/","og_locale":"de_DE","og_type":"article","og_title":"Leiden Sie an einer Pilzinfektion? Machen Sie den nagelpilz test zuhause.","og_description":"M\u00f6chten Sie sich lieber nagelpilz test zuhause lassen als in der Arztpraxis? Sie k\u00f6nnen den Kreidenageltest jetzt bei Easly kaufen!","og_url":"https:\/\/www.easly.nl\/de\/dermatologische-tests\/nagelpilz\/","og_site_name":"Easly Shop","article_modified_time":"2024-11-29T00:07:12+00:00","og_image":[{"width":1044,"height":804,"url":"https:\/\/www.easly.nl\/wp-content\/uploads\/sites\/13\/2022\/07\/Easly-Nagel-schimmelinfectie-8720256100232.webp","type":"image\/webp"}],"twitter_card":"summary_large_image","schema":{"@context":"https:\/\/schema.org","@graph":[{"@type":"WebPage","@id":"https:\/\/www.easly.nl\/de\/dermatologische-tests\/nagelpilz\/","url":"https:\/\/www.easly.nl\/de\/dermatologische-tests\/nagelpilz\/","name":"Leiden Sie an einer Pilzinfektion? Machen Sie den nagelpilz test zuhause.","isPartOf":{"@id":"https:\/\/www.easly.nl\/de\/#website"},"primaryImageOfPage":{"@id":"https:\/\/www.easly.nl\/de\/dermatologische-tests\/nagelpilz\/#primaryimage"},"image":{"@id":"https:\/\/www.easly.nl\/de\/dermatologische-tests\/nagelpilz\/#primaryimage"},"thumbnailUrl":"https:\/\/www.easly.nl\/wp-content\/uploads\/sites\/13\/2022\/07\/Easly-Nagel-schimmelinfectie-8720256100232.webp","datePublished":"2022-07-22T06:50:43+00:00","dateModified":"2024-11-29T00:07:12+00:00","description":"M\u00f6chten Sie sich lieber nagelpilz test zuhause lassen als in der Arztpraxis? Sie k\u00f6nnen den Kreidenageltest jetzt bei Easly kaufen!","breadcrumb":{"@id":"https:\/\/www.easly.nl\/de\/dermatologische-tests\/nagelpilz\/#breadcrumb"},"inLanguage":"de-DE","potentialAction":[{"@type":"ReadAction","target":["https:\/\/www.easly.nl\/de\/dermatologische-tests\/nagelpilz\/"]}]},{"@type":"ImageObject","inLanguage":"de-DE","@id":"https:\/\/www.easly.nl\/de\/dermatologische-tests\/nagelpilz\/#primaryimage","url":"https:\/\/www.easly.nl\/wp-content\/uploads\/sites\/13\/2022\/07\/Easly-Nagel-schimmelinfectie-8720256100232.webp","contentUrl":"https:\/\/www.easly.nl\/wp-content\/uploads\/sites\/13\/2022\/07\/Easly-Nagel-schimmelinfectie-8720256100232.webp","width":1044,"height":804},{"@type":"BreadcrumbList","@id":"https:\/\/www.easly.nl\/de\/dermatologische-tests\/nagelpilz\/#breadcrumb","itemListElement":[{"@type":"ListItem","position":1,"name":"Startseite","item":"https:\/\/www.easly.nl\/de\/"},{"@type":"ListItem","position":2,"name":"Shop","item":"https:\/\/www.easly.nl\/shop\/"},{"@type":"ListItem","position":3,"name":"Test auf Nagelpilzbefall (Chalky-Nagel)"}]},{"@type":"WebSite","@id":"https:\/\/www.easly.nl\/de\/#website","url":"https:\/\/www.easly.nl\/de\/","name":"Easly Shop","description":"Safe &amp; simple online COVID testing","publisher":{"@id":"https:\/\/www.easly.nl\/de\/#organization"},"potentialAction":[{"@type":"SearchAction","target":{"@type":"EntryPoint","urlTemplate":"https:\/\/www.easly.nl\/de\/?s={search_term_string}"},"query-input":{"@type":"PropertyValueSpecification","valueRequired":true,"valueName":"search_term_string"}}],"inLanguage":"de-DE"},{"@type":"Organization","@id":"https:\/\/www.easly.nl\/de\/#organization","name":"Easly.nl","url":"https:\/\/www.easly.nl\/de\/","logo":{"@type":"ImageObject","inLanguage":"de-DE","@id":"https:\/\/www.easly.nl\/de\/#\/schema\/logo\/image\/","url":"https:\/\/www.easly.nl\/wp-content\/uploads\/sites\/13\/2022\/10\/easly_logoslogan_color.png","contentUrl":"https:\/\/www.easly.nl\/wp-content\/uploads\/sites\/13\/2022\/10\/easly_logoslogan_color.png","width":157,"height":38,"caption":"Easly.nl"},"image":{"@id":"https:\/\/www.easly.nl\/de\/#\/schema\/logo\/image\/"}}]}},"_links":{"self":[{"href":"https:\/\/www.easly.nl\/de\/wp-json\/wp\/v2\/product\/43702","targetHints":{"allow":["GET"]}}],"collection":[{"href":"https:\/\/www.easly.nl\/de\/wp-json\/wp\/v2\/product"}],"about":[{"href":"https:\/\/www.easly.nl\/de\/wp-json\/wp\/v2\/types\/product"}],"version-history":[{"count":0,"href":"https:\/\/www.easly.nl\/de\/wp-json\/wp\/v2\/product\/43702\/revisions"}],"wp:featuredmedia":[{"embeddable":true,"href":"https:\/\/www.easly.nl\/de\/wp-json\/wp\/v2\/media\/43705"}],"wp:attachment":[{"href":"https:\/\/www.easly.nl\/de\/wp-json\/wp\/v2\/media?parent=43702"}],"wp:term":[{"taxonomy":"product_cat","embeddable":true,"href":"https:\/\/www.easly.nl\/de\/wp-json\/wp\/v2\/product_cat?post=43702"},{"taxonomy":"product_tag","embeddable":true,"href":"https:\/\/www.easly.nl\/de\/wp-json\/wp\/v2\/product_tag?post=43702"}],"curies":[{"name":"wp","href":"https:\/\/api.w.org\/{rel}","templated":true}]}}