{"id":43573,"date":"2022-09-22T17:22:51","date_gmt":"2022-09-22T17:22:51","guid":{"rendered":"https:\/\/www.easly.nl\/product\/test-des-eisenstatus\/"},"modified":"2026-02-25T16:04:19","modified_gmt":"2026-02-25T15:04:19","slug":"test-des-eisenstatus","status":"publish","type":"product","link":"https:\/\/www.easly.nl\/de\/gesundheitstests\/eisen-mangel-test\/","title":{"rendered":"Test des Eisenstatus"},"content":{"rendered":"<p>Sind Sie oft m\u00fcde? Haben Sie wenig Appetit oder f\u00fchlen Sie sich geistig weniger fit? Dann leiden Sie m\u00f6glicherweise unter einem niedrigen Eisengehalt. Tats\u00e4chlich haben viele Menschen einen Eisenmangel, ohne es zu wissen. Mit einem Easly-Test l\u00e4sst sich ein m\u00f6glicher Eisenmangel leicht feststellen.<\/p>\n<p>Mit einem Easly-Selbsttest k\u00f6nnen Sie das Eisen im Blut messen, das Ihnen zu Hause abgenommen wird. Mit einem Stich in den Finger nehmen Sie morgens vor Ihrer ersten Mahlzeit Blut ab. Sie schicken die Probe an unser Labor, wo sie gr\u00fcndlich analysiert wird. Etwa 48 Stunden nach Eingang der Probe im Labor k\u00f6nnen Sie die Ergebnisse einsehen.<\/p>\n","protected":false},"excerpt":{"rendered":"<p>Symptome wie Bl\u00e4sse und M\u00fcdigkeit k\u00f6nnen auf einen Eisenmangel in Ihrem Blut hinweisen. Der Eisenstatus-Test zeigt, ob dies der Fall ist.<\/p>\n","protected":false},"featured_media":43574,"template":"","meta":{"_acf_changed":false,"footnotes":""},"product_cat":[1137,1257],"product_tag":[2002],"class_list":{"0":"post-43573","1":"product","2":"type-product","3":"status-publish","4":"has-post-thumbnail","6":"product_cat-allgemeine-gesundheit","7":"product_cat-unkategorisiert","8":"product_tag-jetzt-im-preis-reduziert","10":"first","11":"instock","12":"sale","13":"taxable","14":"shipping-taxable","15":"purchasable","16":"product-type-simple"},"acf":[],"yoast_head":"<!-- This site is optimized with the Yoast SEO plugin v24.3 - https:\/\/yoast.com\/wordpress\/plugins\/seo\/ -->\n<title>Selbsttest bei Eisenmangel: Testen Sie Ihren Eisenwert zu Hause<\/title>\n<meta name=\"description\" content=\"Mit dem Easly Eisenmangel Selbsttest ist es einfach, einen Eisenmangel zu messen. Sie k\u00f6nnen den Test hier kaufen.\" \/>\n<meta name=\"robots\" content=\"index, follow, max-snippet:-1, max-image-preview:large, max-video-preview:-1\" \/>\n<link rel=\"canonical\" href=\"https:\/\/www.easly.nl\/de\/gesundheitstests\/eisen-mangel-test\/\" \/>\n<meta property=\"og:locale\" content=\"de_DE\" \/>\n<meta property=\"og:type\" content=\"article\" \/>\n<meta property=\"og:title\" content=\"Selbsttest bei Eisenmangel: Testen Sie Ihren Eisenwert zu Hause\" \/>\n<meta property=\"og:description\" content=\"Mit dem Easly Eisenmangel Selbsttest ist es einfach, einen Eisenmangel zu messen. Sie k\u00f6nnen den Test hier kaufen.\" \/>\n<meta property=\"og:url\" content=\"https:\/\/www.easly.nl\/de\/gesundheitstests\/eisen-mangel-test\/\" \/>\n<meta property=\"og:site_name\" content=\"Easly Shop\" \/>\n<meta property=\"article:modified_time\" content=\"2026-02-25T15:04:19+00:00\" \/>\n<meta property=\"og:image\" content=\"https:\/\/www.easly.nl\/wp-content\/uploads\/sites\/13\/2022\/09\/Easly-Ijzerstatus-8720256100102.webp\" \/>\n\t<meta property=\"og:image:width\" content=\"1044\" \/>\n\t<meta property=\"og:image:height\" content=\"804\" \/>\n\t<meta property=\"og:image:type\" content=\"image\/webp\" \/>\n<meta name=\"twitter:card\" content=\"summary_large_image\" \/>\n<meta name=\"twitter:label1\" content=\"Gesch\u00e4tzte Lesezeit\" \/>\n\t<meta name=\"twitter:data1\" content=\"1 Minute\" \/>\n<script type=\"application\/ld+json\" class=\"yoast-schema-graph\">{\"@context\":\"https:\/\/schema.org\",\"@graph\":[{\"@type\":\"WebPage\",\"@id\":\"https:\/\/www.easly.nl\/de\/gesundheitstests\/eisen-mangel-test\/\",\"url\":\"https:\/\/www.easly.nl\/de\/gesundheitstests\/eisen-mangel-test\/\",\"name\":\"Selbsttest bei Eisenmangel: Testen Sie Ihren Eisenwert zu Hause\",\"isPartOf\":{\"@id\":\"https:\/\/www.easly.nl\/de\/#website\"},\"primaryImageOfPage\":{\"@id\":\"https:\/\/www.easly.nl\/de\/gesundheitstests\/eisen-mangel-test\/#primaryimage\"},\"image\":{\"@id\":\"https:\/\/www.easly.nl\/de\/gesundheitstests\/eisen-mangel-test\/#primaryimage\"},\"thumbnailUrl\":\"https:\/\/www.easly.nl\/wp-content\/uploads\/sites\/13\/2022\/09\/Easly-Ijzerstatus-8720256100102.webp\",\"datePublished\":\"2022-09-22T17:22:51+00:00\",\"dateModified\":\"2026-02-25T15:04:19+00:00\",\"description\":\"Mit dem Easly Eisenmangel Selbsttest ist es einfach, einen Eisenmangel zu messen. Sie k\u00f6nnen den Test hier kaufen.\",\"breadcrumb\":{\"@id\":\"https:\/\/www.easly.nl\/de\/gesundheitstests\/eisen-mangel-test\/#breadcrumb\"},\"inLanguage\":\"de-DE\",\"potentialAction\":[{\"@type\":\"ReadAction\",\"target\":[\"https:\/\/www.easly.nl\/de\/gesundheitstests\/eisen-mangel-test\/\"]}]},{\"@type\":\"ImageObject\",\"inLanguage\":\"de-DE\",\"@id\":\"https:\/\/www.easly.nl\/de\/gesundheitstests\/eisen-mangel-test\/#primaryimage\",\"url\":\"https:\/\/www.easly.nl\/wp-content\/uploads\/sites\/13\/2022\/09\/Easly-Ijzerstatus-8720256100102.webp\",\"contentUrl\":\"https:\/\/www.easly.nl\/wp-content\/uploads\/sites\/13\/2022\/09\/Easly-Ijzerstatus-8720256100102.webp\",\"width\":1044,\"height\":804},{\"@type\":\"BreadcrumbList\",\"@id\":\"https:\/\/www.easly.nl\/de\/gesundheitstests\/eisen-mangel-test\/#breadcrumb\",\"itemListElement\":[{\"@type\":\"ListItem\",\"position\":1,\"name\":\"Startseite\",\"item\":\"https:\/\/www.easly.nl\/de\/\"},{\"@type\":\"ListItem\",\"position\":2,\"name\":\"Shop\",\"item\":\"https:\/\/www.easly.nl\/shop\/\"},{\"@type\":\"ListItem\",\"position\":3,\"name\":\"Test des Eisenstatus\"}]},{\"@type\":\"WebSite\",\"@id\":\"https:\/\/www.easly.nl\/de\/#website\",\"url\":\"https:\/\/www.easly.nl\/de\/\",\"name\":\"Easly Shop\",\"description\":\"Safe &amp; simple online COVID testing\",\"publisher\":{\"@id\":\"https:\/\/www.easly.nl\/de\/#organization\"},\"potentialAction\":[{\"@type\":\"SearchAction\",\"target\":{\"@type\":\"EntryPoint\",\"urlTemplate\":\"https:\/\/www.easly.nl\/de\/?s={search_term_string}\"},\"query-input\":{\"@type\":\"PropertyValueSpecification\",\"valueRequired\":true,\"valueName\":\"search_term_string\"}}],\"inLanguage\":\"de-DE\"},{\"@type\":\"Organization\",\"@id\":\"https:\/\/www.easly.nl\/de\/#organization\",\"name\":\"Easly.nl\",\"url\":\"https:\/\/www.easly.nl\/de\/\",\"logo\":{\"@type\":\"ImageObject\",\"inLanguage\":\"de-DE\",\"@id\":\"https:\/\/www.easly.nl\/de\/#\/schema\/logo\/image\/\",\"url\":\"https:\/\/www.easly.nl\/wp-content\/uploads\/sites\/13\/2022\/10\/easly_logoslogan_color.png\",\"contentUrl\":\"https:\/\/www.easly.nl\/wp-content\/uploads\/sites\/13\/2022\/10\/easly_logoslogan_color.png\",\"width\":157,\"height\":38,\"caption\":\"Easly.nl\"},\"image\":{\"@id\":\"https:\/\/www.easly.nl\/de\/#\/schema\/logo\/image\/\"}}]}<\/script>\n<!-- \/ Yoast SEO plugin. -->","yoast_head_json":{"title":"Selbsttest bei Eisenmangel: Testen Sie Ihren Eisenwert zu Hause","description":"Mit dem Easly Eisenmangel Selbsttest ist es einfach, einen Eisenmangel zu messen. Sie k\u00f6nnen den Test hier kaufen.","robots":{"index":"index","follow":"follow","max-snippet":"max-snippet:-1","max-image-preview":"max-image-preview:large","max-video-preview":"max-video-preview:-1"},"canonical":"https:\/\/www.easly.nl\/de\/gesundheitstests\/eisen-mangel-test\/","og_locale":"de_DE","og_type":"article","og_title":"Selbsttest bei Eisenmangel: Testen Sie Ihren Eisenwert zu Hause","og_description":"Mit dem Easly Eisenmangel Selbsttest ist es einfach, einen Eisenmangel zu messen. Sie k\u00f6nnen den Test hier kaufen.","og_url":"https:\/\/www.easly.nl\/de\/gesundheitstests\/eisen-mangel-test\/","og_site_name":"Easly Shop","article_modified_time":"2026-02-25T15:04:19+00:00","og_image":[{"width":1044,"height":804,"url":"https:\/\/www.easly.nl\/wp-content\/uploads\/sites\/13\/2022\/09\/Easly-Ijzerstatus-8720256100102.webp","type":"image\/webp"}],"twitter_card":"summary_large_image","twitter_misc":{"Gesch\u00e4tzte Lesezeit":"1 Minute"},"schema":{"@context":"https:\/\/schema.org","@graph":[{"@type":"WebPage","@id":"https:\/\/www.easly.nl\/de\/gesundheitstests\/eisen-mangel-test\/","url":"https:\/\/www.easly.nl\/de\/gesundheitstests\/eisen-mangel-test\/","name":"Selbsttest bei Eisenmangel: Testen Sie Ihren Eisenwert zu Hause","isPartOf":{"@id":"https:\/\/www.easly.nl\/de\/#website"},"primaryImageOfPage":{"@id":"https:\/\/www.easly.nl\/de\/gesundheitstests\/eisen-mangel-test\/#primaryimage"},"image":{"@id":"https:\/\/www.easly.nl\/de\/gesundheitstests\/eisen-mangel-test\/#primaryimage"},"thumbnailUrl":"https:\/\/www.easly.nl\/wp-content\/uploads\/sites\/13\/2022\/09\/Easly-Ijzerstatus-8720256100102.webp","datePublished":"2022-09-22T17:22:51+00:00","dateModified":"2026-02-25T15:04:19+00:00","description":"Mit dem Easly Eisenmangel Selbsttest ist es einfach, einen Eisenmangel zu messen. Sie k\u00f6nnen den Test hier kaufen.","breadcrumb":{"@id":"https:\/\/www.easly.nl\/de\/gesundheitstests\/eisen-mangel-test\/#breadcrumb"},"inLanguage":"de-DE","potentialAction":[{"@type":"ReadAction","target":["https:\/\/www.easly.nl\/de\/gesundheitstests\/eisen-mangel-test\/"]}]},{"@type":"ImageObject","inLanguage":"de-DE","@id":"https:\/\/www.easly.nl\/de\/gesundheitstests\/eisen-mangel-test\/#primaryimage","url":"https:\/\/www.easly.nl\/wp-content\/uploads\/sites\/13\/2022\/09\/Easly-Ijzerstatus-8720256100102.webp","contentUrl":"https:\/\/www.easly.nl\/wp-content\/uploads\/sites\/13\/2022\/09\/Easly-Ijzerstatus-8720256100102.webp","width":1044,"height":804},{"@type":"BreadcrumbList","@id":"https:\/\/www.easly.nl\/de\/gesundheitstests\/eisen-mangel-test\/#breadcrumb","itemListElement":[{"@type":"ListItem","position":1,"name":"Startseite","item":"https:\/\/www.easly.nl\/de\/"},{"@type":"ListItem","position":2,"name":"Shop","item":"https:\/\/www.easly.nl\/shop\/"},{"@type":"ListItem","position":3,"name":"Test des Eisenstatus"}]},{"@type":"WebSite","@id":"https:\/\/www.easly.nl\/de\/#website","url":"https:\/\/www.easly.nl\/de\/","name":"Easly Shop","description":"Safe &amp; simple online COVID testing","publisher":{"@id":"https:\/\/www.easly.nl\/de\/#organization"},"potentialAction":[{"@type":"SearchAction","target":{"@type":"EntryPoint","urlTemplate":"https:\/\/www.easly.nl\/de\/?s={search_term_string}"},"query-input":{"@type":"PropertyValueSpecification","valueRequired":true,"valueName":"search_term_string"}}],"inLanguage":"de-DE"},{"@type":"Organization","@id":"https:\/\/www.easly.nl\/de\/#organization","name":"Easly.nl","url":"https:\/\/www.easly.nl\/de\/","logo":{"@type":"ImageObject","inLanguage":"de-DE","@id":"https:\/\/www.easly.nl\/de\/#\/schema\/logo\/image\/","url":"https:\/\/www.easly.nl\/wp-content\/uploads\/sites\/13\/2022\/10\/easly_logoslogan_color.png","contentUrl":"https:\/\/www.easly.nl\/wp-content\/uploads\/sites\/13\/2022\/10\/easly_logoslogan_color.png","width":157,"height":38,"caption":"Easly.nl"},"image":{"@id":"https:\/\/www.easly.nl\/de\/#\/schema\/logo\/image\/"}}]}},"_links":{"self":[{"href":"https:\/\/www.easly.nl\/de\/wp-json\/wp\/v2\/product\/43573","targetHints":{"allow":["GET"]}}],"collection":[{"href":"https:\/\/www.easly.nl\/de\/wp-json\/wp\/v2\/product"}],"about":[{"href":"https:\/\/www.easly.nl\/de\/wp-json\/wp\/v2\/types\/product"}],"version-history":[{"count":1,"href":"https:\/\/www.easly.nl\/de\/wp-json\/wp\/v2\/product\/43573\/revisions"}],"predecessor-version":[{"id":50106,"href":"https:\/\/www.easly.nl\/de\/wp-json\/wp\/v2\/product\/43573\/revisions\/50106"}],"wp:featuredmedia":[{"embeddable":true,"href":"https:\/\/www.easly.nl\/de\/wp-json\/wp\/v2\/media\/43574"}],"wp:attachment":[{"href":"https:\/\/www.easly.nl\/de\/wp-json\/wp\/v2\/media?parent=43573"}],"wp:term":[{"taxonomy":"product_cat","embeddable":true,"href":"https:\/\/www.easly.nl\/de\/wp-json\/wp\/v2\/product_cat?post=43573"},{"taxonomy":"product_tag","embeddable":true,"href":"https:\/\/www.easly.nl\/de\/wp-json\/wp\/v2\/product_tag?post=43573"}],"curies":[{"name":"wp","href":"https:\/\/api.w.org\/{rel}","templated":true}]}}