{"id":43432,"date":"2022-09-22T17:23:57","date_gmt":"2022-09-22T17:23:57","guid":{"rendered":"https:\/\/www.easly.nl\/product\/hamoglobin-test\/"},"modified":"2024-11-29T01:06:04","modified_gmt":"2024-11-29T00:06:04","slug":"hamoglobin-test","status":"publish","type":"product","link":"https:\/\/www.easly.nl\/de\/gesundheitstests\/hb-selbsttest\/","title":{"rendered":"H\u00e4moglobin-Test"},"content":{"rendered":"<p>H\u00e4moglobin (Hb) ist ein Protein, das Teil der roten Blutk\u00f6rperchen ist. So enth\u00e4lt jedes rote Blutk\u00f6rperchen \u00fcber 200 Millionen H\u00e4moglobin-Proteine. Wenn das Risiko einer An\u00e4mie besteht, wird diese Substanz immer bei einer Blutuntersuchung untersucht. Denn H\u00e4moglobin sorgt f\u00fcr den Sauerstofftransport im Blut und ist damit eine lebenswichtige Substanz f\u00fcr den K\u00f6rper.<\/p>\n<p>&nbsp;<\/p>\n<p>Mit dem Easly-H\u00e4moglobin-Test wird der H\u00e4moglobinwert im Blut bestimmt. Dies geschieht nicht durch eine Blutentnahme im Krankenhaus, sondern einfach durch einen Stich in den Finger. So k\u00f6nnen Sie den Hb-Wert von nun an selbst messen. Sie schicken uns einfach Ihre Blutprobe, und wir pr\u00fcfen, ob gen\u00fcgend H\u00e4moglobin in Ihrem Blut vorhanden ist. Da unser Blut unter anderem daf\u00fcr sorgt, dass unsere Organe richtig funktionieren, sind (pr\u00e4ventive) Blutuntersuchungen enorm wichtig.<\/p>\n","protected":false},"excerpt":{"rendered":"<p>H\u00e4moglobin sorgt f\u00fcr den Sauerstofftransport in Ihrem Blut. Testen Sie Ihren Hb-Wert, um festzustellen, ob Sie an\u00e4misch sind. Schnelle Ergebnisse mit der Easly-App.<\/p>\n","protected":false},"featured_media":43434,"template":"","meta":{"_acf_changed":false,"footnotes":""},"product_cat":[1137,1257],"product_tag":[1144],"class_list":{"0":"post-43432","1":"product","2":"type-product","3":"status-publish","4":"has-post-thumbnail","6":"product_cat-allgemeine-gesundheit","7":"product_cat-unkategorisiert","8":"product_tag-medizinische-interpretation-und-beratung","10":"first","11":"instock","12":"taxable","13":"shipping-taxable","14":"purchasable","15":"product-type-simple"},"acf":[],"yoast_head":"<!-- This site is optimized with the Yoast SEO plugin v24.3 - https:\/\/yoast.com\/wordpress\/plugins\/seo\/ -->\n<title>Testen Sie Ihren H\u00e4moglobinwert mit dem H\u00e4moglobin (Hb) Test<\/title>\n<meta name=\"description\" content=\"Machen Sie sich Sorgen, dass Sie an\u00e4misch sein k\u00f6nnten? Bei Easly k\u00f6nnen Sie jetzt einen H\u00e4moglobin (Hb)-Test kaufen, den Sie selbst zu Hause in aller Ruhe durchf\u00fchren k\u00f6nnen.\" \/>\n<meta name=\"robots\" content=\"index, follow, max-snippet:-1, max-image-preview:large, max-video-preview:-1\" \/>\n<link rel=\"canonical\" href=\"https:\/\/www.easly.nl\/de\/gesundheitstests\/hb-selbsttest\/\" \/>\n<meta property=\"og:locale\" content=\"de_DE\" \/>\n<meta property=\"og:type\" content=\"article\" \/>\n<meta property=\"og:title\" content=\"Testen Sie Ihren H\u00e4moglobinwert mit dem H\u00e4moglobin (Hb) Test\" \/>\n<meta property=\"og:description\" content=\"Machen Sie sich Sorgen, dass Sie an\u00e4misch sein k\u00f6nnten? Bei Easly k\u00f6nnen Sie jetzt einen H\u00e4moglobin (Hb)-Test kaufen, den Sie selbst zu Hause in aller Ruhe durchf\u00fchren k\u00f6nnen.\" \/>\n<meta property=\"og:url\" content=\"https:\/\/www.easly.nl\/de\/gesundheitstests\/hb-selbsttest\/\" \/>\n<meta property=\"og:site_name\" content=\"Easly Shop\" \/>\n<meta property=\"article:modified_time\" content=\"2024-11-29T00:06:04+00:00\" \/>\n<meta property=\"og:image\" content=\"https:\/\/www.easly.nl\/wp-content\/uploads\/sites\/13\/2022\/09\/Easly-Hemoglobine-8720256100119.webp\" \/>\n\t<meta property=\"og:image:width\" content=\"1044\" \/>\n\t<meta property=\"og:image:height\" content=\"804\" \/>\n\t<meta property=\"og:image:type\" content=\"image\/webp\" \/>\n<meta name=\"twitter:card\" content=\"summary_large_image\" \/>\n<meta name=\"twitter:label1\" content=\"Gesch\u00e4tzte Lesezeit\" \/>\n\t<meta name=\"twitter:data1\" content=\"1 Minute\" \/>\n<script type=\"application\/ld+json\" class=\"yoast-schema-graph\">{\"@context\":\"https:\/\/schema.org\",\"@graph\":[{\"@type\":\"WebPage\",\"@id\":\"https:\/\/www.easly.nl\/de\/gesundheitstests\/hb-selbsttest\/\",\"url\":\"https:\/\/www.easly.nl\/de\/gesundheitstests\/hb-selbsttest\/\",\"name\":\"Testen Sie Ihren H\u00e4moglobinwert mit dem H\u00e4moglobin (Hb) Test\",\"isPartOf\":{\"@id\":\"https:\/\/www.easly.nl\/de\/#website\"},\"primaryImageOfPage\":{\"@id\":\"https:\/\/www.easly.nl\/de\/gesundheitstests\/hb-selbsttest\/#primaryimage\"},\"image\":{\"@id\":\"https:\/\/www.easly.nl\/de\/gesundheitstests\/hb-selbsttest\/#primaryimage\"},\"thumbnailUrl\":\"https:\/\/www.easly.nl\/wp-content\/uploads\/sites\/13\/2022\/09\/Easly-Hemoglobine-8720256100119.webp\",\"datePublished\":\"2022-09-22T17:23:57+00:00\",\"dateModified\":\"2024-11-29T00:06:04+00:00\",\"description\":\"Machen Sie sich Sorgen, dass Sie an\u00e4misch sein k\u00f6nnten? Bei Easly k\u00f6nnen Sie jetzt einen H\u00e4moglobin (Hb)-Test kaufen, den Sie selbst zu Hause in aller Ruhe durchf\u00fchren k\u00f6nnen.\",\"breadcrumb\":{\"@id\":\"https:\/\/www.easly.nl\/de\/gesundheitstests\/hb-selbsttest\/#breadcrumb\"},\"inLanguage\":\"de-DE\",\"potentialAction\":[{\"@type\":\"ReadAction\",\"target\":[\"https:\/\/www.easly.nl\/de\/gesundheitstests\/hb-selbsttest\/\"]}]},{\"@type\":\"ImageObject\",\"inLanguage\":\"de-DE\",\"@id\":\"https:\/\/www.easly.nl\/de\/gesundheitstests\/hb-selbsttest\/#primaryimage\",\"url\":\"https:\/\/www.easly.nl\/wp-content\/uploads\/sites\/13\/2022\/09\/Easly-Hemoglobine-8720256100119.webp\",\"contentUrl\":\"https:\/\/www.easly.nl\/wp-content\/uploads\/sites\/13\/2022\/09\/Easly-Hemoglobine-8720256100119.webp\",\"width\":1044,\"height\":804},{\"@type\":\"BreadcrumbList\",\"@id\":\"https:\/\/www.easly.nl\/de\/gesundheitstests\/hb-selbsttest\/#breadcrumb\",\"itemListElement\":[{\"@type\":\"ListItem\",\"position\":1,\"name\":\"Startseite\",\"item\":\"https:\/\/www.easly.nl\/de\/\"},{\"@type\":\"ListItem\",\"position\":2,\"name\":\"Shop\",\"item\":\"https:\/\/www.easly.nl\/shop\/\"},{\"@type\":\"ListItem\",\"position\":3,\"name\":\"H\u00e4moglobin-Test\"}]},{\"@type\":\"WebSite\",\"@id\":\"https:\/\/www.easly.nl\/de\/#website\",\"url\":\"https:\/\/www.easly.nl\/de\/\",\"name\":\"Easly Shop\",\"description\":\"Safe &amp; simple online COVID testing\",\"publisher\":{\"@id\":\"https:\/\/www.easly.nl\/de\/#organization\"},\"potentialAction\":[{\"@type\":\"SearchAction\",\"target\":{\"@type\":\"EntryPoint\",\"urlTemplate\":\"https:\/\/www.easly.nl\/de\/?s={search_term_string}\"},\"query-input\":{\"@type\":\"PropertyValueSpecification\",\"valueRequired\":true,\"valueName\":\"search_term_string\"}}],\"inLanguage\":\"de-DE\"},{\"@type\":\"Organization\",\"@id\":\"https:\/\/www.easly.nl\/de\/#organization\",\"name\":\"Easly.nl\",\"url\":\"https:\/\/www.easly.nl\/de\/\",\"logo\":{\"@type\":\"ImageObject\",\"inLanguage\":\"de-DE\",\"@id\":\"https:\/\/www.easly.nl\/de\/#\/schema\/logo\/image\/\",\"url\":\"https:\/\/www.easly.nl\/wp-content\/uploads\/sites\/13\/2022\/10\/easly_logoslogan_color.png\",\"contentUrl\":\"https:\/\/www.easly.nl\/wp-content\/uploads\/sites\/13\/2022\/10\/easly_logoslogan_color.png\",\"width\":157,\"height\":38,\"caption\":\"Easly.nl\"},\"image\":{\"@id\":\"https:\/\/www.easly.nl\/de\/#\/schema\/logo\/image\/\"}}]}<\/script>\n<!-- \/ Yoast SEO plugin. -->","yoast_head_json":{"title":"Testen Sie Ihren H\u00e4moglobinwert mit dem H\u00e4moglobin (Hb) Test","description":"Machen Sie sich Sorgen, dass Sie an\u00e4misch sein k\u00f6nnten? Bei Easly k\u00f6nnen Sie jetzt einen H\u00e4moglobin (Hb)-Test kaufen, den Sie selbst zu Hause in aller Ruhe durchf\u00fchren k\u00f6nnen.","robots":{"index":"index","follow":"follow","max-snippet":"max-snippet:-1","max-image-preview":"max-image-preview:large","max-video-preview":"max-video-preview:-1"},"canonical":"https:\/\/www.easly.nl\/de\/gesundheitstests\/hb-selbsttest\/","og_locale":"de_DE","og_type":"article","og_title":"Testen Sie Ihren H\u00e4moglobinwert mit dem H\u00e4moglobin (Hb) Test","og_description":"Machen Sie sich Sorgen, dass Sie an\u00e4misch sein k\u00f6nnten? Bei Easly k\u00f6nnen Sie jetzt einen H\u00e4moglobin (Hb)-Test kaufen, den Sie selbst zu Hause in aller Ruhe durchf\u00fchren k\u00f6nnen.","og_url":"https:\/\/www.easly.nl\/de\/gesundheitstests\/hb-selbsttest\/","og_site_name":"Easly Shop","article_modified_time":"2024-11-29T00:06:04+00:00","og_image":[{"width":1044,"height":804,"url":"https:\/\/www.easly.nl\/wp-content\/uploads\/sites\/13\/2022\/09\/Easly-Hemoglobine-8720256100119.webp","type":"image\/webp"}],"twitter_card":"summary_large_image","twitter_misc":{"Gesch\u00e4tzte Lesezeit":"1 Minute"},"schema":{"@context":"https:\/\/schema.org","@graph":[{"@type":"WebPage","@id":"https:\/\/www.easly.nl\/de\/gesundheitstests\/hb-selbsttest\/","url":"https:\/\/www.easly.nl\/de\/gesundheitstests\/hb-selbsttest\/","name":"Testen Sie Ihren H\u00e4moglobinwert mit dem H\u00e4moglobin (Hb) Test","isPartOf":{"@id":"https:\/\/www.easly.nl\/de\/#website"},"primaryImageOfPage":{"@id":"https:\/\/www.easly.nl\/de\/gesundheitstests\/hb-selbsttest\/#primaryimage"},"image":{"@id":"https:\/\/www.easly.nl\/de\/gesundheitstests\/hb-selbsttest\/#primaryimage"},"thumbnailUrl":"https:\/\/www.easly.nl\/wp-content\/uploads\/sites\/13\/2022\/09\/Easly-Hemoglobine-8720256100119.webp","datePublished":"2022-09-22T17:23:57+00:00","dateModified":"2024-11-29T00:06:04+00:00","description":"Machen Sie sich Sorgen, dass Sie an\u00e4misch sein k\u00f6nnten? Bei Easly k\u00f6nnen Sie jetzt einen H\u00e4moglobin (Hb)-Test kaufen, den Sie selbst zu Hause in aller Ruhe durchf\u00fchren k\u00f6nnen.","breadcrumb":{"@id":"https:\/\/www.easly.nl\/de\/gesundheitstests\/hb-selbsttest\/#breadcrumb"},"inLanguage":"de-DE","potentialAction":[{"@type":"ReadAction","target":["https:\/\/www.easly.nl\/de\/gesundheitstests\/hb-selbsttest\/"]}]},{"@type":"ImageObject","inLanguage":"de-DE","@id":"https:\/\/www.easly.nl\/de\/gesundheitstests\/hb-selbsttest\/#primaryimage","url":"https:\/\/www.easly.nl\/wp-content\/uploads\/sites\/13\/2022\/09\/Easly-Hemoglobine-8720256100119.webp","contentUrl":"https:\/\/www.easly.nl\/wp-content\/uploads\/sites\/13\/2022\/09\/Easly-Hemoglobine-8720256100119.webp","width":1044,"height":804},{"@type":"BreadcrumbList","@id":"https:\/\/www.easly.nl\/de\/gesundheitstests\/hb-selbsttest\/#breadcrumb","itemListElement":[{"@type":"ListItem","position":1,"name":"Startseite","item":"https:\/\/www.easly.nl\/de\/"},{"@type":"ListItem","position":2,"name":"Shop","item":"https:\/\/www.easly.nl\/shop\/"},{"@type":"ListItem","position":3,"name":"H\u00e4moglobin-Test"}]},{"@type":"WebSite","@id":"https:\/\/www.easly.nl\/de\/#website","url":"https:\/\/www.easly.nl\/de\/","name":"Easly Shop","description":"Safe &amp; simple online COVID testing","publisher":{"@id":"https:\/\/www.easly.nl\/de\/#organization"},"potentialAction":[{"@type":"SearchAction","target":{"@type":"EntryPoint","urlTemplate":"https:\/\/www.easly.nl\/de\/?s={search_term_string}"},"query-input":{"@type":"PropertyValueSpecification","valueRequired":true,"valueName":"search_term_string"}}],"inLanguage":"de-DE"},{"@type":"Organization","@id":"https:\/\/www.easly.nl\/de\/#organization","name":"Easly.nl","url":"https:\/\/www.easly.nl\/de\/","logo":{"@type":"ImageObject","inLanguage":"de-DE","@id":"https:\/\/www.easly.nl\/de\/#\/schema\/logo\/image\/","url":"https:\/\/www.easly.nl\/wp-content\/uploads\/sites\/13\/2022\/10\/easly_logoslogan_color.png","contentUrl":"https:\/\/www.easly.nl\/wp-content\/uploads\/sites\/13\/2022\/10\/easly_logoslogan_color.png","width":157,"height":38,"caption":"Easly.nl"},"image":{"@id":"https:\/\/www.easly.nl\/de\/#\/schema\/logo\/image\/"}}]}},"_links":{"self":[{"href":"https:\/\/www.easly.nl\/de\/wp-json\/wp\/v2\/product\/43432","targetHints":{"allow":["GET"]}}],"collection":[{"href":"https:\/\/www.easly.nl\/de\/wp-json\/wp\/v2\/product"}],"about":[{"href":"https:\/\/www.easly.nl\/de\/wp-json\/wp\/v2\/types\/product"}],"version-history":[{"count":1,"href":"https:\/\/www.easly.nl\/de\/wp-json\/wp\/v2\/product\/43432\/revisions"}],"predecessor-version":[{"id":50008,"href":"https:\/\/www.easly.nl\/de\/wp-json\/wp\/v2\/product\/43432\/revisions\/50008"}],"wp:featuredmedia":[{"embeddable":true,"href":"https:\/\/www.easly.nl\/de\/wp-json\/wp\/v2\/media\/43434"}],"wp:attachment":[{"href":"https:\/\/www.easly.nl\/de\/wp-json\/wp\/v2\/media?parent=43432"}],"wp:term":[{"taxonomy":"product_cat","embeddable":true,"href":"https:\/\/www.easly.nl\/de\/wp-json\/wp\/v2\/product_cat?post=43432"},{"taxonomy":"product_tag","embeddable":true,"href":"https:\/\/www.easly.nl\/de\/wp-json\/wp\/v2\/product_tag?post=43432"}],"curies":[{"name":"wp","href":"https:\/\/api.w.org\/{rel}","templated":true}]}}