{"id":43426,"date":"2022-09-22T17:26:22","date_gmt":"2022-09-22T17:26:22","guid":{"rendered":"https:\/\/www.easly.nl\/product\/testosteron-test\/"},"modified":"2024-11-29T01:05:54","modified_gmt":"2024-11-29T00:05:54","slug":"testosteron-test","status":"publish","type":"product","link":"https:\/\/www.easly.nl\/de\/hormontests\/testosteron-test\/","title":{"rendered":"Testosteron-Test"},"content":{"rendered":"<p>Testosteron hat beim Mann mehrere wichtige Funktionen. Unter anderem sorgt es f\u00fcr die Entwicklung der m\u00e4nnlichen sekund\u00e4ren Geschlechtsmerkmale in der Pubert\u00e4t. Es tr\u00e4gt auch zur Spermienproduktion bei. Dar\u00fcber hinaus tr\u00e4gt es zur Aufrechterhaltung der Libido bei, stimuliert das Wachstum der Skelettmuskulatur und tr\u00e4gt zur Produktion roter Blutk\u00f6rperchen bei. Sowohl ein zu niedriger als auch ein zu hoher Testosteronspiegel kann Probleme verursachen. Testen Sie daher Ihren Testosteronspiegel ganz einfach mit diesem Selbsttest.<\/p>\n","protected":false},"excerpt":{"rendered":"<p>Testosteron spielt eine wichtige Rolle beim Skelettaufbau, beim Muskelaufbau und bei der Libido. Mit diesem Heimtest k\u00f6nnen Sie messen, ob Ihr Testosteronspiegel noch in Ordnung ist.<\/p>\n","protected":false},"featured_media":43427,"template":"","meta":{"_acf_changed":false,"footnotes":""},"product_cat":[1137,1872,1257],"product_tag":[1144],"class_list":{"0":"post-43426","1":"product","2":"type-product","3":"status-publish","4":"has-post-thumbnail","6":"product_cat-allgemeine-gesundheit","7":"product_cat-hormone-de","8":"product_cat-unkategorisiert","9":"product_tag-medizinische-interpretation-und-beratung","11":"first","12":"instock","13":"taxable","14":"shipping-taxable","15":"purchasable","16":"product-type-simple"},"acf":[],"yoast_head":"<!-- This site is optimized with the Yoast SEO plugin v24.3 - https:\/\/yoast.com\/wordpress\/plugins\/seo\/ -->\n<title>Testosteron Test Zuhause<\/title>\n<meta name=\"description\" content=\"Als u wilt weten hoe u de testosteronspiegel moet gebruiken, kunt u de testosterontest gebruiken. Koop uw eigen testkits en ontvang ze gemakkelijk!\" \/>\n<meta name=\"robots\" content=\"index, follow, max-snippet:-1, max-image-preview:large, max-video-preview:-1\" \/>\n<link rel=\"canonical\" href=\"https:\/\/www.easly.nl\/de\/hormontests\/testosteron-test\/\" \/>\n<meta property=\"og:locale\" content=\"de_DE\" \/>\n<meta property=\"og:type\" content=\"article\" \/>\n<meta property=\"og:title\" content=\"Testosteron Test Zuhause\" \/>\n<meta property=\"og:description\" content=\"Als u wilt weten hoe u de testosteronspiegel moet gebruiken, kunt u de testosterontest gebruiken. Koop uw eigen testkits en ontvang ze gemakkelijk!\" \/>\n<meta property=\"og:url\" content=\"https:\/\/www.easly.nl\/de\/hormontests\/testosteron-test\/\" \/>\n<meta property=\"og:site_name\" content=\"Easly Shop\" \/>\n<meta property=\"article:modified_time\" content=\"2024-11-29T00:05:54+00:00\" \/>\n<meta property=\"og:image\" content=\"https:\/\/www.easly.nl\/wp-content\/uploads\/sites\/13\/2022\/09\/Easly-Testosteron-8720256100140.webp\" \/>\n\t<meta property=\"og:image:width\" content=\"1044\" \/>\n\t<meta property=\"og:image:height\" content=\"804\" \/>\n\t<meta property=\"og:image:type\" content=\"image\/webp\" \/>\n<meta name=\"twitter:card\" content=\"summary_large_image\" \/>\n<script type=\"application\/ld+json\" class=\"yoast-schema-graph\">{\"@context\":\"https:\/\/schema.org\",\"@graph\":[{\"@type\":\"WebPage\",\"@id\":\"https:\/\/www.easly.nl\/de\/hormontests\/testosteron-test\/\",\"url\":\"https:\/\/www.easly.nl\/de\/hormontests\/testosteron-test\/\",\"name\":\"Testosteron Test Zuhause\",\"isPartOf\":{\"@id\":\"https:\/\/www.easly.nl\/de\/#website\"},\"primaryImageOfPage\":{\"@id\":\"https:\/\/www.easly.nl\/de\/hormontests\/testosteron-test\/#primaryimage\"},\"image\":{\"@id\":\"https:\/\/www.easly.nl\/de\/hormontests\/testosteron-test\/#primaryimage\"},\"thumbnailUrl\":\"https:\/\/www.easly.nl\/wp-content\/uploads\/sites\/13\/2022\/09\/Easly-Testosteron-8720256100140.webp\",\"datePublished\":\"2022-09-22T17:26:22+00:00\",\"dateModified\":\"2024-11-29T00:05:54+00:00\",\"description\":\"Als u wilt weten hoe u de testosteronspiegel moet gebruiken, kunt u de testosterontest gebruiken. Koop uw eigen testkits en ontvang ze gemakkelijk!\",\"breadcrumb\":{\"@id\":\"https:\/\/www.easly.nl\/de\/hormontests\/testosteron-test\/#breadcrumb\"},\"inLanguage\":\"de-DE\",\"potentialAction\":[{\"@type\":\"ReadAction\",\"target\":[\"https:\/\/www.easly.nl\/de\/hormontests\/testosteron-test\/\"]}]},{\"@type\":\"ImageObject\",\"inLanguage\":\"de-DE\",\"@id\":\"https:\/\/www.easly.nl\/de\/hormontests\/testosteron-test\/#primaryimage\",\"url\":\"https:\/\/www.easly.nl\/wp-content\/uploads\/sites\/13\/2022\/09\/Easly-Testosteron-8720256100140.webp\",\"contentUrl\":\"https:\/\/www.easly.nl\/wp-content\/uploads\/sites\/13\/2022\/09\/Easly-Testosteron-8720256100140.webp\",\"width\":1044,\"height\":804},{\"@type\":\"BreadcrumbList\",\"@id\":\"https:\/\/www.easly.nl\/de\/hormontests\/testosteron-test\/#breadcrumb\",\"itemListElement\":[{\"@type\":\"ListItem\",\"position\":1,\"name\":\"Startseite\",\"item\":\"https:\/\/www.easly.nl\/de\/\"},{\"@type\":\"ListItem\",\"position\":2,\"name\":\"Shop\",\"item\":\"https:\/\/www.easly.nl\/shop\/\"},{\"@type\":\"ListItem\",\"position\":3,\"name\":\"Testosteron-Test\"}]},{\"@type\":\"WebSite\",\"@id\":\"https:\/\/www.easly.nl\/de\/#website\",\"url\":\"https:\/\/www.easly.nl\/de\/\",\"name\":\"Easly Shop\",\"description\":\"Safe &amp; simple online COVID testing\",\"publisher\":{\"@id\":\"https:\/\/www.easly.nl\/de\/#organization\"},\"potentialAction\":[{\"@type\":\"SearchAction\",\"target\":{\"@type\":\"EntryPoint\",\"urlTemplate\":\"https:\/\/www.easly.nl\/de\/?s={search_term_string}\"},\"query-input\":{\"@type\":\"PropertyValueSpecification\",\"valueRequired\":true,\"valueName\":\"search_term_string\"}}],\"inLanguage\":\"de-DE\"},{\"@type\":\"Organization\",\"@id\":\"https:\/\/www.easly.nl\/de\/#organization\",\"name\":\"Easly.nl\",\"url\":\"https:\/\/www.easly.nl\/de\/\",\"logo\":{\"@type\":\"ImageObject\",\"inLanguage\":\"de-DE\",\"@id\":\"https:\/\/www.easly.nl\/de\/#\/schema\/logo\/image\/\",\"url\":\"https:\/\/www.easly.nl\/wp-content\/uploads\/sites\/13\/2022\/10\/easly_logoslogan_color.png\",\"contentUrl\":\"https:\/\/www.easly.nl\/wp-content\/uploads\/sites\/13\/2022\/10\/easly_logoslogan_color.png\",\"width\":157,\"height\":38,\"caption\":\"Easly.nl\"},\"image\":{\"@id\":\"https:\/\/www.easly.nl\/de\/#\/schema\/logo\/image\/\"}}]}<\/script>\n<!-- \/ Yoast SEO plugin. -->","yoast_head_json":{"title":"Testosteron Test Zuhause","description":"Als u wilt weten hoe u de testosteronspiegel moet gebruiken, kunt u de testosterontest gebruiken. Koop uw eigen testkits en ontvang ze gemakkelijk!","robots":{"index":"index","follow":"follow","max-snippet":"max-snippet:-1","max-image-preview":"max-image-preview:large","max-video-preview":"max-video-preview:-1"},"canonical":"https:\/\/www.easly.nl\/de\/hormontests\/testosteron-test\/","og_locale":"de_DE","og_type":"article","og_title":"Testosteron Test Zuhause","og_description":"Als u wilt weten hoe u de testosteronspiegel moet gebruiken, kunt u de testosterontest gebruiken. Koop uw eigen testkits en ontvang ze gemakkelijk!","og_url":"https:\/\/www.easly.nl\/de\/hormontests\/testosteron-test\/","og_site_name":"Easly Shop","article_modified_time":"2024-11-29T00:05:54+00:00","og_image":[{"width":1044,"height":804,"url":"https:\/\/www.easly.nl\/wp-content\/uploads\/sites\/13\/2022\/09\/Easly-Testosteron-8720256100140.webp","type":"image\/webp"}],"twitter_card":"summary_large_image","schema":{"@context":"https:\/\/schema.org","@graph":[{"@type":"WebPage","@id":"https:\/\/www.easly.nl\/de\/hormontests\/testosteron-test\/","url":"https:\/\/www.easly.nl\/de\/hormontests\/testosteron-test\/","name":"Testosteron Test Zuhause","isPartOf":{"@id":"https:\/\/www.easly.nl\/de\/#website"},"primaryImageOfPage":{"@id":"https:\/\/www.easly.nl\/de\/hormontests\/testosteron-test\/#primaryimage"},"image":{"@id":"https:\/\/www.easly.nl\/de\/hormontests\/testosteron-test\/#primaryimage"},"thumbnailUrl":"https:\/\/www.easly.nl\/wp-content\/uploads\/sites\/13\/2022\/09\/Easly-Testosteron-8720256100140.webp","datePublished":"2022-09-22T17:26:22+00:00","dateModified":"2024-11-29T00:05:54+00:00","description":"Als u wilt weten hoe u de testosteronspiegel moet gebruiken, kunt u de testosterontest gebruiken. Koop uw eigen testkits en ontvang ze gemakkelijk!","breadcrumb":{"@id":"https:\/\/www.easly.nl\/de\/hormontests\/testosteron-test\/#breadcrumb"},"inLanguage":"de-DE","potentialAction":[{"@type":"ReadAction","target":["https:\/\/www.easly.nl\/de\/hormontests\/testosteron-test\/"]}]},{"@type":"ImageObject","inLanguage":"de-DE","@id":"https:\/\/www.easly.nl\/de\/hormontests\/testosteron-test\/#primaryimage","url":"https:\/\/www.easly.nl\/wp-content\/uploads\/sites\/13\/2022\/09\/Easly-Testosteron-8720256100140.webp","contentUrl":"https:\/\/www.easly.nl\/wp-content\/uploads\/sites\/13\/2022\/09\/Easly-Testosteron-8720256100140.webp","width":1044,"height":804},{"@type":"BreadcrumbList","@id":"https:\/\/www.easly.nl\/de\/hormontests\/testosteron-test\/#breadcrumb","itemListElement":[{"@type":"ListItem","position":1,"name":"Startseite","item":"https:\/\/www.easly.nl\/de\/"},{"@type":"ListItem","position":2,"name":"Shop","item":"https:\/\/www.easly.nl\/shop\/"},{"@type":"ListItem","position":3,"name":"Testosteron-Test"}]},{"@type":"WebSite","@id":"https:\/\/www.easly.nl\/de\/#website","url":"https:\/\/www.easly.nl\/de\/","name":"Easly Shop","description":"Safe &amp; simple online COVID testing","publisher":{"@id":"https:\/\/www.easly.nl\/de\/#organization"},"potentialAction":[{"@type":"SearchAction","target":{"@type":"EntryPoint","urlTemplate":"https:\/\/www.easly.nl\/de\/?s={search_term_string}"},"query-input":{"@type":"PropertyValueSpecification","valueRequired":true,"valueName":"search_term_string"}}],"inLanguage":"de-DE"},{"@type":"Organization","@id":"https:\/\/www.easly.nl\/de\/#organization","name":"Easly.nl","url":"https:\/\/www.easly.nl\/de\/","logo":{"@type":"ImageObject","inLanguage":"de-DE","@id":"https:\/\/www.easly.nl\/de\/#\/schema\/logo\/image\/","url":"https:\/\/www.easly.nl\/wp-content\/uploads\/sites\/13\/2022\/10\/easly_logoslogan_color.png","contentUrl":"https:\/\/www.easly.nl\/wp-content\/uploads\/sites\/13\/2022\/10\/easly_logoslogan_color.png","width":157,"height":38,"caption":"Easly.nl"},"image":{"@id":"https:\/\/www.easly.nl\/de\/#\/schema\/logo\/image\/"}}]}},"_links":{"self":[{"href":"https:\/\/www.easly.nl\/de\/wp-json\/wp\/v2\/product\/43426","targetHints":{"allow":["GET"]}}],"collection":[{"href":"https:\/\/www.easly.nl\/de\/wp-json\/wp\/v2\/product"}],"about":[{"href":"https:\/\/www.easly.nl\/de\/wp-json\/wp\/v2\/types\/product"}],"version-history":[{"count":0,"href":"https:\/\/www.easly.nl\/de\/wp-json\/wp\/v2\/product\/43426\/revisions"}],"wp:featuredmedia":[{"embeddable":true,"href":"https:\/\/www.easly.nl\/de\/wp-json\/wp\/v2\/media\/43427"}],"wp:attachment":[{"href":"https:\/\/www.easly.nl\/de\/wp-json\/wp\/v2\/media?parent=43426"}],"wp:term":[{"taxonomy":"product_cat","embeddable":true,"href":"https:\/\/www.easly.nl\/de\/wp-json\/wp\/v2\/product_cat?post=43426"},{"taxonomy":"product_tag","embeddable":true,"href":"https:\/\/www.easly.nl\/de\/wp-json\/wp\/v2\/product_tag?post=43426"}],"curies":[{"name":"wp","href":"https:\/\/api.w.org\/{rel}","templated":true}]}}