{"id":43421,"date":"2022-09-22T17:26:31","date_gmt":"2022-09-22T17:26:31","guid":{"rendered":"https:\/\/www.easly.nl\/product\/test-des-stresshormons-cortisol\/"},"modified":"2025-08-24T01:00:26","modified_gmt":"2025-08-24T00:00:26","slug":"test-des-stresshormons-cortisol","status":"publish","type":"product","link":"https:\/\/www.easly.nl\/de\/hormontests\/cortisol-test\/","title":{"rendered":"Test des Stresshormons Cortisol"},"content":{"rendered":"<p>Haben Sie das Gef\u00fchl, dass Sie immer in Eile und gestresst sind? Haben Sie Probleme beim Einschlafen oder sind Sie oft \u00fcberm\u00fcdet? Dann testen Sie Ihren Cortisolspiegel ganz einfach mit diesem Selbsttest. Cortisol ist ein wichtiges Stresshormon. Es ist ein Regulator f\u00fcr andere Hormone in Ihrem K\u00f6rper. Mit dem Easly Cortisol Heimtest k\u00f6nnen Sie Ihren Cortisolspiegel im Handumdrehen messen. Dieser Test zeigt also, wie viel Cortisol, auch bekannt als \u201eStresshormon\u201c, in Ihrem Speichel vorhanden ist.<\/p>\n","protected":false},"excerpt":{"rendered":"<p>Das Stresshormon Cortisol ist ein Indikator f\u00fcr (ungesunden) Stress. Nehmen Sie zu Hause etwas Speichel ab und erhalten Sie die Ergebnisse innerhalb von 2-5 Tagen online.<\/p>\n","protected":false},"featured_media":43425,"template":"","meta":{"_acf_changed":false,"footnotes":""},"product_cat":[1137,1872,1138,1257],"product_tag":[1144],"class_list":{"0":"post-43421","1":"product","2":"type-product","3":"status-publish","4":"has-post-thumbnail","6":"product_cat-allgemeine-gesundheit","7":"product_cat-hormone-de","8":"product_cat-lebensstil-vitamine","9":"product_cat-unkategorisiert","10":"product_tag-medizinische-interpretation-und-beratung","12":"first","13":"instock","14":"taxable","15":"shipping-taxable","16":"purchasable","17":"product-type-simple"},"acf":[],"yoast_head":"<!-- This site is optimized with the Yoast SEO plugin v24.3 - https:\/\/yoast.com\/wordpress\/plugins\/seo\/ -->\n<title>Mit dem Cortisol Test messen Sie Ihr Stresshormon selbst.<\/title>\n<meta name=\"description\" content=\"M\u00f6chten Sie schnell herausfinden, wie es um Ihren Stresspegel bestellt ist? Dann k\u00f6nnen Sie bei Easly einen Cortisol-Test kaufen und ihn zu Hause anwenden.\" \/>\n<meta name=\"robots\" content=\"index, follow, max-snippet:-1, max-image-preview:large, max-video-preview:-1\" \/>\n<link rel=\"canonical\" href=\"https:\/\/www.easly.nl\/de\/hormontests\/cortisol-test\/\" \/>\n<meta property=\"og:locale\" content=\"de_DE\" \/>\n<meta property=\"og:type\" content=\"article\" \/>\n<meta property=\"og:title\" content=\"Mit dem Cortisol Test messen Sie Ihr Stresshormon selbst.\" \/>\n<meta property=\"og:description\" content=\"M\u00f6chten Sie schnell herausfinden, wie es um Ihren Stresspegel bestellt ist? Dann k\u00f6nnen Sie bei Easly einen Cortisol-Test kaufen und ihn zu Hause anwenden.\" \/>\n<meta property=\"og:url\" content=\"https:\/\/www.easly.nl\/de\/hormontests\/cortisol-test\/\" \/>\n<meta property=\"og:site_name\" content=\"Easly Shop\" \/>\n<meta property=\"article:modified_time\" content=\"2025-08-24T00:00:26+00:00\" \/>\n<meta property=\"og:image\" content=\"https:\/\/www.easly.nl\/wp-content\/uploads\/sites\/13\/2022\/09\/Easly-Stress-hormone.webp\" \/>\n\t<meta property=\"og:image:width\" content=\"1044\" \/>\n\t<meta property=\"og:image:height\" content=\"804\" \/>\n\t<meta property=\"og:image:type\" content=\"image\/webp\" \/>\n<meta name=\"twitter:card\" content=\"summary_large_image\" \/>\n<script type=\"application\/ld+json\" class=\"yoast-schema-graph\">{\"@context\":\"https:\/\/schema.org\",\"@graph\":[{\"@type\":\"WebPage\",\"@id\":\"https:\/\/www.easly.nl\/de\/hormontests\/cortisol-test\/\",\"url\":\"https:\/\/www.easly.nl\/de\/hormontests\/cortisol-test\/\",\"name\":\"Mit dem Cortisol Test messen Sie Ihr Stresshormon selbst.\",\"isPartOf\":{\"@id\":\"https:\/\/www.easly.nl\/de\/#website\"},\"primaryImageOfPage\":{\"@id\":\"https:\/\/www.easly.nl\/de\/hormontests\/cortisol-test\/#primaryimage\"},\"image\":{\"@id\":\"https:\/\/www.easly.nl\/de\/hormontests\/cortisol-test\/#primaryimage\"},\"thumbnailUrl\":\"https:\/\/www.easly.nl\/wp-content\/uploads\/sites\/13\/2022\/09\/Easly-Stress-hormone.webp\",\"datePublished\":\"2022-09-22T17:26:31+00:00\",\"dateModified\":\"2025-08-24T00:00:26+00:00\",\"description\":\"M\u00f6chten Sie schnell herausfinden, wie es um Ihren Stresspegel bestellt ist? Dann k\u00f6nnen Sie bei Easly einen Cortisol-Test kaufen und ihn zu Hause anwenden.\",\"breadcrumb\":{\"@id\":\"https:\/\/www.easly.nl\/de\/hormontests\/cortisol-test\/#breadcrumb\"},\"inLanguage\":\"de-DE\",\"potentialAction\":[{\"@type\":\"ReadAction\",\"target\":[\"https:\/\/www.easly.nl\/de\/hormontests\/cortisol-test\/\"]}]},{\"@type\":\"ImageObject\",\"inLanguage\":\"de-DE\",\"@id\":\"https:\/\/www.easly.nl\/de\/hormontests\/cortisol-test\/#primaryimage\",\"url\":\"https:\/\/www.easly.nl\/wp-content\/uploads\/sites\/13\/2022\/09\/Easly-Stress-hormone.webp\",\"contentUrl\":\"https:\/\/www.easly.nl\/wp-content\/uploads\/sites\/13\/2022\/09\/Easly-Stress-hormone.webp\",\"width\":1044,\"height\":804},{\"@type\":\"BreadcrumbList\",\"@id\":\"https:\/\/www.easly.nl\/de\/hormontests\/cortisol-test\/#breadcrumb\",\"itemListElement\":[{\"@type\":\"ListItem\",\"position\":1,\"name\":\"Startseite\",\"item\":\"https:\/\/www.easly.nl\/de\/\"},{\"@type\":\"ListItem\",\"position\":2,\"name\":\"Shop\",\"item\":\"https:\/\/www.easly.nl\/shop\/\"},{\"@type\":\"ListItem\",\"position\":3,\"name\":\"Test des Stresshormons Cortisol\"}]},{\"@type\":\"WebSite\",\"@id\":\"https:\/\/www.easly.nl\/de\/#website\",\"url\":\"https:\/\/www.easly.nl\/de\/\",\"name\":\"Easly Shop\",\"description\":\"Safe &amp; simple online COVID testing\",\"publisher\":{\"@id\":\"https:\/\/www.easly.nl\/de\/#organization\"},\"potentialAction\":[{\"@type\":\"SearchAction\",\"target\":{\"@type\":\"EntryPoint\",\"urlTemplate\":\"https:\/\/www.easly.nl\/de\/?s={search_term_string}\"},\"query-input\":{\"@type\":\"PropertyValueSpecification\",\"valueRequired\":true,\"valueName\":\"search_term_string\"}}],\"inLanguage\":\"de-DE\"},{\"@type\":\"Organization\",\"@id\":\"https:\/\/www.easly.nl\/de\/#organization\",\"name\":\"Easly.nl\",\"url\":\"https:\/\/www.easly.nl\/de\/\",\"logo\":{\"@type\":\"ImageObject\",\"inLanguage\":\"de-DE\",\"@id\":\"https:\/\/www.easly.nl\/de\/#\/schema\/logo\/image\/\",\"url\":\"https:\/\/www.easly.nl\/wp-content\/uploads\/sites\/13\/2022\/10\/easly_logoslogan_color.png\",\"contentUrl\":\"https:\/\/www.easly.nl\/wp-content\/uploads\/sites\/13\/2022\/10\/easly_logoslogan_color.png\",\"width\":157,\"height\":38,\"caption\":\"Easly.nl\"},\"image\":{\"@id\":\"https:\/\/www.easly.nl\/de\/#\/schema\/logo\/image\/\"}}]}<\/script>\n<!-- \/ Yoast SEO plugin. -->","yoast_head_json":{"title":"Mit dem Cortisol Test messen Sie Ihr Stresshormon selbst.","description":"M\u00f6chten Sie schnell herausfinden, wie es um Ihren Stresspegel bestellt ist? Dann k\u00f6nnen Sie bei Easly einen Cortisol-Test kaufen und ihn zu Hause anwenden.","robots":{"index":"index","follow":"follow","max-snippet":"max-snippet:-1","max-image-preview":"max-image-preview:large","max-video-preview":"max-video-preview:-1"},"canonical":"https:\/\/www.easly.nl\/de\/hormontests\/cortisol-test\/","og_locale":"de_DE","og_type":"article","og_title":"Mit dem Cortisol Test messen Sie Ihr Stresshormon selbst.","og_description":"M\u00f6chten Sie schnell herausfinden, wie es um Ihren Stresspegel bestellt ist? Dann k\u00f6nnen Sie bei Easly einen Cortisol-Test kaufen und ihn zu Hause anwenden.","og_url":"https:\/\/www.easly.nl\/de\/hormontests\/cortisol-test\/","og_site_name":"Easly Shop","article_modified_time":"2025-08-24T00:00:26+00:00","og_image":[{"width":1044,"height":804,"url":"https:\/\/www.easly.nl\/wp-content\/uploads\/sites\/13\/2022\/09\/Easly-Stress-hormone.webp","type":"image\/webp"}],"twitter_card":"summary_large_image","schema":{"@context":"https:\/\/schema.org","@graph":[{"@type":"WebPage","@id":"https:\/\/www.easly.nl\/de\/hormontests\/cortisol-test\/","url":"https:\/\/www.easly.nl\/de\/hormontests\/cortisol-test\/","name":"Mit dem Cortisol Test messen Sie Ihr Stresshormon selbst.","isPartOf":{"@id":"https:\/\/www.easly.nl\/de\/#website"},"primaryImageOfPage":{"@id":"https:\/\/www.easly.nl\/de\/hormontests\/cortisol-test\/#primaryimage"},"image":{"@id":"https:\/\/www.easly.nl\/de\/hormontests\/cortisol-test\/#primaryimage"},"thumbnailUrl":"https:\/\/www.easly.nl\/wp-content\/uploads\/sites\/13\/2022\/09\/Easly-Stress-hormone.webp","datePublished":"2022-09-22T17:26:31+00:00","dateModified":"2025-08-24T00:00:26+00:00","description":"M\u00f6chten Sie schnell herausfinden, wie es um Ihren Stresspegel bestellt ist? Dann k\u00f6nnen Sie bei Easly einen Cortisol-Test kaufen und ihn zu Hause anwenden.","breadcrumb":{"@id":"https:\/\/www.easly.nl\/de\/hormontests\/cortisol-test\/#breadcrumb"},"inLanguage":"de-DE","potentialAction":[{"@type":"ReadAction","target":["https:\/\/www.easly.nl\/de\/hormontests\/cortisol-test\/"]}]},{"@type":"ImageObject","inLanguage":"de-DE","@id":"https:\/\/www.easly.nl\/de\/hormontests\/cortisol-test\/#primaryimage","url":"https:\/\/www.easly.nl\/wp-content\/uploads\/sites\/13\/2022\/09\/Easly-Stress-hormone.webp","contentUrl":"https:\/\/www.easly.nl\/wp-content\/uploads\/sites\/13\/2022\/09\/Easly-Stress-hormone.webp","width":1044,"height":804},{"@type":"BreadcrumbList","@id":"https:\/\/www.easly.nl\/de\/hormontests\/cortisol-test\/#breadcrumb","itemListElement":[{"@type":"ListItem","position":1,"name":"Startseite","item":"https:\/\/www.easly.nl\/de\/"},{"@type":"ListItem","position":2,"name":"Shop","item":"https:\/\/www.easly.nl\/shop\/"},{"@type":"ListItem","position":3,"name":"Test des Stresshormons Cortisol"}]},{"@type":"WebSite","@id":"https:\/\/www.easly.nl\/de\/#website","url":"https:\/\/www.easly.nl\/de\/","name":"Easly Shop","description":"Safe &amp; simple online COVID testing","publisher":{"@id":"https:\/\/www.easly.nl\/de\/#organization"},"potentialAction":[{"@type":"SearchAction","target":{"@type":"EntryPoint","urlTemplate":"https:\/\/www.easly.nl\/de\/?s={search_term_string}"},"query-input":{"@type":"PropertyValueSpecification","valueRequired":true,"valueName":"search_term_string"}}],"inLanguage":"de-DE"},{"@type":"Organization","@id":"https:\/\/www.easly.nl\/de\/#organization","name":"Easly.nl","url":"https:\/\/www.easly.nl\/de\/","logo":{"@type":"ImageObject","inLanguage":"de-DE","@id":"https:\/\/www.easly.nl\/de\/#\/schema\/logo\/image\/","url":"https:\/\/www.easly.nl\/wp-content\/uploads\/sites\/13\/2022\/10\/easly_logoslogan_color.png","contentUrl":"https:\/\/www.easly.nl\/wp-content\/uploads\/sites\/13\/2022\/10\/easly_logoslogan_color.png","width":157,"height":38,"caption":"Easly.nl"},"image":{"@id":"https:\/\/www.easly.nl\/de\/#\/schema\/logo\/image\/"}}]}},"_links":{"self":[{"href":"https:\/\/www.easly.nl\/de\/wp-json\/wp\/v2\/product\/43421","targetHints":{"allow":["GET"]}}],"collection":[{"href":"https:\/\/www.easly.nl\/de\/wp-json\/wp\/v2\/product"}],"about":[{"href":"https:\/\/www.easly.nl\/de\/wp-json\/wp\/v2\/types\/product"}],"version-history":[{"count":0,"href":"https:\/\/www.easly.nl\/de\/wp-json\/wp\/v2\/product\/43421\/revisions"}],"wp:featuredmedia":[{"embeddable":true,"href":"https:\/\/www.easly.nl\/de\/wp-json\/wp\/v2\/media\/43425"}],"wp:attachment":[{"href":"https:\/\/www.easly.nl\/de\/wp-json\/wp\/v2\/media?parent=43421"}],"wp:term":[{"taxonomy":"product_cat","embeddable":true,"href":"https:\/\/www.easly.nl\/de\/wp-json\/wp\/v2\/product_cat?post=43421"},{"taxonomy":"product_tag","embeddable":true,"href":"https:\/\/www.easly.nl\/de\/wp-json\/wp\/v2\/product_tag?post=43421"}],"curies":[{"name":"wp","href":"https:\/\/api.w.org\/{rel}","templated":true}]}}