{"id":43414,"date":"2022-09-22T17:34:22","date_gmt":"2022-09-22T17:34:22","guid":{"rendered":"https:\/\/www.easly.nl\/product\/wesentlich-7-allgemeine-und-umfassende-blutuntersuchung\/"},"modified":"2026-02-25T16:19:27","modified_gmt":"2026-02-25T15:19:27","slug":"wesentlich-7-allgemeine-und-umfassende-blutuntersuchung","status":"publish","type":"product","link":"https:\/\/www.easly.nl\/de\/gesundheitstests\/bluttest-essential-7\/","title":{"rendered":"Wesentlich 7: Allgemeine und umfassende Blutuntersuchung"},"content":{"rendered":"<p>M\u00f6chten Sie einen umfassenden Eindruck von Ihrem allgemeinen Gesundheitszustand gewinnen? Das Essential 7-Paket wurde speziell entwickelt, um Ihnen einen umfassenden Einblick in Ihren Gesundheitszustand zu geben. Dieser allgemeine Bluttest untersucht Biomarker, die einen Eindruck von Ihrem Risiko f\u00fcr Herz-Kreislauf-Erkrankungen vermitteln. Au\u00dferdem werden Ihre Leberfunktion, Ihre Blutwerte und Ihr Eisenstatus untersucht.<\/p>\n<p>Dieser Selbsttest eignet sich f\u00fcr alle, die einen pr\u00e4ventiven Gesundheitstest machen wollen und nicht auf die Ergebnisse einer herk\u00f6mmlichen Blutuntersuchung warten m\u00f6chten. Online, einfach und zuverl\u00e4ssig! Unkompliziert.<\/p>\n","protected":false},"excerpt":{"rendered":"<p>Dieser umfassende Bluttest gibt Aufschluss \u00fcber Ihre Gesundheit. Testen Sie Eisenstatus, Cholesterin, H\u00e4matokrit, Glukose und vieles mehr.<\/p>\n","protected":false},"featured_media":43420,"template":"","meta":{"_acf_changed":false,"footnotes":""},"product_cat":[1137,1138,1257],"product_tag":[2002],"class_list":{"0":"post-43414","1":"product","2":"type-product","3":"status-publish","4":"has-post-thumbnail","6":"product_cat-allgemeine-gesundheit","7":"product_cat-lebensstil-vitamine","8":"product_cat-unkategorisiert","9":"product_tag-jetzt-im-preis-reduziert","11":"first","12":"instock","13":"sale","14":"taxable","15":"shipping-taxable","16":"purchasable","17":"product-type-simple"},"acf":[],"yoast_head":"<!-- This site is optimized with the Yoast SEO plugin v24.3 - https:\/\/yoast.com\/wordpress\/plugins\/seo\/ -->\n<title>Dieser Gro\u00dfes blutbild bis zu 7 Biomarker. Ganz einfach<\/title>\n<meta name=\"description\" content=\"Dank dieses gro\u00dfes blutbild k\u00f6nnen Sie beruhigt sein. Von nun an k\u00f6nnen Sie bis zu 7 Biomarker zu Hause testen. So haben Sie immer einen umfassenden Einblick in Ihre Gesundheit.\" \/>\n<meta name=\"robots\" content=\"index, follow, max-snippet:-1, max-image-preview:large, max-video-preview:-1\" \/>\n<link rel=\"canonical\" href=\"https:\/\/www.easly.nl\/de\/gesundheitstests\/bluttest-essential-7\/\" \/>\n<meta property=\"og:locale\" content=\"de_DE\" \/>\n<meta property=\"og:type\" content=\"article\" \/>\n<meta property=\"og:title\" content=\"Dieser Gro\u00dfes blutbild bis zu 7 Biomarker. Ganz einfach\" \/>\n<meta property=\"og:description\" content=\"Dank dieses gro\u00dfes blutbild k\u00f6nnen Sie beruhigt sein. Von nun an k\u00f6nnen Sie bis zu 7 Biomarker zu Hause testen. So haben Sie immer einen umfassenden Einblick in Ihre Gesundheit.\" \/>\n<meta property=\"og:url\" content=\"https:\/\/www.easly.nl\/de\/gesundheitstests\/bluttest-essential-7\/\" \/>\n<meta property=\"og:site_name\" content=\"Easly Shop\" \/>\n<meta property=\"article:modified_time\" content=\"2026-02-25T15:19:27+00:00\" \/>\n<meta property=\"og:image\" content=\"https:\/\/www.easly.nl\/wp-content\/uploads\/sites\/13\/2022\/09\/Easly-Essential-7-8720256100218.webp\" \/>\n\t<meta property=\"og:image:width\" content=\"1044\" \/>\n\t<meta property=\"og:image:height\" content=\"804\" \/>\n\t<meta property=\"og:image:type\" content=\"image\/webp\" \/>\n<meta name=\"twitter:card\" content=\"summary_large_image\" \/>\n<script type=\"application\/ld+json\" class=\"yoast-schema-graph\">{\"@context\":\"https:\/\/schema.org\",\"@graph\":[{\"@type\":\"WebPage\",\"@id\":\"https:\/\/www.easly.nl\/de\/gesundheitstests\/bluttest-essential-7\/\",\"url\":\"https:\/\/www.easly.nl\/de\/gesundheitstests\/bluttest-essential-7\/\",\"name\":\"Dieser Gro\u00dfes blutbild bis zu 7 Biomarker. Ganz einfach\",\"isPartOf\":{\"@id\":\"https:\/\/www.easly.nl\/de\/#website\"},\"primaryImageOfPage\":{\"@id\":\"https:\/\/www.easly.nl\/de\/gesundheitstests\/bluttest-essential-7\/#primaryimage\"},\"image\":{\"@id\":\"https:\/\/www.easly.nl\/de\/gesundheitstests\/bluttest-essential-7\/#primaryimage\"},\"thumbnailUrl\":\"https:\/\/www.easly.nl\/wp-content\/uploads\/sites\/13\/2022\/09\/Easly-Essential-7-8720256100218.webp\",\"datePublished\":\"2022-09-22T17:34:22+00:00\",\"dateModified\":\"2026-02-25T15:19:27+00:00\",\"description\":\"Dank dieses gro\u00dfes blutbild k\u00f6nnen Sie beruhigt sein. Von nun an k\u00f6nnen Sie bis zu 7 Biomarker zu Hause testen. So haben Sie immer einen umfassenden Einblick in Ihre Gesundheit.\",\"breadcrumb\":{\"@id\":\"https:\/\/www.easly.nl\/de\/gesundheitstests\/bluttest-essential-7\/#breadcrumb\"},\"inLanguage\":\"de-DE\",\"potentialAction\":[{\"@type\":\"ReadAction\",\"target\":[\"https:\/\/www.easly.nl\/de\/gesundheitstests\/bluttest-essential-7\/\"]}]},{\"@type\":\"ImageObject\",\"inLanguage\":\"de-DE\",\"@id\":\"https:\/\/www.easly.nl\/de\/gesundheitstests\/bluttest-essential-7\/#primaryimage\",\"url\":\"https:\/\/www.easly.nl\/wp-content\/uploads\/sites\/13\/2022\/09\/Easly-Essential-7-8720256100218.webp\",\"contentUrl\":\"https:\/\/www.easly.nl\/wp-content\/uploads\/sites\/13\/2022\/09\/Easly-Essential-7-8720256100218.webp\",\"width\":1044,\"height\":804},{\"@type\":\"BreadcrumbList\",\"@id\":\"https:\/\/www.easly.nl\/de\/gesundheitstests\/bluttest-essential-7\/#breadcrumb\",\"itemListElement\":[{\"@type\":\"ListItem\",\"position\":1,\"name\":\"Startseite\",\"item\":\"https:\/\/www.easly.nl\/de\/\"},{\"@type\":\"ListItem\",\"position\":2,\"name\":\"Shop\",\"item\":\"https:\/\/www.easly.nl\/shop\/\"},{\"@type\":\"ListItem\",\"position\":3,\"name\":\"Wesentlich 7: Allgemeine und umfassende Blutuntersuchung\"}]},{\"@type\":\"WebSite\",\"@id\":\"https:\/\/www.easly.nl\/de\/#website\",\"url\":\"https:\/\/www.easly.nl\/de\/\",\"name\":\"Easly Shop\",\"description\":\"Safe &amp; simple online COVID testing\",\"publisher\":{\"@id\":\"https:\/\/www.easly.nl\/de\/#organization\"},\"potentialAction\":[{\"@type\":\"SearchAction\",\"target\":{\"@type\":\"EntryPoint\",\"urlTemplate\":\"https:\/\/www.easly.nl\/de\/?s={search_term_string}\"},\"query-input\":{\"@type\":\"PropertyValueSpecification\",\"valueRequired\":true,\"valueName\":\"search_term_string\"}}],\"inLanguage\":\"de-DE\"},{\"@type\":\"Organization\",\"@id\":\"https:\/\/www.easly.nl\/de\/#organization\",\"name\":\"Easly.nl\",\"url\":\"https:\/\/www.easly.nl\/de\/\",\"logo\":{\"@type\":\"ImageObject\",\"inLanguage\":\"de-DE\",\"@id\":\"https:\/\/www.easly.nl\/de\/#\/schema\/logo\/image\/\",\"url\":\"https:\/\/www.easly.nl\/wp-content\/uploads\/sites\/13\/2022\/10\/easly_logoslogan_color.png\",\"contentUrl\":\"https:\/\/www.easly.nl\/wp-content\/uploads\/sites\/13\/2022\/10\/easly_logoslogan_color.png\",\"width\":157,\"height\":38,\"caption\":\"Easly.nl\"},\"image\":{\"@id\":\"https:\/\/www.easly.nl\/de\/#\/schema\/logo\/image\/\"}}]}<\/script>\n<!-- \/ Yoast SEO plugin. -->","yoast_head_json":{"title":"Dieser Gro\u00dfes blutbild bis zu 7 Biomarker. Ganz einfach","description":"Dank dieses gro\u00dfes blutbild k\u00f6nnen Sie beruhigt sein. Von nun an k\u00f6nnen Sie bis zu 7 Biomarker zu Hause testen. So haben Sie immer einen umfassenden Einblick in Ihre Gesundheit.","robots":{"index":"index","follow":"follow","max-snippet":"max-snippet:-1","max-image-preview":"max-image-preview:large","max-video-preview":"max-video-preview:-1"},"canonical":"https:\/\/www.easly.nl\/de\/gesundheitstests\/bluttest-essential-7\/","og_locale":"de_DE","og_type":"article","og_title":"Dieser Gro\u00dfes blutbild bis zu 7 Biomarker. Ganz einfach","og_description":"Dank dieses gro\u00dfes blutbild k\u00f6nnen Sie beruhigt sein. Von nun an k\u00f6nnen Sie bis zu 7 Biomarker zu Hause testen. So haben Sie immer einen umfassenden Einblick in Ihre Gesundheit.","og_url":"https:\/\/www.easly.nl\/de\/gesundheitstests\/bluttest-essential-7\/","og_site_name":"Easly Shop","article_modified_time":"2026-02-25T15:19:27+00:00","og_image":[{"width":1044,"height":804,"url":"https:\/\/www.easly.nl\/wp-content\/uploads\/sites\/13\/2022\/09\/Easly-Essential-7-8720256100218.webp","type":"image\/webp"}],"twitter_card":"summary_large_image","schema":{"@context":"https:\/\/schema.org","@graph":[{"@type":"WebPage","@id":"https:\/\/www.easly.nl\/de\/gesundheitstests\/bluttest-essential-7\/","url":"https:\/\/www.easly.nl\/de\/gesundheitstests\/bluttest-essential-7\/","name":"Dieser Gro\u00dfes blutbild bis zu 7 Biomarker. Ganz einfach","isPartOf":{"@id":"https:\/\/www.easly.nl\/de\/#website"},"primaryImageOfPage":{"@id":"https:\/\/www.easly.nl\/de\/gesundheitstests\/bluttest-essential-7\/#primaryimage"},"image":{"@id":"https:\/\/www.easly.nl\/de\/gesundheitstests\/bluttest-essential-7\/#primaryimage"},"thumbnailUrl":"https:\/\/www.easly.nl\/wp-content\/uploads\/sites\/13\/2022\/09\/Easly-Essential-7-8720256100218.webp","datePublished":"2022-09-22T17:34:22+00:00","dateModified":"2026-02-25T15:19:27+00:00","description":"Dank dieses gro\u00dfes blutbild k\u00f6nnen Sie beruhigt sein. Von nun an k\u00f6nnen Sie bis zu 7 Biomarker zu Hause testen. So haben Sie immer einen umfassenden Einblick in Ihre Gesundheit.","breadcrumb":{"@id":"https:\/\/www.easly.nl\/de\/gesundheitstests\/bluttest-essential-7\/#breadcrumb"},"inLanguage":"de-DE","potentialAction":[{"@type":"ReadAction","target":["https:\/\/www.easly.nl\/de\/gesundheitstests\/bluttest-essential-7\/"]}]},{"@type":"ImageObject","inLanguage":"de-DE","@id":"https:\/\/www.easly.nl\/de\/gesundheitstests\/bluttest-essential-7\/#primaryimage","url":"https:\/\/www.easly.nl\/wp-content\/uploads\/sites\/13\/2022\/09\/Easly-Essential-7-8720256100218.webp","contentUrl":"https:\/\/www.easly.nl\/wp-content\/uploads\/sites\/13\/2022\/09\/Easly-Essential-7-8720256100218.webp","width":1044,"height":804},{"@type":"BreadcrumbList","@id":"https:\/\/www.easly.nl\/de\/gesundheitstests\/bluttest-essential-7\/#breadcrumb","itemListElement":[{"@type":"ListItem","position":1,"name":"Startseite","item":"https:\/\/www.easly.nl\/de\/"},{"@type":"ListItem","position":2,"name":"Shop","item":"https:\/\/www.easly.nl\/shop\/"},{"@type":"ListItem","position":3,"name":"Wesentlich 7: Allgemeine und umfassende Blutuntersuchung"}]},{"@type":"WebSite","@id":"https:\/\/www.easly.nl\/de\/#website","url":"https:\/\/www.easly.nl\/de\/","name":"Easly Shop","description":"Safe &amp; simple online COVID testing","publisher":{"@id":"https:\/\/www.easly.nl\/de\/#organization"},"potentialAction":[{"@type":"SearchAction","target":{"@type":"EntryPoint","urlTemplate":"https:\/\/www.easly.nl\/de\/?s={search_term_string}"},"query-input":{"@type":"PropertyValueSpecification","valueRequired":true,"valueName":"search_term_string"}}],"inLanguage":"de-DE"},{"@type":"Organization","@id":"https:\/\/www.easly.nl\/de\/#organization","name":"Easly.nl","url":"https:\/\/www.easly.nl\/de\/","logo":{"@type":"ImageObject","inLanguage":"de-DE","@id":"https:\/\/www.easly.nl\/de\/#\/schema\/logo\/image\/","url":"https:\/\/www.easly.nl\/wp-content\/uploads\/sites\/13\/2022\/10\/easly_logoslogan_color.png","contentUrl":"https:\/\/www.easly.nl\/wp-content\/uploads\/sites\/13\/2022\/10\/easly_logoslogan_color.png","width":157,"height":38,"caption":"Easly.nl"},"image":{"@id":"https:\/\/www.easly.nl\/de\/#\/schema\/logo\/image\/"}}]}},"_links":{"self":[{"href":"https:\/\/www.easly.nl\/de\/wp-json\/wp\/v2\/product\/43414","targetHints":{"allow":["GET"]}}],"collection":[{"href":"https:\/\/www.easly.nl\/de\/wp-json\/wp\/v2\/product"}],"about":[{"href":"https:\/\/www.easly.nl\/de\/wp-json\/wp\/v2\/types\/product"}],"version-history":[{"count":1,"href":"https:\/\/www.easly.nl\/de\/wp-json\/wp\/v2\/product\/43414\/revisions"}],"predecessor-version":[{"id":49996,"href":"https:\/\/www.easly.nl\/de\/wp-json\/wp\/v2\/product\/43414\/revisions\/49996"}],"wp:featuredmedia":[{"embeddable":true,"href":"https:\/\/www.easly.nl\/de\/wp-json\/wp\/v2\/media\/43420"}],"wp:attachment":[{"href":"https:\/\/www.easly.nl\/de\/wp-json\/wp\/v2\/media?parent=43414"}],"wp:term":[{"taxonomy":"product_cat","embeddable":true,"href":"https:\/\/www.easly.nl\/de\/wp-json\/wp\/v2\/product_cat?post=43414"},{"taxonomy":"product_tag","embeddable":true,"href":"https:\/\/www.easly.nl\/de\/wp-json\/wp\/v2\/product_tag?post=43414"}],"curies":[{"name":"wp","href":"https:\/\/api.w.org\/{rel}","templated":true}]}}