{"id":43411,"date":"2023-11-16T14:33:34","date_gmt":"2023-11-16T14:33:34","guid":{"rendered":"https:\/\/www.easly.nl\/product\/wesentlich-5-blutuntersuchung-und-stresstest\/"},"modified":"2025-01-17T09:47:59","modified_gmt":"2025-01-17T08:47:59","slug":"wesentlich-5-blutuntersuchung-und-stresstest","status":"publish","type":"product","link":"https:\/\/www.easly.nl\/de\/gesundheitstests\/bluttest-essential-5\/","title":{"rendered":"Wesentlich 5: Blutuntersuchung und Stresstest"},"content":{"rendered":"<p>Herz-Kreislauf-Erkrankungen sind die h\u00e4ufigste Todesursache in der westlichen Welt. Au\u00dferdem erfordern sie eine intensive Betreuung und verursachen hohe Kosten im Gesundheitswesen. Die rechtzeitige Erkennung und Behandlung von Herz-Kreislauf-Erkrankungen ist daher \u00e4u\u00dferst wichtig. Aus diesem Grund wurde das Essential 5-Paket speziell zusammengestellt, um einen guten Einblick in Ihre Gesundheit zu erhalten. Mit dem allgemeinen Bluttest und dem Fragebogen von Easly wird speziell Ihr Risiko f\u00fcr Herz-Kreislauf-Erkrankungen getestet.<\/p>\n<p>Dieser pr\u00e4ventive Gesundheitstest ist f\u00fcr jeden geeignet, der sich \u00fcber seine Gesundheit informieren m\u00f6chte. Im Gegensatz zu einem herk\u00f6mmlichen Bluttest k\u00f6nnen Sie die Easly-Selbsttests bequem von zu Hause aus durchf\u00fchren, wann immer es Ihnen passt. Online, einfach und zuverl\u00e4ssig: daf\u00fcr steht Easly.<\/p>\n","protected":false},"excerpt":{"rendered":"<p>Vorbeugung von Herz-Kreislauf-Erkrankungen: Essential 5 testet Ihr Risiko. Einfach, zuverl\u00e4ssig, von zu Hause aus.<\/p>\n","protected":false},"featured_media":43413,"template":"","meta":{"_acf_changed":false,"footnotes":""},"product_cat":[1137,1138,1257],"product_tag":[2002],"class_list":{"0":"post-43411","1":"product","2":"type-product","3":"status-publish","4":"has-post-thumbnail","6":"product_cat-allgemeine-gesundheit","7":"product_cat-lebensstil-vitamine","8":"product_cat-unkategorisiert","9":"product_tag-jetzt-im-preis-reduziert","11":"first","12":"instock","13":"sale","14":"taxable","15":"shipping-taxable","16":"purchasable","17":"product-type-simple"},"acf":[],"yoast_head":"<!-- This site is optimized with the Yoast SEO plugin v24.3 - https:\/\/yoast.com\/wordpress\/plugins\/seo\/ -->\n<title>Wesentlich 5: Blut Selbsttest<\/title>\n<meta name=\"description\" content=\"Machen Sie sich von nun an keine Sorgen mehr \u00fcber Herz-Kreislauf-Erkrankungen, dank dieses allgemeinen Blut selbsttest. Testen Sie sich jetzt zu Hause einfach und diskret\" \/>\n<meta name=\"robots\" content=\"index, follow, max-snippet:-1, max-image-preview:large, max-video-preview:-1\" \/>\n<link rel=\"canonical\" href=\"https:\/\/www.easly.nl\/de\/gesundheitstests\/bluttest-essential-5\/\" \/>\n<meta property=\"og:locale\" content=\"de_DE\" \/>\n<meta property=\"og:type\" content=\"article\" \/>\n<meta property=\"og:title\" content=\"Wesentlich 5: Blut Selbsttest\" \/>\n<meta property=\"og:description\" content=\"Machen Sie sich von nun an keine Sorgen mehr \u00fcber Herz-Kreislauf-Erkrankungen, dank dieses allgemeinen Blut selbsttest. Testen Sie sich jetzt zu Hause einfach und diskret\" \/>\n<meta property=\"og:url\" content=\"https:\/\/www.easly.nl\/de\/gesundheitstests\/bluttest-essential-5\/\" \/>\n<meta property=\"og:site_name\" content=\"Easly Shop\" \/>\n<meta property=\"article:modified_time\" content=\"2025-01-17T08:47:59+00:00\" \/>\n<meta property=\"og:image\" content=\"https:\/\/www.easly.nl\/wp-content\/uploads\/sites\/13\/2023\/11\/Easly-nl-Essential-5.webp\" \/>\n\t<meta property=\"og:image:width\" content=\"673\" \/>\n\t<meta property=\"og:image:height\" content=\"518\" \/>\n\t<meta property=\"og:image:type\" content=\"image\/webp\" \/>\n<meta name=\"twitter:card\" content=\"summary_large_image\" \/>\n<meta name=\"twitter:label1\" content=\"Gesch\u00e4tzte Lesezeit\" \/>\n\t<meta name=\"twitter:data1\" content=\"1 Minute\" \/>\n<script type=\"application\/ld+json\" class=\"yoast-schema-graph\">{\"@context\":\"https:\/\/schema.org\",\"@graph\":[{\"@type\":\"WebPage\",\"@id\":\"https:\/\/www.easly.nl\/de\/gesundheitstests\/bluttest-essential-5\/\",\"url\":\"https:\/\/www.easly.nl\/de\/gesundheitstests\/bluttest-essential-5\/\",\"name\":\"Wesentlich 5: Blut Selbsttest\",\"isPartOf\":{\"@id\":\"https:\/\/www.easly.nl\/de\/#website\"},\"primaryImageOfPage\":{\"@id\":\"https:\/\/www.easly.nl\/de\/gesundheitstests\/bluttest-essential-5\/#primaryimage\"},\"image\":{\"@id\":\"https:\/\/www.easly.nl\/de\/gesundheitstests\/bluttest-essential-5\/#primaryimage\"},\"thumbnailUrl\":\"https:\/\/www.easly.nl\/wp-content\/uploads\/sites\/13\/2023\/11\/Easly-nl-Essential-5.webp\",\"datePublished\":\"2023-11-16T14:33:34+00:00\",\"dateModified\":\"2025-01-17T08:47:59+00:00\",\"description\":\"Machen Sie sich von nun an keine Sorgen mehr \u00fcber Herz-Kreislauf-Erkrankungen, dank dieses allgemeinen Blut selbsttest. Testen Sie sich jetzt zu Hause einfach und diskret\",\"breadcrumb\":{\"@id\":\"https:\/\/www.easly.nl\/de\/gesundheitstests\/bluttest-essential-5\/#breadcrumb\"},\"inLanguage\":\"de-DE\",\"potentialAction\":[{\"@type\":\"ReadAction\",\"target\":[\"https:\/\/www.easly.nl\/de\/gesundheitstests\/bluttest-essential-5\/\"]}]},{\"@type\":\"ImageObject\",\"inLanguage\":\"de-DE\",\"@id\":\"https:\/\/www.easly.nl\/de\/gesundheitstests\/bluttest-essential-5\/#primaryimage\",\"url\":\"https:\/\/www.easly.nl\/wp-content\/uploads\/sites\/13\/2023\/11\/Easly-nl-Essential-5.webp\",\"contentUrl\":\"https:\/\/www.easly.nl\/wp-content\/uploads\/sites\/13\/2023\/11\/Easly-nl-Essential-5.webp\",\"width\":673,\"height\":518},{\"@type\":\"BreadcrumbList\",\"@id\":\"https:\/\/www.easly.nl\/de\/gesundheitstests\/bluttest-essential-5\/#breadcrumb\",\"itemListElement\":[{\"@type\":\"ListItem\",\"position\":1,\"name\":\"Startseite\",\"item\":\"https:\/\/www.easly.nl\/de\/\"},{\"@type\":\"ListItem\",\"position\":2,\"name\":\"Shop\",\"item\":\"https:\/\/www.easly.nl\/shop\/\"},{\"@type\":\"ListItem\",\"position\":3,\"name\":\"Wesentlich 5: Blutuntersuchung und Stresstest\"}]},{\"@type\":\"WebSite\",\"@id\":\"https:\/\/www.easly.nl\/de\/#website\",\"url\":\"https:\/\/www.easly.nl\/de\/\",\"name\":\"Easly Shop\",\"description\":\"Safe &amp; simple online COVID testing\",\"publisher\":{\"@id\":\"https:\/\/www.easly.nl\/de\/#organization\"},\"potentialAction\":[{\"@type\":\"SearchAction\",\"target\":{\"@type\":\"EntryPoint\",\"urlTemplate\":\"https:\/\/www.easly.nl\/de\/?s={search_term_string}\"},\"query-input\":{\"@type\":\"PropertyValueSpecification\",\"valueRequired\":true,\"valueName\":\"search_term_string\"}}],\"inLanguage\":\"de-DE\"},{\"@type\":\"Organization\",\"@id\":\"https:\/\/www.easly.nl\/de\/#organization\",\"name\":\"Easly.nl\",\"url\":\"https:\/\/www.easly.nl\/de\/\",\"logo\":{\"@type\":\"ImageObject\",\"inLanguage\":\"de-DE\",\"@id\":\"https:\/\/www.easly.nl\/de\/#\/schema\/logo\/image\/\",\"url\":\"https:\/\/www.easly.nl\/wp-content\/uploads\/sites\/13\/2022\/10\/easly_logoslogan_color.png\",\"contentUrl\":\"https:\/\/www.easly.nl\/wp-content\/uploads\/sites\/13\/2022\/10\/easly_logoslogan_color.png\",\"width\":157,\"height\":38,\"caption\":\"Easly.nl\"},\"image\":{\"@id\":\"https:\/\/www.easly.nl\/de\/#\/schema\/logo\/image\/\"}}]}<\/script>\n<!-- \/ Yoast SEO plugin. -->","yoast_head_json":{"title":"Wesentlich 5: Blut Selbsttest","description":"Machen Sie sich von nun an keine Sorgen mehr \u00fcber Herz-Kreislauf-Erkrankungen, dank dieses allgemeinen Blut selbsttest. Testen Sie sich jetzt zu Hause einfach und diskret","robots":{"index":"index","follow":"follow","max-snippet":"max-snippet:-1","max-image-preview":"max-image-preview:large","max-video-preview":"max-video-preview:-1"},"canonical":"https:\/\/www.easly.nl\/de\/gesundheitstests\/bluttest-essential-5\/","og_locale":"de_DE","og_type":"article","og_title":"Wesentlich 5: Blut Selbsttest","og_description":"Machen Sie sich von nun an keine Sorgen mehr \u00fcber Herz-Kreislauf-Erkrankungen, dank dieses allgemeinen Blut selbsttest. Testen Sie sich jetzt zu Hause einfach und diskret","og_url":"https:\/\/www.easly.nl\/de\/gesundheitstests\/bluttest-essential-5\/","og_site_name":"Easly Shop","article_modified_time":"2025-01-17T08:47:59+00:00","og_image":[{"width":673,"height":518,"url":"https:\/\/www.easly.nl\/wp-content\/uploads\/sites\/13\/2023\/11\/Easly-nl-Essential-5.webp","type":"image\/webp"}],"twitter_card":"summary_large_image","twitter_misc":{"Gesch\u00e4tzte Lesezeit":"1 Minute"},"schema":{"@context":"https:\/\/schema.org","@graph":[{"@type":"WebPage","@id":"https:\/\/www.easly.nl\/de\/gesundheitstests\/bluttest-essential-5\/","url":"https:\/\/www.easly.nl\/de\/gesundheitstests\/bluttest-essential-5\/","name":"Wesentlich 5: Blut Selbsttest","isPartOf":{"@id":"https:\/\/www.easly.nl\/de\/#website"},"primaryImageOfPage":{"@id":"https:\/\/www.easly.nl\/de\/gesundheitstests\/bluttest-essential-5\/#primaryimage"},"image":{"@id":"https:\/\/www.easly.nl\/de\/gesundheitstests\/bluttest-essential-5\/#primaryimage"},"thumbnailUrl":"https:\/\/www.easly.nl\/wp-content\/uploads\/sites\/13\/2023\/11\/Easly-nl-Essential-5.webp","datePublished":"2023-11-16T14:33:34+00:00","dateModified":"2025-01-17T08:47:59+00:00","description":"Machen Sie sich von nun an keine Sorgen mehr \u00fcber Herz-Kreislauf-Erkrankungen, dank dieses allgemeinen Blut selbsttest. Testen Sie sich jetzt zu Hause einfach und diskret","breadcrumb":{"@id":"https:\/\/www.easly.nl\/de\/gesundheitstests\/bluttest-essential-5\/#breadcrumb"},"inLanguage":"de-DE","potentialAction":[{"@type":"ReadAction","target":["https:\/\/www.easly.nl\/de\/gesundheitstests\/bluttest-essential-5\/"]}]},{"@type":"ImageObject","inLanguage":"de-DE","@id":"https:\/\/www.easly.nl\/de\/gesundheitstests\/bluttest-essential-5\/#primaryimage","url":"https:\/\/www.easly.nl\/wp-content\/uploads\/sites\/13\/2023\/11\/Easly-nl-Essential-5.webp","contentUrl":"https:\/\/www.easly.nl\/wp-content\/uploads\/sites\/13\/2023\/11\/Easly-nl-Essential-5.webp","width":673,"height":518},{"@type":"BreadcrumbList","@id":"https:\/\/www.easly.nl\/de\/gesundheitstests\/bluttest-essential-5\/#breadcrumb","itemListElement":[{"@type":"ListItem","position":1,"name":"Startseite","item":"https:\/\/www.easly.nl\/de\/"},{"@type":"ListItem","position":2,"name":"Shop","item":"https:\/\/www.easly.nl\/shop\/"},{"@type":"ListItem","position":3,"name":"Wesentlich 5: Blutuntersuchung und Stresstest"}]},{"@type":"WebSite","@id":"https:\/\/www.easly.nl\/de\/#website","url":"https:\/\/www.easly.nl\/de\/","name":"Easly Shop","description":"Safe &amp; simple online COVID testing","publisher":{"@id":"https:\/\/www.easly.nl\/de\/#organization"},"potentialAction":[{"@type":"SearchAction","target":{"@type":"EntryPoint","urlTemplate":"https:\/\/www.easly.nl\/de\/?s={search_term_string}"},"query-input":{"@type":"PropertyValueSpecification","valueRequired":true,"valueName":"search_term_string"}}],"inLanguage":"de-DE"},{"@type":"Organization","@id":"https:\/\/www.easly.nl\/de\/#organization","name":"Easly.nl","url":"https:\/\/www.easly.nl\/de\/","logo":{"@type":"ImageObject","inLanguage":"de-DE","@id":"https:\/\/www.easly.nl\/de\/#\/schema\/logo\/image\/","url":"https:\/\/www.easly.nl\/wp-content\/uploads\/sites\/13\/2022\/10\/easly_logoslogan_color.png","contentUrl":"https:\/\/www.easly.nl\/wp-content\/uploads\/sites\/13\/2022\/10\/easly_logoslogan_color.png","width":157,"height":38,"caption":"Easly.nl"},"image":{"@id":"https:\/\/www.easly.nl\/de\/#\/schema\/logo\/image\/"}}]}},"_links":{"self":[{"href":"https:\/\/www.easly.nl\/de\/wp-json\/wp\/v2\/product\/43411","targetHints":{"allow":["GET"]}}],"collection":[{"href":"https:\/\/www.easly.nl\/de\/wp-json\/wp\/v2\/product"}],"about":[{"href":"https:\/\/www.easly.nl\/de\/wp-json\/wp\/v2\/types\/product"}],"version-history":[{"count":1,"href":"https:\/\/www.easly.nl\/de\/wp-json\/wp\/v2\/product\/43411\/revisions"}],"predecessor-version":[{"id":56769,"href":"https:\/\/www.easly.nl\/de\/wp-json\/wp\/v2\/product\/43411\/revisions\/56769"}],"wp:featuredmedia":[{"embeddable":true,"href":"https:\/\/www.easly.nl\/de\/wp-json\/wp\/v2\/media\/43413"}],"wp:attachment":[{"href":"https:\/\/www.easly.nl\/de\/wp-json\/wp\/v2\/media?parent=43411"}],"wp:term":[{"taxonomy":"product_cat","embeddable":true,"href":"https:\/\/www.easly.nl\/de\/wp-json\/wp\/v2\/product_cat?post=43411"},{"taxonomy":"product_tag","embeddable":true,"href":"https:\/\/www.easly.nl\/de\/wp-json\/wp\/v2\/product_tag?post=43411"}],"curies":[{"name":"wp","href":"https:\/\/api.w.org\/{rel}","templated":true}]}}