{"id":43400,"date":"2024-03-10T17:25:35","date_gmt":"2024-03-10T17:25:35","guid":{"rendered":"https:\/\/www.easly.nl\/product\/schilddrusenfunktionstest\/"},"modified":"2026-02-25T16:13:39","modified_gmt":"2026-02-25T15:13:39","slug":"schilddrusenfunktionstest","status":"publish","type":"product","link":"https:\/\/www.easly.nl\/de\/gesundheitstests\/schilddrusen-selbsttest\/","title":{"rendered":"Schilddr\u00fcsenfunktionstest"},"content":{"rendered":"<p>Schilddr\u00fcsenprobleme sind weit verbreitet, und mit dem Schilddr\u00fcsen-Selbsttest k\u00f6nnen Sie leicht \u00fcberpr\u00fcfen, ob diese kleine Dr\u00fcse im Nacken richtig funktioniert. Die beiden h\u00e4ufigsten Ursachen f\u00fcr Schilddr\u00fcsenprobleme sind entweder eine zu schnell oder eine zu langsam arbeitende Schilddr\u00fcse.<\/p>\n<p>Der Test ist einfach. Durch einen Stich in den Finger wird Ihnen Blut abgenommen, woraufhin wir in unserem Labor die Schilddr\u00fcsenfunktion testen. Leiden Sie unter M\u00fcdigkeit, K\u00e4ltegef\u00fchl, trockener Haut, Haarausfall oder anderen langsamen Schilddr\u00fcsensymptomen? Dann testen Sie sich mit Easly und erhalten Sie eine schnelle Antwort.<\/p>\n","protected":false},"excerpt":{"rendered":"<p>Durch einen Stich in den Finger nehmen Sie eine Probe, die Ihre Schilddr\u00fcsenfunktion bestimmt. Kostenloser Versand. Ergebnisse mit Interpretation und Beratung.<\/p>\n","protected":false},"featured_media":43401,"template":"","meta":{"_acf_changed":false,"footnotes":""},"product_cat":[1137,1872,1257],"product_tag":[1144],"class_list":{"0":"post-43400","1":"product","2":"type-product","3":"status-publish","4":"has-post-thumbnail","6":"product_cat-allgemeine-gesundheit","7":"product_cat-hormone-de","8":"product_cat-unkategorisiert","9":"product_tag-medizinische-interpretation-und-beratung","11":"first","12":"instock","13":"sale","14":"taxable","15":"shipping-taxable","16":"purchasable","17":"product-type-simple"},"acf":[],"yoast_head":"<!-- This site is optimized with the Yoast SEO plugin v24.3 - https:\/\/yoast.com\/wordpress\/plugins\/seo\/ -->\n<title>Schilddr\u00fcse-Selbsttest k\u00f6nnen Sie fur Schilddr\u00fcsenfunktion testen<\/title>\n<meta name=\"description\" content=\"Wenn Sie einen Schilddr\u00fcse-Selbsttest f\u00fcr zu Hause gekauft haben, k\u00f6nnen Sie schnell eine Hypothyreose oder eine \u00dcberfunktion feststellen.\" \/>\n<meta name=\"robots\" content=\"index, follow, max-snippet:-1, max-image-preview:large, max-video-preview:-1\" \/>\n<link rel=\"canonical\" href=\"https:\/\/www.easly.nl\/de\/gesundheitstests\/schilddrusen-selbsttest\/\" \/>\n<meta property=\"og:locale\" content=\"de_DE\" \/>\n<meta property=\"og:type\" content=\"article\" \/>\n<meta property=\"og:title\" content=\"Schilddr\u00fcse-Selbsttest k\u00f6nnen Sie fur Schilddr\u00fcsenfunktion testen\" \/>\n<meta property=\"og:description\" content=\"Wenn Sie einen Schilddr\u00fcse-Selbsttest f\u00fcr zu Hause gekauft haben, k\u00f6nnen Sie schnell eine Hypothyreose oder eine \u00dcberfunktion feststellen.\" \/>\n<meta property=\"og:url\" content=\"https:\/\/www.easly.nl\/de\/gesundheitstests\/schilddrusen-selbsttest\/\" \/>\n<meta property=\"og:site_name\" content=\"Easly Shop\" \/>\n<meta property=\"article:modified_time\" content=\"2026-02-25T15:13:39+00:00\" \/>\n<meta property=\"og:image\" content=\"https:\/\/www.easly.nl\/wp-content\/uploads\/sites\/13\/2022\/09\/Easly-Schildklierfunctie-8720256100133.webp\" \/>\n\t<meta property=\"og:image:width\" content=\"1044\" \/>\n\t<meta property=\"og:image:height\" content=\"804\" \/>\n\t<meta property=\"og:image:type\" content=\"image\/webp\" \/>\n<meta name=\"twitter:card\" content=\"summary_large_image\" \/>\n<script type=\"application\/ld+json\" class=\"yoast-schema-graph\">{\"@context\":\"https:\/\/schema.org\",\"@graph\":[{\"@type\":\"WebPage\",\"@id\":\"https:\/\/www.easly.nl\/de\/gesundheitstests\/schilddrusen-selbsttest\/\",\"url\":\"https:\/\/www.easly.nl\/de\/gesundheitstests\/schilddrusen-selbsttest\/\",\"name\":\"Schilddr\u00fcse-Selbsttest k\u00f6nnen Sie fur Schilddr\u00fcsenfunktion testen\",\"isPartOf\":{\"@id\":\"https:\/\/www.easly.nl\/de\/#website\"},\"primaryImageOfPage\":{\"@id\":\"https:\/\/www.easly.nl\/de\/gesundheitstests\/schilddrusen-selbsttest\/#primaryimage\"},\"image\":{\"@id\":\"https:\/\/www.easly.nl\/de\/gesundheitstests\/schilddrusen-selbsttest\/#primaryimage\"},\"thumbnailUrl\":\"https:\/\/www.easly.nl\/wp-content\/uploads\/sites\/13\/2022\/09\/Easly-Schildklierfunctie-8720256100133.webp\",\"datePublished\":\"2024-03-10T17:25:35+00:00\",\"dateModified\":\"2026-02-25T15:13:39+00:00\",\"description\":\"Wenn Sie einen Schilddr\u00fcse-Selbsttest f\u00fcr zu Hause gekauft haben, k\u00f6nnen Sie schnell eine Hypothyreose oder eine \u00dcberfunktion feststellen.\",\"breadcrumb\":{\"@id\":\"https:\/\/www.easly.nl\/de\/gesundheitstests\/schilddrusen-selbsttest\/#breadcrumb\"},\"inLanguage\":\"de-DE\",\"potentialAction\":[{\"@type\":\"ReadAction\",\"target\":[\"https:\/\/www.easly.nl\/de\/gesundheitstests\/schilddrusen-selbsttest\/\"]}]},{\"@type\":\"ImageObject\",\"inLanguage\":\"de-DE\",\"@id\":\"https:\/\/www.easly.nl\/de\/gesundheitstests\/schilddrusen-selbsttest\/#primaryimage\",\"url\":\"https:\/\/www.easly.nl\/wp-content\/uploads\/sites\/13\/2022\/09\/Easly-Schildklierfunctie-8720256100133.webp\",\"contentUrl\":\"https:\/\/www.easly.nl\/wp-content\/uploads\/sites\/13\/2022\/09\/Easly-Schildklierfunctie-8720256100133.webp\",\"width\":1044,\"height\":804,\"caption\":\"Schilddr\u00fcsenfunktionstest\"},{\"@type\":\"BreadcrumbList\",\"@id\":\"https:\/\/www.easly.nl\/de\/gesundheitstests\/schilddrusen-selbsttest\/#breadcrumb\",\"itemListElement\":[{\"@type\":\"ListItem\",\"position\":1,\"name\":\"Startseite\",\"item\":\"https:\/\/www.easly.nl\/de\/\"},{\"@type\":\"ListItem\",\"position\":2,\"name\":\"Shop\",\"item\":\"https:\/\/www.easly.nl\/shop\/\"},{\"@type\":\"ListItem\",\"position\":3,\"name\":\"Schilddr\u00fcsenfunktionstest\"}]},{\"@type\":\"WebSite\",\"@id\":\"https:\/\/www.easly.nl\/de\/#website\",\"url\":\"https:\/\/www.easly.nl\/de\/\",\"name\":\"Easly Shop\",\"description\":\"Safe &amp; simple online COVID testing\",\"publisher\":{\"@id\":\"https:\/\/www.easly.nl\/de\/#organization\"},\"potentialAction\":[{\"@type\":\"SearchAction\",\"target\":{\"@type\":\"EntryPoint\",\"urlTemplate\":\"https:\/\/www.easly.nl\/de\/?s={search_term_string}\"},\"query-input\":{\"@type\":\"PropertyValueSpecification\",\"valueRequired\":true,\"valueName\":\"search_term_string\"}}],\"inLanguage\":\"de-DE\"},{\"@type\":\"Organization\",\"@id\":\"https:\/\/www.easly.nl\/de\/#organization\",\"name\":\"Easly.nl\",\"url\":\"https:\/\/www.easly.nl\/de\/\",\"logo\":{\"@type\":\"ImageObject\",\"inLanguage\":\"de-DE\",\"@id\":\"https:\/\/www.easly.nl\/de\/#\/schema\/logo\/image\/\",\"url\":\"https:\/\/www.easly.nl\/wp-content\/uploads\/sites\/13\/2022\/10\/easly_logoslogan_color.png\",\"contentUrl\":\"https:\/\/www.easly.nl\/wp-content\/uploads\/sites\/13\/2022\/10\/easly_logoslogan_color.png\",\"width\":157,\"height\":38,\"caption\":\"Easly.nl\"},\"image\":{\"@id\":\"https:\/\/www.easly.nl\/de\/#\/schema\/logo\/image\/\"}}]}<\/script>\n<!-- \/ Yoast SEO plugin. -->","yoast_head_json":{"title":"Schilddr\u00fcse-Selbsttest k\u00f6nnen Sie fur Schilddr\u00fcsenfunktion testen","description":"Wenn Sie einen Schilddr\u00fcse-Selbsttest f\u00fcr zu Hause gekauft haben, k\u00f6nnen Sie schnell eine Hypothyreose oder eine \u00dcberfunktion feststellen.","robots":{"index":"index","follow":"follow","max-snippet":"max-snippet:-1","max-image-preview":"max-image-preview:large","max-video-preview":"max-video-preview:-1"},"canonical":"https:\/\/www.easly.nl\/de\/gesundheitstests\/schilddrusen-selbsttest\/","og_locale":"de_DE","og_type":"article","og_title":"Schilddr\u00fcse-Selbsttest k\u00f6nnen Sie fur Schilddr\u00fcsenfunktion testen","og_description":"Wenn Sie einen Schilddr\u00fcse-Selbsttest f\u00fcr zu Hause gekauft haben, k\u00f6nnen Sie schnell eine Hypothyreose oder eine \u00dcberfunktion feststellen.","og_url":"https:\/\/www.easly.nl\/de\/gesundheitstests\/schilddrusen-selbsttest\/","og_site_name":"Easly Shop","article_modified_time":"2026-02-25T15:13:39+00:00","og_image":[{"width":1044,"height":804,"url":"https:\/\/www.easly.nl\/wp-content\/uploads\/sites\/13\/2022\/09\/Easly-Schildklierfunctie-8720256100133.webp","type":"image\/webp"}],"twitter_card":"summary_large_image","schema":{"@context":"https:\/\/schema.org","@graph":[{"@type":"WebPage","@id":"https:\/\/www.easly.nl\/de\/gesundheitstests\/schilddrusen-selbsttest\/","url":"https:\/\/www.easly.nl\/de\/gesundheitstests\/schilddrusen-selbsttest\/","name":"Schilddr\u00fcse-Selbsttest k\u00f6nnen Sie fur Schilddr\u00fcsenfunktion testen","isPartOf":{"@id":"https:\/\/www.easly.nl\/de\/#website"},"primaryImageOfPage":{"@id":"https:\/\/www.easly.nl\/de\/gesundheitstests\/schilddrusen-selbsttest\/#primaryimage"},"image":{"@id":"https:\/\/www.easly.nl\/de\/gesundheitstests\/schilddrusen-selbsttest\/#primaryimage"},"thumbnailUrl":"https:\/\/www.easly.nl\/wp-content\/uploads\/sites\/13\/2022\/09\/Easly-Schildklierfunctie-8720256100133.webp","datePublished":"2024-03-10T17:25:35+00:00","dateModified":"2026-02-25T15:13:39+00:00","description":"Wenn Sie einen Schilddr\u00fcse-Selbsttest f\u00fcr zu Hause gekauft haben, k\u00f6nnen Sie schnell eine Hypothyreose oder eine \u00dcberfunktion feststellen.","breadcrumb":{"@id":"https:\/\/www.easly.nl\/de\/gesundheitstests\/schilddrusen-selbsttest\/#breadcrumb"},"inLanguage":"de-DE","potentialAction":[{"@type":"ReadAction","target":["https:\/\/www.easly.nl\/de\/gesundheitstests\/schilddrusen-selbsttest\/"]}]},{"@type":"ImageObject","inLanguage":"de-DE","@id":"https:\/\/www.easly.nl\/de\/gesundheitstests\/schilddrusen-selbsttest\/#primaryimage","url":"https:\/\/www.easly.nl\/wp-content\/uploads\/sites\/13\/2022\/09\/Easly-Schildklierfunctie-8720256100133.webp","contentUrl":"https:\/\/www.easly.nl\/wp-content\/uploads\/sites\/13\/2022\/09\/Easly-Schildklierfunctie-8720256100133.webp","width":1044,"height":804,"caption":"Schilddr\u00fcsenfunktionstest"},{"@type":"BreadcrumbList","@id":"https:\/\/www.easly.nl\/de\/gesundheitstests\/schilddrusen-selbsttest\/#breadcrumb","itemListElement":[{"@type":"ListItem","position":1,"name":"Startseite","item":"https:\/\/www.easly.nl\/de\/"},{"@type":"ListItem","position":2,"name":"Shop","item":"https:\/\/www.easly.nl\/shop\/"},{"@type":"ListItem","position":3,"name":"Schilddr\u00fcsenfunktionstest"}]},{"@type":"WebSite","@id":"https:\/\/www.easly.nl\/de\/#website","url":"https:\/\/www.easly.nl\/de\/","name":"Easly Shop","description":"Safe &amp; simple online COVID testing","publisher":{"@id":"https:\/\/www.easly.nl\/de\/#organization"},"potentialAction":[{"@type":"SearchAction","target":{"@type":"EntryPoint","urlTemplate":"https:\/\/www.easly.nl\/de\/?s={search_term_string}"},"query-input":{"@type":"PropertyValueSpecification","valueRequired":true,"valueName":"search_term_string"}}],"inLanguage":"de-DE"},{"@type":"Organization","@id":"https:\/\/www.easly.nl\/de\/#organization","name":"Easly.nl","url":"https:\/\/www.easly.nl\/de\/","logo":{"@type":"ImageObject","inLanguage":"de-DE","@id":"https:\/\/www.easly.nl\/de\/#\/schema\/logo\/image\/","url":"https:\/\/www.easly.nl\/wp-content\/uploads\/sites\/13\/2022\/10\/easly_logoslogan_color.png","contentUrl":"https:\/\/www.easly.nl\/wp-content\/uploads\/sites\/13\/2022\/10\/easly_logoslogan_color.png","width":157,"height":38,"caption":"Easly.nl"},"image":{"@id":"https:\/\/www.easly.nl\/de\/#\/schema\/logo\/image\/"}}]}},"_links":{"self":[{"href":"https:\/\/www.easly.nl\/de\/wp-json\/wp\/v2\/product\/43400","targetHints":{"allow":["GET"]}}],"collection":[{"href":"https:\/\/www.easly.nl\/de\/wp-json\/wp\/v2\/product"}],"about":[{"href":"https:\/\/www.easly.nl\/de\/wp-json\/wp\/v2\/types\/product"}],"version-history":[{"count":1,"href":"https:\/\/www.easly.nl\/de\/wp-json\/wp\/v2\/product\/43400\/revisions"}],"predecessor-version":[{"id":52826,"href":"https:\/\/www.easly.nl\/de\/wp-json\/wp\/v2\/product\/43400\/revisions\/52826"}],"wp:featuredmedia":[{"embeddable":true,"href":"https:\/\/www.easly.nl\/de\/wp-json\/wp\/v2\/media\/43401"}],"wp:attachment":[{"href":"https:\/\/www.easly.nl\/de\/wp-json\/wp\/v2\/media?parent=43400"}],"wp:term":[{"taxonomy":"product_cat","embeddable":true,"href":"https:\/\/www.easly.nl\/de\/wp-json\/wp\/v2\/product_cat?post=43400"},{"taxonomy":"product_tag","embeddable":true,"href":"https:\/\/www.easly.nl\/de\/wp-json\/wp\/v2\/product_tag?post=43400"}],"curies":[{"name":"wp","href":"https:\/\/api.w.org\/{rel}","templated":true}]}}