{"id":43394,"date":"2024-03-12T17:26:35","date_gmt":"2024-03-12T17:26:35","guid":{"rendered":"https:\/\/www.easly.nl\/product\/wesentlich-4-allgemeine-blutuntersuchung\/"},"modified":"2025-01-17T09:47:52","modified_gmt":"2025-01-17T08:47:52","slug":"wesentlich-4-allgemeine-blutuntersuchung","status":"publish","type":"product","link":"https:\/\/www.easly.nl\/de\/gesundheitstests\/bluttest-essentiell-4\/","title":{"rendered":"Wesentlich 4: Allgemeine Blutuntersuchung"},"content":{"rendered":"<p>Herz-Kreislauf-Erkrankungen sind die h\u00e4ufigste Todesursache in der westlichen Welt. Au\u00dferdem erfordern sie eine intensive Betreuung und verursachen hohe Kosten im Gesundheitswesen. Die rechtzeitige Erkennung und Behandlung von Herz-Kreislauf-Erkrankungen ist daher von enormer Bedeutung. Deshalb wurde das Paket (Essential 4) speziell zusammengestellt, um einen guten Einblick in Ihre Gesundheit zu erhalten. Der allgemeine Bluttest von Easly testet speziell Ihr Risiko f\u00fcr Herz-Kreislauf-Erkrankungen.<\/p>\n<p>Dieser pr\u00e4ventive Gesundheitstest ist f\u00fcr jeden geeignet, der sich \u00fcber seine Gesundheit informieren m\u00f6chte. Im Gegensatz zu einem herk\u00f6mmlichen Bluttest k\u00f6nnen Sie die Easly-Selbsttests bequem von zu Hause aus durchf\u00fchren, wann immer es Ihnen passt. Online, einfach und zuverl\u00e4ssig: daf\u00fcr steht Easly.<\/p>\n","protected":false},"excerpt":{"rendered":"<p>Testen Sie zu Hause, wenn Sie ein erh\u00f6htes Risiko f\u00fcr Herz-Kreislauf-Erkrankungen haben. Messen Sie Cholesterin, Kreatinin und Triglyceride. Schnelle Ergebnisse und Beratung durch den Arzt.<\/p>\n","protected":false},"featured_media":43399,"template":"","meta":{"_acf_changed":false,"footnotes":""},"product_cat":[1137,1140,1138,1257],"product_tag":[2002],"class_list":{"0":"post-43394","1":"product","2":"type-product","3":"status-publish","4":"has-post-thumbnail","6":"product_cat-allgemeine-gesundheit","7":"product_cat-am-beliebtesten","8":"product_cat-lebensstil-vitamine","9":"product_cat-unkategorisiert","10":"product_tag-jetzt-im-preis-reduziert","12":"first","13":"instock","14":"sale","15":"taxable","16":"shipping-taxable","17":"purchasable","18":"product-type-simple"},"acf":[],"yoast_head":"<!-- This site is optimized with the Yoast SEO plugin v24.3 - https:\/\/yoast.com\/wordpress\/plugins\/seo\/ -->\n<title>Wesentlich 4: der allgemeine kardiovaskul\u00e4re Bluttest zuhause<\/title>\n<meta name=\"description\" content=\"Machen Sie sich von nun an keine Sorgen mehr \u00fcber Herz-Kreislauf-Erkrankungen, dank dieses allgemeinen Bluttests. Testen Sie sich jetzt zu Hause einfach und diskret.\" \/>\n<meta name=\"robots\" content=\"index, follow, max-snippet:-1, max-image-preview:large, max-video-preview:-1\" \/>\n<link rel=\"canonical\" href=\"https:\/\/www.easly.nl\/de\/gesundheitstests\/bluttest-essentiell-4\/\" \/>\n<meta property=\"og:locale\" content=\"de_DE\" \/>\n<meta property=\"og:type\" content=\"article\" \/>\n<meta property=\"og:title\" content=\"Wesentlich 4: der allgemeine kardiovaskul\u00e4re Bluttest zuhause\" \/>\n<meta property=\"og:description\" content=\"Machen Sie sich von nun an keine Sorgen mehr \u00fcber Herz-Kreislauf-Erkrankungen, dank dieses allgemeinen Bluttests. Testen Sie sich jetzt zu Hause einfach und diskret.\" \/>\n<meta property=\"og:url\" content=\"https:\/\/www.easly.nl\/de\/gesundheitstests\/bluttest-essentiell-4\/\" \/>\n<meta property=\"og:site_name\" content=\"Easly Shop\" \/>\n<meta property=\"article:modified_time\" content=\"2025-01-17T08:47:52+00:00\" \/>\n<meta property=\"og:image\" content=\"https:\/\/www.easly.nl\/wp-content\/uploads\/sites\/13\/2022\/09\/Easly-Essential-4-8720256100195.webp\" \/>\n\t<meta property=\"og:image:width\" content=\"1044\" \/>\n\t<meta property=\"og:image:height\" content=\"804\" \/>\n\t<meta property=\"og:image:type\" content=\"image\/webp\" \/>\n<meta name=\"twitter:card\" content=\"summary_large_image\" \/>\n<meta name=\"twitter:label1\" content=\"Gesch\u00e4tzte Lesezeit\" \/>\n\t<meta name=\"twitter:data1\" content=\"1 Minute\" \/>\n<script type=\"application\/ld+json\" class=\"yoast-schema-graph\">{\"@context\":\"https:\/\/schema.org\",\"@graph\":[{\"@type\":\"WebPage\",\"@id\":\"https:\/\/www.easly.nl\/de\/gesundheitstests\/bluttest-essentiell-4\/\",\"url\":\"https:\/\/www.easly.nl\/de\/gesundheitstests\/bluttest-essentiell-4\/\",\"name\":\"Wesentlich 4: der allgemeine kardiovaskul\u00e4re Bluttest zuhause\",\"isPartOf\":{\"@id\":\"https:\/\/www.easly.nl\/de\/#website\"},\"primaryImageOfPage\":{\"@id\":\"https:\/\/www.easly.nl\/de\/gesundheitstests\/bluttest-essentiell-4\/#primaryimage\"},\"image\":{\"@id\":\"https:\/\/www.easly.nl\/de\/gesundheitstests\/bluttest-essentiell-4\/#primaryimage\"},\"thumbnailUrl\":\"https:\/\/www.easly.nl\/wp-content\/uploads\/sites\/13\/2022\/09\/Easly-Essential-4-8720256100195.webp\",\"datePublished\":\"2024-03-12T17:26:35+00:00\",\"dateModified\":\"2025-01-17T08:47:52+00:00\",\"description\":\"Machen Sie sich von nun an keine Sorgen mehr \u00fcber Herz-Kreislauf-Erkrankungen, dank dieses allgemeinen Bluttests. Testen Sie sich jetzt zu Hause einfach und diskret.\",\"breadcrumb\":{\"@id\":\"https:\/\/www.easly.nl\/de\/gesundheitstests\/bluttest-essentiell-4\/#breadcrumb\"},\"inLanguage\":\"de-DE\",\"potentialAction\":[{\"@type\":\"ReadAction\",\"target\":[\"https:\/\/www.easly.nl\/de\/gesundheitstests\/bluttest-essentiell-4\/\"]}]},{\"@type\":\"ImageObject\",\"inLanguage\":\"de-DE\",\"@id\":\"https:\/\/www.easly.nl\/de\/gesundheitstests\/bluttest-essentiell-4\/#primaryimage\",\"url\":\"https:\/\/www.easly.nl\/wp-content\/uploads\/sites\/13\/2022\/09\/Easly-Essential-4-8720256100195.webp\",\"contentUrl\":\"https:\/\/www.easly.nl\/wp-content\/uploads\/sites\/13\/2022\/09\/Easly-Essential-4-8720256100195.webp\",\"width\":1044,\"height\":804},{\"@type\":\"BreadcrumbList\",\"@id\":\"https:\/\/www.easly.nl\/de\/gesundheitstests\/bluttest-essentiell-4\/#breadcrumb\",\"itemListElement\":[{\"@type\":\"ListItem\",\"position\":1,\"name\":\"Startseite\",\"item\":\"https:\/\/www.easly.nl\/de\/\"},{\"@type\":\"ListItem\",\"position\":2,\"name\":\"Shop\",\"item\":\"https:\/\/www.easly.nl\/shop\/\"},{\"@type\":\"ListItem\",\"position\":3,\"name\":\"Wesentlich 4: Allgemeine Blutuntersuchung\"}]},{\"@type\":\"WebSite\",\"@id\":\"https:\/\/www.easly.nl\/de\/#website\",\"url\":\"https:\/\/www.easly.nl\/de\/\",\"name\":\"Easly Shop\",\"description\":\"Safe &amp; simple online COVID testing\",\"publisher\":{\"@id\":\"https:\/\/www.easly.nl\/de\/#organization\"},\"potentialAction\":[{\"@type\":\"SearchAction\",\"target\":{\"@type\":\"EntryPoint\",\"urlTemplate\":\"https:\/\/www.easly.nl\/de\/?s={search_term_string}\"},\"query-input\":{\"@type\":\"PropertyValueSpecification\",\"valueRequired\":true,\"valueName\":\"search_term_string\"}}],\"inLanguage\":\"de-DE\"},{\"@type\":\"Organization\",\"@id\":\"https:\/\/www.easly.nl\/de\/#organization\",\"name\":\"Easly.nl\",\"url\":\"https:\/\/www.easly.nl\/de\/\",\"logo\":{\"@type\":\"ImageObject\",\"inLanguage\":\"de-DE\",\"@id\":\"https:\/\/www.easly.nl\/de\/#\/schema\/logo\/image\/\",\"url\":\"https:\/\/www.easly.nl\/wp-content\/uploads\/sites\/13\/2022\/10\/easly_logoslogan_color.png\",\"contentUrl\":\"https:\/\/www.easly.nl\/wp-content\/uploads\/sites\/13\/2022\/10\/easly_logoslogan_color.png\",\"width\":157,\"height\":38,\"caption\":\"Easly.nl\"},\"image\":{\"@id\":\"https:\/\/www.easly.nl\/de\/#\/schema\/logo\/image\/\"}}]}<\/script>\n<!-- \/ Yoast SEO plugin. -->","yoast_head_json":{"title":"Wesentlich 4: der allgemeine kardiovaskul\u00e4re Bluttest zuhause","description":"Machen Sie sich von nun an keine Sorgen mehr \u00fcber Herz-Kreislauf-Erkrankungen, dank dieses allgemeinen Bluttests. Testen Sie sich jetzt zu Hause einfach und diskret.","robots":{"index":"index","follow":"follow","max-snippet":"max-snippet:-1","max-image-preview":"max-image-preview:large","max-video-preview":"max-video-preview:-1"},"canonical":"https:\/\/www.easly.nl\/de\/gesundheitstests\/bluttest-essentiell-4\/","og_locale":"de_DE","og_type":"article","og_title":"Wesentlich 4: der allgemeine kardiovaskul\u00e4re Bluttest zuhause","og_description":"Machen Sie sich von nun an keine Sorgen mehr \u00fcber Herz-Kreislauf-Erkrankungen, dank dieses allgemeinen Bluttests. Testen Sie sich jetzt zu Hause einfach und diskret.","og_url":"https:\/\/www.easly.nl\/de\/gesundheitstests\/bluttest-essentiell-4\/","og_site_name":"Easly Shop","article_modified_time":"2025-01-17T08:47:52+00:00","og_image":[{"width":1044,"height":804,"url":"https:\/\/www.easly.nl\/wp-content\/uploads\/sites\/13\/2022\/09\/Easly-Essential-4-8720256100195.webp","type":"image\/webp"}],"twitter_card":"summary_large_image","twitter_misc":{"Gesch\u00e4tzte Lesezeit":"1 Minute"},"schema":{"@context":"https:\/\/schema.org","@graph":[{"@type":"WebPage","@id":"https:\/\/www.easly.nl\/de\/gesundheitstests\/bluttest-essentiell-4\/","url":"https:\/\/www.easly.nl\/de\/gesundheitstests\/bluttest-essentiell-4\/","name":"Wesentlich 4: der allgemeine kardiovaskul\u00e4re Bluttest zuhause","isPartOf":{"@id":"https:\/\/www.easly.nl\/de\/#website"},"primaryImageOfPage":{"@id":"https:\/\/www.easly.nl\/de\/gesundheitstests\/bluttest-essentiell-4\/#primaryimage"},"image":{"@id":"https:\/\/www.easly.nl\/de\/gesundheitstests\/bluttest-essentiell-4\/#primaryimage"},"thumbnailUrl":"https:\/\/www.easly.nl\/wp-content\/uploads\/sites\/13\/2022\/09\/Easly-Essential-4-8720256100195.webp","datePublished":"2024-03-12T17:26:35+00:00","dateModified":"2025-01-17T08:47:52+00:00","description":"Machen Sie sich von nun an keine Sorgen mehr \u00fcber Herz-Kreislauf-Erkrankungen, dank dieses allgemeinen Bluttests. Testen Sie sich jetzt zu Hause einfach und diskret.","breadcrumb":{"@id":"https:\/\/www.easly.nl\/de\/gesundheitstests\/bluttest-essentiell-4\/#breadcrumb"},"inLanguage":"de-DE","potentialAction":[{"@type":"ReadAction","target":["https:\/\/www.easly.nl\/de\/gesundheitstests\/bluttest-essentiell-4\/"]}]},{"@type":"ImageObject","inLanguage":"de-DE","@id":"https:\/\/www.easly.nl\/de\/gesundheitstests\/bluttest-essentiell-4\/#primaryimage","url":"https:\/\/www.easly.nl\/wp-content\/uploads\/sites\/13\/2022\/09\/Easly-Essential-4-8720256100195.webp","contentUrl":"https:\/\/www.easly.nl\/wp-content\/uploads\/sites\/13\/2022\/09\/Easly-Essential-4-8720256100195.webp","width":1044,"height":804},{"@type":"BreadcrumbList","@id":"https:\/\/www.easly.nl\/de\/gesundheitstests\/bluttest-essentiell-4\/#breadcrumb","itemListElement":[{"@type":"ListItem","position":1,"name":"Startseite","item":"https:\/\/www.easly.nl\/de\/"},{"@type":"ListItem","position":2,"name":"Shop","item":"https:\/\/www.easly.nl\/shop\/"},{"@type":"ListItem","position":3,"name":"Wesentlich 4: Allgemeine Blutuntersuchung"}]},{"@type":"WebSite","@id":"https:\/\/www.easly.nl\/de\/#website","url":"https:\/\/www.easly.nl\/de\/","name":"Easly Shop","description":"Safe &amp; simple online COVID testing","publisher":{"@id":"https:\/\/www.easly.nl\/de\/#organization"},"potentialAction":[{"@type":"SearchAction","target":{"@type":"EntryPoint","urlTemplate":"https:\/\/www.easly.nl\/de\/?s={search_term_string}"},"query-input":{"@type":"PropertyValueSpecification","valueRequired":true,"valueName":"search_term_string"}}],"inLanguage":"de-DE"},{"@type":"Organization","@id":"https:\/\/www.easly.nl\/de\/#organization","name":"Easly.nl","url":"https:\/\/www.easly.nl\/de\/","logo":{"@type":"ImageObject","inLanguage":"de-DE","@id":"https:\/\/www.easly.nl\/de\/#\/schema\/logo\/image\/","url":"https:\/\/www.easly.nl\/wp-content\/uploads\/sites\/13\/2022\/10\/easly_logoslogan_color.png","contentUrl":"https:\/\/www.easly.nl\/wp-content\/uploads\/sites\/13\/2022\/10\/easly_logoslogan_color.png","width":157,"height":38,"caption":"Easly.nl"},"image":{"@id":"https:\/\/www.easly.nl\/de\/#\/schema\/logo\/image\/"}}]}},"_links":{"self":[{"href":"https:\/\/www.easly.nl\/de\/wp-json\/wp\/v2\/product\/43394","targetHints":{"allow":["GET"]}}],"collection":[{"href":"https:\/\/www.easly.nl\/de\/wp-json\/wp\/v2\/product"}],"about":[{"href":"https:\/\/www.easly.nl\/de\/wp-json\/wp\/v2\/types\/product"}],"version-history":[{"count":1,"href":"https:\/\/www.easly.nl\/de\/wp-json\/wp\/v2\/product\/43394\/revisions"}],"predecessor-version":[{"id":56768,"href":"https:\/\/www.easly.nl\/de\/wp-json\/wp\/v2\/product\/43394\/revisions\/56768"}],"wp:featuredmedia":[{"embeddable":true,"href":"https:\/\/www.easly.nl\/de\/wp-json\/wp\/v2\/media\/43399"}],"wp:attachment":[{"href":"https:\/\/www.easly.nl\/de\/wp-json\/wp\/v2\/media?parent=43394"}],"wp:term":[{"taxonomy":"product_cat","embeddable":true,"href":"https:\/\/www.easly.nl\/de\/wp-json\/wp\/v2\/product_cat?post=43394"},{"taxonomy":"product_tag","embeddable":true,"href":"https:\/\/www.easly.nl\/de\/wp-json\/wp\/v2\/product_tag?post=43394"}],"curies":[{"name":"wp","href":"https:\/\/api.w.org\/{rel}","templated":true}]}}