{"id":43151,"date":"2024-03-06T19:07:56","date_gmt":"2024-03-06T19:07:56","guid":{"rendered":"https:\/\/www.easly.nl\/product\/std-premium-test\/"},"modified":"2024-11-29T01:07:35","modified_gmt":"2024-11-29T00:07:35","slug":"std-premium-test","status":"publish","type":"product","link":"https:\/\/www.easly.nl\/de\/geschlechtskrankheiten-selbsttests\/sti-premium\/","title":{"rendered":"STD-Premium-Test"},"content":{"rendered":"<p><span style=\"font-weight: 400;\">Der STD Premium-Test ist der umfassendste STD-Selbsttest, den Easly anbietet. Mit diesem Paket testen Sie sich selbst auf bis zu sechs verschiedene STDs: Chlamydien, Gonorrhoe, Trichomonaden, Mykoplasmen, Herpes und Syphilis. Dieser Test eignet sich, wenn Sie eine Geschlechtskrankheit sehr umfassend ausschlie\u00dfen m\u00f6chten. Entscheiden Sie sich bei der Bestellung dieses umfassenden STI-Testpakets f\u00fcr einen Test f\u00fcr M\u00e4nner oder Frauen. Bei diesem umfassenden STI-Testpaket k\u00f6nnen Sie je nach Ihrem Sexualverhalten zus\u00e4tzlich weitere Proben hinzuf\u00fcgen. Dieser Test beinhaltet ein medizinisches Testzertifikat.<\/span><\/p>\n","protected":false},"excerpt":{"rendered":"<p><span data-sheets-formula-bar-text-style=\"font-size:15px;color:#000000;font-weight:normal;text-decoration:none;font-family:\u201adocs-Calibri\u2018;font-style:normal;text-decoration-skip-ink:none;\">Vollst\u00e4ndige Sicherheit durch Test auf 7 STDs. Kostenloser Versand Ihrer Probe. Ergebnisse innerhalb von 2 bis 5 Tagen. Anonym und ohne Hausarzt.<\/span><\/p>\n","protected":false},"featured_media":43160,"template":"","meta":{"_acf_changed":false,"footnotes":""},"product_cat":[1140,1142,1141,1256],"product_tag":[1145],"class_list":{"0":"post-43151","1":"product","2":"type-product","3":"status-publish","4":"has-post-thumbnail","6":"product_cat-am-beliebtesten","7":"product_cat-geschlechtskrankheiten","8":"product_cat-mozand-lab-de","9":"product_cat-tpl-fur-soa-varianten","10":"product_tag-voellig-anonym","12":"first","13":"outofstock","14":"taxable","15":"shipping-taxable","16":"purchasable","17":"product-type-variable","18":"has-default-attributes"},"acf":[],"yoast_head":"<!-- This site is optimized with the Yoast SEO plugin v24.3 - https:\/\/yoast.com\/wordpress\/plugins\/seo\/ -->\n<title>Testen Sie sich jetzt mit dem umfassenden STI-Test Kit von Easly!<\/title>\n<meta name=\"description\" content=\"Bei Easly k\u00f6nnen Sie sich umfassend auf Geschlechtskrankheiten testen lassen. Kaufen Sie den STI-Test Kit Premium hier und testen Sie sich noch heute bequem von zu Hause aus.\" \/>\n<meta name=\"robots\" content=\"index, follow, max-snippet:-1, max-image-preview:large, max-video-preview:-1\" \/>\n<link rel=\"canonical\" href=\"https:\/\/www.easly.nl\/de\/geschlechtskrankheiten-selbsttests\/sti-premium\/\" \/>\n<meta property=\"og:locale\" content=\"de_DE\" \/>\n<meta property=\"og:type\" content=\"article\" \/>\n<meta property=\"og:title\" content=\"Testen Sie sich jetzt mit dem umfassenden STI-Test Kit von Easly!\" \/>\n<meta property=\"og:description\" content=\"Bei Easly k\u00f6nnen Sie sich umfassend auf Geschlechtskrankheiten testen lassen. Kaufen Sie den STI-Test Kit Premium hier und testen Sie sich noch heute bequem von zu Hause aus.\" \/>\n<meta property=\"og:url\" content=\"https:\/\/www.easly.nl\/de\/geschlechtskrankheiten-selbsttests\/sti-premium\/\" \/>\n<meta property=\"og:site_name\" content=\"Easly Shop\" \/>\n<meta property=\"article:modified_time\" content=\"2024-11-29T00:07:35+00:00\" \/>\n<meta property=\"og:image\" content=\"https:\/\/www.easly.nl\/wp-content\/uploads\/sites\/13\/2022\/11\/Easly-Soa-Premium-8720256100348-1.webp\" \/>\n\t<meta property=\"og:image:width\" content=\"1044\" \/>\n\t<meta property=\"og:image:height\" content=\"804\" \/>\n\t<meta property=\"og:image:type\" content=\"image\/webp\" \/>\n<meta name=\"twitter:card\" content=\"summary_large_image\" \/>\n<script type=\"application\/ld+json\" class=\"yoast-schema-graph\">{\"@context\":\"https:\/\/schema.org\",\"@graph\":[{\"@type\":\"WebPage\",\"@id\":\"https:\/\/www.easly.nl\/de\/geschlechtskrankheiten-selbsttests\/sti-premium\/\",\"url\":\"https:\/\/www.easly.nl\/de\/geschlechtskrankheiten-selbsttests\/sti-premium\/\",\"name\":\"Testen Sie sich jetzt mit dem umfassenden STI-Test Kit von Easly!\",\"isPartOf\":{\"@id\":\"https:\/\/www.easly.nl\/de\/#website\"},\"primaryImageOfPage\":{\"@id\":\"https:\/\/www.easly.nl\/de\/geschlechtskrankheiten-selbsttests\/sti-premium\/#primaryimage\"},\"image\":{\"@id\":\"https:\/\/www.easly.nl\/de\/geschlechtskrankheiten-selbsttests\/sti-premium\/#primaryimage\"},\"thumbnailUrl\":\"https:\/\/www.easly.nl\/wp-content\/uploads\/sites\/13\/2022\/11\/Easly-Soa-Premium-8720256100348-1.webp\",\"datePublished\":\"2024-03-06T19:07:56+00:00\",\"dateModified\":\"2024-11-29T00:07:35+00:00\",\"description\":\"Bei Easly k\u00f6nnen Sie sich umfassend auf Geschlechtskrankheiten testen lassen. Kaufen Sie den STI-Test Kit Premium hier und testen Sie sich noch heute bequem von zu Hause aus.\",\"breadcrumb\":{\"@id\":\"https:\/\/www.easly.nl\/de\/geschlechtskrankheiten-selbsttests\/sti-premium\/#breadcrumb\"},\"inLanguage\":\"de-DE\",\"potentialAction\":[{\"@type\":\"ReadAction\",\"target\":[\"https:\/\/www.easly.nl\/de\/geschlechtskrankheiten-selbsttests\/sti-premium\/\"]}]},{\"@type\":\"ImageObject\",\"inLanguage\":\"de-DE\",\"@id\":\"https:\/\/www.easly.nl\/de\/geschlechtskrankheiten-selbsttests\/sti-premium\/#primaryimage\",\"url\":\"https:\/\/www.easly.nl\/wp-content\/uploads\/sites\/13\/2022\/11\/Easly-Soa-Premium-8720256100348-1.webp\",\"contentUrl\":\"https:\/\/www.easly.nl\/wp-content\/uploads\/sites\/13\/2022\/11\/Easly-Soa-Premium-8720256100348-1.webp\",\"width\":1044,\"height\":804},{\"@type\":\"BreadcrumbList\",\"@id\":\"https:\/\/www.easly.nl\/de\/geschlechtskrankheiten-selbsttests\/sti-premium\/#breadcrumb\",\"itemListElement\":[{\"@type\":\"ListItem\",\"position\":1,\"name\":\"Startseite\",\"item\":\"https:\/\/www.easly.nl\/de\/\"},{\"@type\":\"ListItem\",\"position\":2,\"name\":\"Shop\",\"item\":\"https:\/\/www.easly.nl\/shop\/\"},{\"@type\":\"ListItem\",\"position\":3,\"name\":\"STD-Premium-Test\"}]},{\"@type\":\"WebSite\",\"@id\":\"https:\/\/www.easly.nl\/de\/#website\",\"url\":\"https:\/\/www.easly.nl\/de\/\",\"name\":\"Easly Shop\",\"description\":\"Safe &amp; simple online COVID testing\",\"publisher\":{\"@id\":\"https:\/\/www.easly.nl\/de\/#organization\"},\"potentialAction\":[{\"@type\":\"SearchAction\",\"target\":{\"@type\":\"EntryPoint\",\"urlTemplate\":\"https:\/\/www.easly.nl\/de\/?s={search_term_string}\"},\"query-input\":{\"@type\":\"PropertyValueSpecification\",\"valueRequired\":true,\"valueName\":\"search_term_string\"}}],\"inLanguage\":\"de-DE\"},{\"@type\":\"Organization\",\"@id\":\"https:\/\/www.easly.nl\/de\/#organization\",\"name\":\"Easly.nl\",\"url\":\"https:\/\/www.easly.nl\/de\/\",\"logo\":{\"@type\":\"ImageObject\",\"inLanguage\":\"de-DE\",\"@id\":\"https:\/\/www.easly.nl\/de\/#\/schema\/logo\/image\/\",\"url\":\"https:\/\/www.easly.nl\/wp-content\/uploads\/sites\/13\/2022\/10\/easly_logoslogan_color.png\",\"contentUrl\":\"https:\/\/www.easly.nl\/wp-content\/uploads\/sites\/13\/2022\/10\/easly_logoslogan_color.png\",\"width\":157,\"height\":38,\"caption\":\"Easly.nl\"},\"image\":{\"@id\":\"https:\/\/www.easly.nl\/de\/#\/schema\/logo\/image\/\"}}]}<\/script>\n<!-- \/ Yoast SEO plugin. -->","yoast_head_json":{"title":"Testen Sie sich jetzt mit dem umfassenden STI-Test Kit von Easly!","description":"Bei Easly k\u00f6nnen Sie sich umfassend auf Geschlechtskrankheiten testen lassen. Kaufen Sie den STI-Test Kit Premium hier und testen Sie sich noch heute bequem von zu Hause aus.","robots":{"index":"index","follow":"follow","max-snippet":"max-snippet:-1","max-image-preview":"max-image-preview:large","max-video-preview":"max-video-preview:-1"},"canonical":"https:\/\/www.easly.nl\/de\/geschlechtskrankheiten-selbsttests\/sti-premium\/","og_locale":"de_DE","og_type":"article","og_title":"Testen Sie sich jetzt mit dem umfassenden STI-Test Kit von Easly!","og_description":"Bei Easly k\u00f6nnen Sie sich umfassend auf Geschlechtskrankheiten testen lassen. Kaufen Sie den STI-Test Kit Premium hier und testen Sie sich noch heute bequem von zu Hause aus.","og_url":"https:\/\/www.easly.nl\/de\/geschlechtskrankheiten-selbsttests\/sti-premium\/","og_site_name":"Easly Shop","article_modified_time":"2024-11-29T00:07:35+00:00","og_image":[{"width":1044,"height":804,"url":"https:\/\/www.easly.nl\/wp-content\/uploads\/sites\/13\/2022\/11\/Easly-Soa-Premium-8720256100348-1.webp","type":"image\/webp"}],"twitter_card":"summary_large_image","schema":{"@context":"https:\/\/schema.org","@graph":[{"@type":"WebPage","@id":"https:\/\/www.easly.nl\/de\/geschlechtskrankheiten-selbsttests\/sti-premium\/","url":"https:\/\/www.easly.nl\/de\/geschlechtskrankheiten-selbsttests\/sti-premium\/","name":"Testen Sie sich jetzt mit dem umfassenden STI-Test Kit von Easly!","isPartOf":{"@id":"https:\/\/www.easly.nl\/de\/#website"},"primaryImageOfPage":{"@id":"https:\/\/www.easly.nl\/de\/geschlechtskrankheiten-selbsttests\/sti-premium\/#primaryimage"},"image":{"@id":"https:\/\/www.easly.nl\/de\/geschlechtskrankheiten-selbsttests\/sti-premium\/#primaryimage"},"thumbnailUrl":"https:\/\/www.easly.nl\/wp-content\/uploads\/sites\/13\/2022\/11\/Easly-Soa-Premium-8720256100348-1.webp","datePublished":"2024-03-06T19:07:56+00:00","dateModified":"2024-11-29T00:07:35+00:00","description":"Bei Easly k\u00f6nnen Sie sich umfassend auf Geschlechtskrankheiten testen lassen. Kaufen Sie den STI-Test Kit Premium hier und testen Sie sich noch heute bequem von zu Hause aus.","breadcrumb":{"@id":"https:\/\/www.easly.nl\/de\/geschlechtskrankheiten-selbsttests\/sti-premium\/#breadcrumb"},"inLanguage":"de-DE","potentialAction":[{"@type":"ReadAction","target":["https:\/\/www.easly.nl\/de\/geschlechtskrankheiten-selbsttests\/sti-premium\/"]}]},{"@type":"ImageObject","inLanguage":"de-DE","@id":"https:\/\/www.easly.nl\/de\/geschlechtskrankheiten-selbsttests\/sti-premium\/#primaryimage","url":"https:\/\/www.easly.nl\/wp-content\/uploads\/sites\/13\/2022\/11\/Easly-Soa-Premium-8720256100348-1.webp","contentUrl":"https:\/\/www.easly.nl\/wp-content\/uploads\/sites\/13\/2022\/11\/Easly-Soa-Premium-8720256100348-1.webp","width":1044,"height":804},{"@type":"BreadcrumbList","@id":"https:\/\/www.easly.nl\/de\/geschlechtskrankheiten-selbsttests\/sti-premium\/#breadcrumb","itemListElement":[{"@type":"ListItem","position":1,"name":"Startseite","item":"https:\/\/www.easly.nl\/de\/"},{"@type":"ListItem","position":2,"name":"Shop","item":"https:\/\/www.easly.nl\/shop\/"},{"@type":"ListItem","position":3,"name":"STD-Premium-Test"}]},{"@type":"WebSite","@id":"https:\/\/www.easly.nl\/de\/#website","url":"https:\/\/www.easly.nl\/de\/","name":"Easly Shop","description":"Safe &amp; simple online COVID testing","publisher":{"@id":"https:\/\/www.easly.nl\/de\/#organization"},"potentialAction":[{"@type":"SearchAction","target":{"@type":"EntryPoint","urlTemplate":"https:\/\/www.easly.nl\/de\/?s={search_term_string}"},"query-input":{"@type":"PropertyValueSpecification","valueRequired":true,"valueName":"search_term_string"}}],"inLanguage":"de-DE"},{"@type":"Organization","@id":"https:\/\/www.easly.nl\/de\/#organization","name":"Easly.nl","url":"https:\/\/www.easly.nl\/de\/","logo":{"@type":"ImageObject","inLanguage":"de-DE","@id":"https:\/\/www.easly.nl\/de\/#\/schema\/logo\/image\/","url":"https:\/\/www.easly.nl\/wp-content\/uploads\/sites\/13\/2022\/10\/easly_logoslogan_color.png","contentUrl":"https:\/\/www.easly.nl\/wp-content\/uploads\/sites\/13\/2022\/10\/easly_logoslogan_color.png","width":157,"height":38,"caption":"Easly.nl"},"image":{"@id":"https:\/\/www.easly.nl\/de\/#\/schema\/logo\/image\/"}}]}},"_links":{"self":[{"href":"https:\/\/www.easly.nl\/de\/wp-json\/wp\/v2\/product\/43151","targetHints":{"allow":["GET"]}}],"collection":[{"href":"https:\/\/www.easly.nl\/de\/wp-json\/wp\/v2\/product"}],"about":[{"href":"https:\/\/www.easly.nl\/de\/wp-json\/wp\/v2\/types\/product"}],"version-history":[{"count":0,"href":"https:\/\/www.easly.nl\/de\/wp-json\/wp\/v2\/product\/43151\/revisions"}],"wp:featuredmedia":[{"embeddable":true,"href":"https:\/\/www.easly.nl\/de\/wp-json\/wp\/v2\/media\/43160"}],"wp:attachment":[{"href":"https:\/\/www.easly.nl\/de\/wp-json\/wp\/v2\/media?parent=43151"}],"wp:term":[{"taxonomy":"product_cat","embeddable":true,"href":"https:\/\/www.easly.nl\/de\/wp-json\/wp\/v2\/product_cat?post=43151"},{"taxonomy":"product_tag","embeddable":true,"href":"https:\/\/www.easly.nl\/de\/wp-json\/wp\/v2\/product_tag?post=43151"}],"curies":[{"name":"wp","href":"https:\/\/api.w.org\/{rel}","templated":true}]}}