{"id":44456,"date":"2024-06-24T07:40:19","date_gmt":"2024-06-24T07:40:19","guid":{"rendered":"https:\/\/www.easly.nl\/zurueckkehren\/"},"modified":"2025-08-29T13:40:28","modified_gmt":"2025-08-29T12:40:28","slug":"zuruckkehren","status":"publish","type":"page","link":"https:\/\/www.easly.nl\/de\/zuruckkehren\/","title":{"rendered":"R\u00fcckkehr"},"content":{"rendered":"\t\t<div data-elementor-type=\"wp-page\" data-elementor-id=\"44456\" class=\"elementor elementor-44456 elementor-15499\" data-elementor-post-type=\"page\">\n\t\t\t\t\t\t<section class=\"elementor-section elementor-top-section elementor-element elementor-element-bdbee91 elementor-section-boxed elementor-section-height-default elementor-section-height-default\" data-id=\"bdbee91\" data-element_type=\"section\">\n\t\t\t\t\t\t<div class=\"elementor-container elementor-column-gap-default\">\n\t\t\t\t\t<div class=\"elementor-column elementor-col-100 elementor-top-column elementor-element elementor-element-2fc751d\" data-id=\"2fc751d\" data-element_type=\"column\">\n\t\t\t<div class=\"elementor-widget-wrap elementor-element-populated\">\n\t\t\t\t\t\t<section class=\"elementor-section elementor-inner-section elementor-element elementor-element-c018769 elementor-section-boxed elementor-section-height-default elementor-section-height-default\" data-id=\"c018769\" data-element_type=\"section\">\n\t\t\t\t\t\t<div class=\"elementor-container elementor-column-gap-default\">\n\t\t\t\t\t<div class=\"elementor-column elementor-col-100 elementor-inner-column elementor-element elementor-element-4326e0a\" data-id=\"4326e0a\" data-element_type=\"column\">\n\t\t\t<div class=\"elementor-widget-wrap elementor-element-populated\">\n\t\t\t\t\t\t<div class=\"elementor-element elementor-element-cd51ee9 elementor-widget elementor-widget-breadcrumbs\" data-id=\"cd51ee9\" data-element_type=\"widget\" data-widget_type=\"breadcrumbs.default\">\n\t\t\t\t<div class=\"elementor-widget-container\">\n\t\t\t\t\t<p id=\"breadcrumbs\"><span><span><a href=\"https:\/\/www.easly.nl\/de\/\">Startseite<\/a><\/span><\/span><\/p>\t\t\t\t<\/div>\n\t\t\t\t<\/div>\n\t\t\t\t\t<\/div>\n\t\t<\/div>\n\t\t\t\t\t<\/div>\n\t\t<\/section>\n\t\t\t\t<section class=\"elementor-section elementor-inner-section elementor-element elementor-element-379c754 elementor-section-boxed elementor-section-height-default elementor-section-height-default\" data-id=\"379c754\" data-element_type=\"section\">\n\t\t\t\t\t\t<div class=\"elementor-container elementor-column-gap-default\">\n\t\t\t\t\t<div class=\"elementor-column elementor-col-100 elementor-inner-column elementor-element elementor-element-17eece1\" data-id=\"17eece1\" data-element_type=\"column\">\n\t\t\t<div class=\"elementor-widget-wrap elementor-element-populated\">\n\t\t\t\t\t\t<div class=\"elementor-element elementor-element-4424490 elementor-widget elementor-widget-heading\" data-id=\"4424490\" data-element_type=\"widget\" data-widget_type=\"heading.default\">\n\t\t\t\t<div class=\"elementor-widget-container\">\n\t\t\t\t\t<h1 class=\"elementor-heading-title elementor-size-default\">Informationen \u00fcber R\u00fccksendungen <\/h1>\t\t\t\t<\/div>\n\t\t\t\t<\/div>\n\t\t\t\t<div class=\"elementor-element elementor-element-9c4f3c0 elementor-widget elementor-widget-heading\" data-id=\"9c4f3c0\" data-element_type=\"widget\" data-widget_type=\"heading.default\">\n\t\t\t\t<div class=\"elementor-widget-container\">\n\t\t\t\t\t<h2 class=\"elementor-heading-title elementor-size-default\">R\u00fcckkehr<\/h2>\t\t\t\t<\/div>\n\t\t\t\t<\/div>\n\t\t\t\t<div class=\"elementor-element elementor-element-5551222 elementor-widget elementor-widget-text-editor\" data-id=\"5551222\" data-element_type=\"widget\" data-widget_type=\"text-editor.default\">\n\t\t\t\t<div class=\"elementor-widget-container\">\n\t\t\t\t\t\t\t\t\t<p>Sie haben das Recht, Ihre Bestellung bis zu 14 Tage nach Erhalt ohne Angabe von Gr\u00fcnden zu widerrufen, vorausgesetzt, dass das Siegel der Verpackung nach der Lieferung nicht gebrochen ist.<br \/>\nWenn Sie von Ihrem Widerrufsrecht Gebrauch machen, wird die Ware mit allem gelieferten Zubeh\u00f6r in einer m\u00f6glichst originalen und unbesch\u00e4digten Verpackung an den Unternehmer zur\u00fcckgeschickt. Sollte die Verpackung dem nicht entsprechen, kann dies eine Wertminderung zur Folge haben.<br \/>\nSie m\u00fcssen f\u00fcr einen etwaigen Wertverlust der Waren nur aufkommen, wenn dieser Wertverlust auf einen zur Pr\u00fcfung der Beschaffenheit, Eigenschaften und Funktionsweise der Waren nicht notwendigen Umgang mit ihnen zur\u00fcckzuf\u00fchren ist.<\/p>\n<p>&nbsp;<\/p>\n<p>Um das Widerrufsrecht auszu\u00fcben, senden Sie bitte eine E-Mail an klantenservice@easly.nl und teilen Sie mit, dass Sie das Produkt zur\u00fcckgeben m\u00f6chten. Sie k\u00f6nnen dann das R\u00fcckgabeformular (siehe unten) ausf\u00fcllen und es zusammen mit der bestellten Ware an unser Unternehmen zur\u00fccksenden. Sie k\u00f6nnen auch das <a href=\"https:\/\/www.easly.nl\/wp-content\/uploads\/sites\/13\/2025\/01\/modelformulier.pdf\" target=\"_blank\" rel=\"noopener\">europ\u00e4ische Muster-Widerrufsformular verwenden<\/a>, um uns mitzuteilen, dass Sie vom Kauf zur\u00fccktreten wollen. Die Verwendung dieses Formulars ist jedoch nicht obligatorisch.<\/p>\n<p>&nbsp;<\/p>\n<p>Sie m\u00fcssen die Ware unverz\u00fcglich, in jedem Fall aber innerhalb von 14 Tagen nach dem Tag, an dem Sie uns Ihren Entschluss zum Widerruf mitteilen, an uns zur\u00fccksenden oder \u00fcbergeben. Sie haben die Frist gewahrt, wenn Sie die Waren vor Ablauf der Frist von 14 Tagen absenden.<\/p>\n<p>&nbsp;<\/p>\n<p>Sie tragen die unmittelbaren Kosten der R\u00fccksendung der Waren.<\/p>\n<p>&nbsp;<\/p>\n<p>Wir erstatten Ihnen den gesamten Kaufbetrag (einschlie\u00dflich etwaiger Versand- und Zahlungskosten, aber ausschlie\u00dflich der R\u00fccksendekosten) so schnell wie m\u00f6glich, sp\u00e4testens jedoch innerhalb von 14 Tagen nach Erhalt der Widerrufserkl\u00e4rung. Wir k\u00f6nnen mit der R\u00fcckzahlung jedoch warten, bis wir die Waren erhalten haben oder bis Sie den Nachweis erbracht haben, dass Sie die Waren zur\u00fcckgesandt haben.<\/p>\n<p>&nbsp;<\/p>\n<p>F\u00fcr diese R\u00fcckzahlung verwenden wir dasselbe Zahlungsmittel, das Sie bei der urspr\u00fcnglichen Transaktion eingesetzt haben, es sei denn, mit Ihnen wurde ausdr\u00fccklich etwas anderes vereinbart; in keinem Fall werden Ihnen wegen dieser R\u00fcckzahlung Entgelte berechnet.<\/p>\n\t\t\t\t\t\t\t\t<\/div>\n\t\t\t\t<\/div>\n\t\t\t\t<div class=\"elementor-element elementor-element-3695326 elementor-widget elementor-widget-heading\" data-id=\"3695326\" data-element_type=\"widget\" data-widget_type=\"heading.default\">\n\t\t\t\t<div class=\"elementor-widget-container\">\n\t\t\t\t\t<h2 class=\"elementor-heading-title elementor-size-default\">Ausnahmen f\u00fcr die R\u00fcckgabe <\/h2>\t\t\t\t<\/div>\n\t\t\t\t<\/div>\n\t\t\t\t<div class=\"elementor-element elementor-element-230069f elementor-widget elementor-widget-text-editor\" data-id=\"230069f\" data-element_type=\"widget\" data-widget_type=\"text-editor.default\">\n\t\t\t\t<div class=\"elementor-widget-container\">\n\t\t\t\t\t\t\t\t\t<p>Ausgeschlossen vom Widerrufsrecht sind Tests, deren Versiegelung nach der Lieferung gebrochen wurde. Aus Gr\u00fcnden des Gesundheitsschutzes sind die Tests nicht zur R\u00fcckgabe geeignet, wenn die Versiegelung nach der Lieferung gebrochen ist.<\/p>\n\t\t\t\t\t\t\t\t<\/div>\n\t\t\t\t<\/div>\n\t\t\t\t<div class=\"elementor-element elementor-element-f109c64 elementor-widget elementor-widget-text-editor\" data-id=\"f109c64\" data-element_type=\"widget\" data-widget_type=\"text-editor.default\">\n\t\t\t\t<div class=\"elementor-widget-container\">\n\t\t\t\t\t\t\t\t\t<p>EASLY<\/p><p>Voorwillenseweg 105<br \/>2806 ZE Gouda<\/p><p><a href=\"mailto:klantenservice@easly.nl\">klantenservice@easly.nl<\/a><\/p><p>085-7603953<\/p><p>Handelskammer: 80513093 (MED Solutions B.V.)<\/p><p>MwSt.-Nummer: <span data-contrast=\"auto\">NL861698022B01<\/span><span data-ccp-props=\"{&quot;201341983&quot;:0,&quot;335559740&quot;:276}\">\u00a0<\/span><\/p>\t\t\t\t\t\t\t\t<\/div>\n\t\t\t\t<\/div>\n\t\t\t\t<div class=\"elementor-element elementor-element-661ddbe elementor-widget elementor-widget-heading\" data-id=\"661ddbe\" data-element_type=\"widget\" data-widget_type=\"heading.default\">\n\t\t\t\t<div class=\"elementor-widget-container\">\n\t\t\t\t\t<h2 class=\"elementor-heading-title elementor-size-default\">R\u00fccksendeformular <\/h2>\t\t\t\t<\/div>\n\t\t\t\t<\/div>\n\t\t\t\t<div class=\"elementor-element elementor-element-d015f40 elementor-widget elementor-widget-text-editor\" data-id=\"d015f40\" data-element_type=\"widget\" data-widget_type=\"text-editor.default\">\n\t\t\t\t<div class=\"elementor-widget-container\">\n\t\t\t\t\t\t\t\t\t<p>(dieses Formular nur ausf\u00fcllen und zur\u00fccksenden, wenn Sie den Vertrag widerrufen und die Ware zur\u00fcckgeben wollen)<\/p>\n\t\t\t\t\t\t\t\t<\/div>\n\t\t\t\t<\/div>\n\t\t\t\t<div class=\"elementor-element elementor-element-6927e13 elementor-widget elementor-widget-text-editor\" data-id=\"6927e13\" data-element_type=\"widget\" data-widget_type=\"text-editor.default\">\n\t\t\t\t<div class=\"elementor-widget-container\">\n\t\t\t\t\t\t\t\t\t<p><a href=\"https:\/\/www.easly.nl\/wp-content\/uploads\/sites\/13\/2025\/08\/retourformulier-de.pdf\" target=\"_blank\" rel=\"noopener\">Download des R\u00fcckgabeformulars<\/a><\/p>\t\t\t\t\t\t\t\t<\/div>\n\t\t\t\t<\/div>\n\t\t\t\t\t<\/div>\n\t\t<\/div>\n\t\t\t\t\t<\/div>\n\t\t<\/section>\n\t\t\t\t\t<\/div>\n\t\t<\/div>\n\t\t\t\t\t<\/div>\n\t\t<\/section>\n\t\t\t\t<\/div>\n\t\t","protected":false},"excerpt":{"rendered":"<p>Informationen \u00fcber R\u00fccksendungen R\u00fcckkehr Sie haben das Recht, Ihre Bestellung bis zu 14 Tage nach Erhalt ohne Angabe von Gr\u00fcnden zu widerrufen, vorausgesetzt, dass das Siegel der Verpackung nach der Lieferung nicht gebrochen ist. Wenn Sie von Ihrem Widerrufsrecht Gebrauch machen, wird die Ware mit allem gelieferten Zubeh\u00f6r in einer m\u00f6glichst originalen und unbesch\u00e4digten Verpackung [&hellip;]<\/p>\n","protected":false},"author":50,"featured_media":0,"parent":0,"menu_order":0,"comment_status":"closed","ping_status":"closed","template":"","meta":{"_acf_changed":false,"footnotes":""},"class_list":["post-44456","page","type-page","status-publish","hentry"],"acf":[],"yoast_head":"<!-- This site is optimized with the Yoast SEO plugin v24.3 - https:\/\/yoast.com\/wordpress\/plugins\/seo\/ -->\n<title>R\u00fcckkehr - Easly<\/title>\n<meta name=\"description\" content=\"Sie haben einen Test bestellt, es sich aber anders \u00fcberlegt? Lesen Sie hier, welche Bedingungen f\u00fcr die R\u00fcckgabe gelten und wie Sie Ihren Test zur\u00fcckgeben k\u00f6nnen.\" \/>\n<meta name=\"robots\" content=\"index, follow, max-snippet:-1, max-image-preview:large, max-video-preview:-1\" \/>\n<link rel=\"canonical\" href=\"https:\/\/www.easly.nl\/de\/zuruckkehren\/\" \/>\n<meta property=\"og:locale\" content=\"de_DE\" \/>\n<meta property=\"og:type\" content=\"article\" \/>\n<meta property=\"og:title\" content=\"R\u00fcckkehr - Easly\" \/>\n<meta property=\"og:description\" content=\"Sie haben einen Test bestellt, es sich aber anders \u00fcberlegt? Lesen Sie hier, welche Bedingungen f\u00fcr die R\u00fcckgabe gelten und wie Sie Ihren Test zur\u00fcckgeben k\u00f6nnen.\" \/>\n<meta property=\"og:url\" content=\"https:\/\/www.easly.nl\/de\/zuruckkehren\/\" \/>\n<meta property=\"og:site_name\" content=\"Easly Shop\" \/>\n<meta property=\"article:modified_time\" content=\"2025-08-29T12:40:28+00:00\" \/>\n<meta name=\"twitter:card\" content=\"summary_large_image\" \/>\n<meta name=\"twitter:label1\" content=\"Gesch\u00e4tzte Lesezeit\" \/>\n\t<meta name=\"twitter:data1\" content=\"3 Minuten\" \/>\n<script type=\"application\/ld+json\" class=\"yoast-schema-graph\">{\"@context\":\"https:\/\/schema.org\",\"@graph\":[{\"@type\":\"WebPage\",\"@id\":\"https:\/\/www.easly.nl\/de\/zuruckkehren\/\",\"url\":\"https:\/\/www.easly.nl\/de\/zuruckkehren\/\",\"name\":\"R\u00fcckkehr - Easly\",\"isPartOf\":{\"@id\":\"https:\/\/www.easly.nl\/de\/#website\"},\"datePublished\":\"2024-06-24T07:40:19+00:00\",\"dateModified\":\"2025-08-29T12:40:28+00:00\",\"description\":\"Sie haben einen Test bestellt, es sich aber anders \u00fcberlegt? Lesen Sie hier, welche Bedingungen f\u00fcr die R\u00fcckgabe gelten und wie Sie Ihren Test zur\u00fcckgeben k\u00f6nnen.\",\"breadcrumb\":{\"@id\":\"https:\/\/www.easly.nl\/de\/zuruckkehren\/#breadcrumb\"},\"inLanguage\":\"de-DE\",\"potentialAction\":[{\"@type\":\"ReadAction\",\"target\":[\"https:\/\/www.easly.nl\/de\/zuruckkehren\/\"]}]},{\"@type\":\"BreadcrumbList\",\"@id\":\"https:\/\/www.easly.nl\/de\/zuruckkehren\/#breadcrumb\",\"itemListElement\":[{\"@type\":\"ListItem\",\"position\":1,\"name\":\"Startseite\",\"item\":\"https:\/\/www.easly.nl\/de\/\"},{\"@type\":\"ListItem\",\"position\":2,\"name\":\"R\u00fcckkehr\"}]},{\"@type\":\"WebSite\",\"@id\":\"https:\/\/www.easly.nl\/de\/#website\",\"url\":\"https:\/\/www.easly.nl\/de\/\",\"name\":\"Easly Shop\",\"description\":\"Safe &amp; simple online COVID testing\",\"publisher\":{\"@id\":\"https:\/\/www.easly.nl\/de\/#organization\"},\"potentialAction\":[{\"@type\":\"SearchAction\",\"target\":{\"@type\":\"EntryPoint\",\"urlTemplate\":\"https:\/\/www.easly.nl\/de\/?s={search_term_string}\"},\"query-input\":{\"@type\":\"PropertyValueSpecification\",\"valueRequired\":true,\"valueName\":\"search_term_string\"}}],\"inLanguage\":\"de-DE\"},{\"@type\":\"Organization\",\"@id\":\"https:\/\/www.easly.nl\/de\/#organization\",\"name\":\"Easly.nl\",\"url\":\"https:\/\/www.easly.nl\/de\/\",\"logo\":{\"@type\":\"ImageObject\",\"inLanguage\":\"de-DE\",\"@id\":\"https:\/\/www.easly.nl\/de\/#\/schema\/logo\/image\/\",\"url\":\"https:\/\/www.easly.nl\/wp-content\/uploads\/sites\/13\/2022\/10\/easly_logoslogan_color.png\",\"contentUrl\":\"https:\/\/www.easly.nl\/wp-content\/uploads\/sites\/13\/2022\/10\/easly_logoslogan_color.png\",\"width\":157,\"height\":38,\"caption\":\"Easly.nl\"},\"image\":{\"@id\":\"https:\/\/www.easly.nl\/de\/#\/schema\/logo\/image\/\"}}]}<\/script>\n<!-- \/ Yoast SEO plugin. -->","yoast_head_json":{"title":"R\u00fcckkehr - Easly","description":"Sie haben einen Test bestellt, es sich aber anders \u00fcberlegt? Lesen Sie hier, welche Bedingungen f\u00fcr die R\u00fcckgabe gelten und wie Sie Ihren Test zur\u00fcckgeben k\u00f6nnen.","robots":{"index":"index","follow":"follow","max-snippet":"max-snippet:-1","max-image-preview":"max-image-preview:large","max-video-preview":"max-video-preview:-1"},"canonical":"https:\/\/www.easly.nl\/de\/zuruckkehren\/","og_locale":"de_DE","og_type":"article","og_title":"R\u00fcckkehr - Easly","og_description":"Sie haben einen Test bestellt, es sich aber anders \u00fcberlegt? Lesen Sie hier, welche Bedingungen f\u00fcr die R\u00fcckgabe gelten und wie Sie Ihren Test zur\u00fcckgeben k\u00f6nnen.","og_url":"https:\/\/www.easly.nl\/de\/zuruckkehren\/","og_site_name":"Easly Shop","article_modified_time":"2025-08-29T12:40:28+00:00","twitter_card":"summary_large_image","twitter_misc":{"Gesch\u00e4tzte Lesezeit":"3 Minuten"},"schema":{"@context":"https:\/\/schema.org","@graph":[{"@type":"WebPage","@id":"https:\/\/www.easly.nl\/de\/zuruckkehren\/","url":"https:\/\/www.easly.nl\/de\/zuruckkehren\/","name":"R\u00fcckkehr - Easly","isPartOf":{"@id":"https:\/\/www.easly.nl\/de\/#website"},"datePublished":"2024-06-24T07:40:19+00:00","dateModified":"2025-08-29T12:40:28+00:00","description":"Sie haben einen Test bestellt, es sich aber anders \u00fcberlegt? Lesen Sie hier, welche Bedingungen f\u00fcr die R\u00fcckgabe gelten und wie Sie Ihren Test zur\u00fcckgeben k\u00f6nnen.","breadcrumb":{"@id":"https:\/\/www.easly.nl\/de\/zuruckkehren\/#breadcrumb"},"inLanguage":"de-DE","potentialAction":[{"@type":"ReadAction","target":["https:\/\/www.easly.nl\/de\/zuruckkehren\/"]}]},{"@type":"BreadcrumbList","@id":"https:\/\/www.easly.nl\/de\/zuruckkehren\/#breadcrumb","itemListElement":[{"@type":"ListItem","position":1,"name":"Startseite","item":"https:\/\/www.easly.nl\/de\/"},{"@type":"ListItem","position":2,"name":"R\u00fcckkehr"}]},{"@type":"WebSite","@id":"https:\/\/www.easly.nl\/de\/#website","url":"https:\/\/www.easly.nl\/de\/","name":"Easly Shop","description":"Safe &amp; simple online COVID testing","publisher":{"@id":"https:\/\/www.easly.nl\/de\/#organization"},"potentialAction":[{"@type":"SearchAction","target":{"@type":"EntryPoint","urlTemplate":"https:\/\/www.easly.nl\/de\/?s={search_term_string}"},"query-input":{"@type":"PropertyValueSpecification","valueRequired":true,"valueName":"search_term_string"}}],"inLanguage":"de-DE"},{"@type":"Organization","@id":"https:\/\/www.easly.nl\/de\/#organization","name":"Easly.nl","url":"https:\/\/www.easly.nl\/de\/","logo":{"@type":"ImageObject","inLanguage":"de-DE","@id":"https:\/\/www.easly.nl\/de\/#\/schema\/logo\/image\/","url":"https:\/\/www.easly.nl\/wp-content\/uploads\/sites\/13\/2022\/10\/easly_logoslogan_color.png","contentUrl":"https:\/\/www.easly.nl\/wp-content\/uploads\/sites\/13\/2022\/10\/easly_logoslogan_color.png","width":157,"height":38,"caption":"Easly.nl"},"image":{"@id":"https:\/\/www.easly.nl\/de\/#\/schema\/logo\/image\/"}}]}},"_links":{"self":[{"href":"https:\/\/www.easly.nl\/de\/wp-json\/wp\/v2\/pages\/44456","targetHints":{"allow":["GET"]}}],"collection":[{"href":"https:\/\/www.easly.nl\/de\/wp-json\/wp\/v2\/pages"}],"about":[{"href":"https:\/\/www.easly.nl\/de\/wp-json\/wp\/v2\/types\/page"}],"author":[{"embeddable":true,"href":"https:\/\/www.easly.nl\/de\/wp-json\/wp\/v2\/users\/50"}],"replies":[{"embeddable":true,"href":"https:\/\/www.easly.nl\/de\/wp-json\/wp\/v2\/comments?post=44456"}],"version-history":[{"count":10,"href":"https:\/\/www.easly.nl\/de\/wp-json\/wp\/v2\/pages\/44456\/revisions"}],"predecessor-version":[{"id":67209,"href":"https:\/\/www.easly.nl\/de\/wp-json\/wp\/v2\/pages\/44456\/revisions\/67209"}],"wp:attachment":[{"href":"https:\/\/www.easly.nl\/de\/wp-json\/wp\/v2\/media?parent=44456"}],"curies":[{"name":"wp","href":"https:\/\/api.w.org\/{rel}","templated":true}]}}