{"id":44028,"date":"2024-06-13T07:46:51","date_gmt":"2024-06-13T07:46:51","guid":{"rendered":"https:\/\/www.easly.nl\/bestellen-betalen-en-leveren\/"},"modified":"2026-01-27T10:54:09","modified_gmt":"2026-01-27T09:54:09","slug":"bestellen-bezahlen-und-liefern","status":"publish","type":"page","link":"https:\/\/www.easly.nl\/de\/bestellen-bezahlen-und-liefern\/","title":{"rendered":"Bestellung, Zahlung und Lieferung"},"content":{"rendered":"\t\t<div data-elementor-type=\"wp-page\" data-elementor-id=\"44028\" class=\"elementor elementor-44028 elementor-15476\" data-elementor-post-type=\"page\">\n\t\t\t\t\t\t<section class=\"elementor-section elementor-top-section elementor-element elementor-element-b51e4a4 elementor-section-boxed elementor-section-height-default elementor-section-height-default\" data-id=\"b51e4a4\" data-element_type=\"section\">\n\t\t\t\t\t\t<div class=\"elementor-container elementor-column-gap-default\">\n\t\t\t\t\t<div class=\"elementor-column elementor-col-100 elementor-top-column elementor-element elementor-element-28ac0fe\" data-id=\"28ac0fe\" data-element_type=\"column\">\n\t\t\t<div class=\"elementor-widget-wrap elementor-element-populated\">\n\t\t\t\t\t\t<section class=\"elementor-section elementor-inner-section elementor-element elementor-element-46859e0 elementor-section-boxed elementor-section-height-default elementor-section-height-default\" data-id=\"46859e0\" data-element_type=\"section\">\n\t\t\t\t\t\t<div class=\"elementor-container elementor-column-gap-default\">\n\t\t\t\t\t<div class=\"elementor-column elementor-col-100 elementor-inner-column elementor-element elementor-element-ea2b3f7\" data-id=\"ea2b3f7\" data-element_type=\"column\">\n\t\t\t<div class=\"elementor-widget-wrap elementor-element-populated\">\n\t\t\t\t\t\t<div class=\"elementor-element elementor-element-06a3895 elementor-widget elementor-widget-breadcrumbs\" data-id=\"06a3895\" data-element_type=\"widget\" data-widget_type=\"breadcrumbs.default\">\n\t\t\t\t<div class=\"elementor-widget-container\">\n\t\t\t\t\t<p id=\"breadcrumbs\"><span><span><a href=\"https:\/\/www.easly.nl\/de\/\">Startseite<\/a><\/span><\/span><\/p>\t\t\t\t<\/div>\n\t\t\t\t<\/div>\n\t\t\t\t\t<\/div>\n\t\t<\/div>\n\t\t\t\t\t<\/div>\n\t\t<\/section>\n\t\t\t\t<div class=\"elementor-element elementor-element-3a555f3 elementor-widget elementor-widget-heading\" data-id=\"3a555f3\" data-element_type=\"widget\" data-widget_type=\"heading.default\">\n\t\t\t\t<div class=\"elementor-widget-container\">\n\t\t\t\t\t<h2 class=\"elementor-heading-title elementor-size-default\">Bestellung, Zahlung und Lieferung<\/h2>\t\t\t\t<\/div>\n\t\t\t\t<\/div>\n\t\t\t\t<div class=\"elementor-element elementor-element-a9af1d8 elementor-widget elementor-widget-heading\" data-id=\"a9af1d8\" data-element_type=\"widget\" data-widget_type=\"heading.default\">\n\t\t\t\t<div class=\"elementor-widget-container\">\n\t\t\t\t\t<h2 class=\"elementor-heading-title elementor-size-default\">Bestellung<\/h2>\t\t\t\t<\/div>\n\t\t\t\t<\/div>\n\t\t\t\t<div class=\"elementor-element elementor-element-2cb4bf6 elementor-widget elementor-widget-text-editor\" data-id=\"2cb4bf6\" data-element_type=\"widget\" data-widget_type=\"text-editor.default\">\n\t\t\t\t<div class=\"elementor-widget-container\">\n\t\t\t\t\t\t\t\t\t<p>Laden Sie Ihre Produkte in den Einkaufskorb<br \/>Berechnen Sie Ihre Bestellung<\/p>\n\t\t\t\t\t\t\t\t<\/div>\n\t\t\t\t<\/div>\n\t\t\t\t<div class=\"elementor-element elementor-element-d3bb6fd elementor-widget elementor-widget-heading\" data-id=\"d3bb6fd\" data-element_type=\"widget\" data-widget_type=\"heading.default\">\n\t\t\t\t<div class=\"elementor-widget-container\">\n\t\t\t\t\t<h2 class=\"elementor-heading-title elementor-size-default\">Zahlungsm\u00f6glichkeiten<\/h2>\t\t\t\t<\/div>\n\t\t\t\t<\/div>\n\t\t\t\t<div class=\"elementor-element elementor-element-aa2cdc4 elementor-widget elementor-widget-text-editor\" data-id=\"aa2cdc4\" data-element_type=\"widget\" data-widget_type=\"text-editor.default\">\n\t\t\t\t<div class=\"elementor-widget-container\">\n\t\t\t\t\t\t\t\t\t<ul>\r\n \t<li>Belfius Direct Net<\/li>\r\n \t<li>Kreditkarte (VISA, Mastercard und American Express)<\/li>\r\n \t<li>IDEAL | WERO<\/li>\r\n \t<li>KBC\/CBC Payment Button<\/li>\r\n \t<li>Bancontact<\/li>\r\n \t<li>Voucher oder Gutschein<\/li>\r\n<\/ul>\t\t\t\t\t\t\t\t<\/div>\n\t\t\t\t<\/div>\n\t\t\t\t<div class=\"elementor-element elementor-element-a0dd2a7 elementor-widget elementor-widget-heading\" data-id=\"a0dd2a7\" data-element_type=\"widget\" data-widget_type=\"heading.default\">\n\t\t\t\t<div class=\"elementor-widget-container\">\n\t\t\t\t\t<h2 class=\"elementor-heading-title elementor-size-default\">Liefern Sie <\/h2>\t\t\t\t<\/div>\n\t\t\t\t<\/div>\n\t\t\t\t<div class=\"elementor-element elementor-element-ce03f5e elementor-widget elementor-widget-text-editor\" data-id=\"ce03f5e\" data-element_type=\"widget\" data-widget_type=\"text-editor.default\">\n\t\t\t\t<div class=\"elementor-widget-container\">\n\t\t\t\t\t\t\t\t\t<p>Wir versenden Ihr Paket als Briefkastenpaket \u00fcber PostNL. Sie erhalten einen Track &amp; Trace Code per E-Mail.<br \/>\nWenn Sie vor 16 Uhr bestellen, sorgen wir daf\u00fcr, dass PostNL Ihr Paket noch am selben Tag erh\u00e4lt.<br \/>\nIn den meisten F\u00e4llen wird Ihr Paket am n\u00e4chsten Tag zugestellt.<br \/>\nPostNL liefert von Dienstag bis Samstag aus. Unsere Pakete passen durch den Briefkasten. Sie m\u00fcssen daf\u00fcr nicht zu Hause sein.<\/p>\n\t\t\t\t\t\t\t\t<\/div>\n\t\t\t\t<\/div>\n\t\t\t\t<div class=\"elementor-element elementor-element-f6a2142 elementor-widget elementor-widget-heading\" data-id=\"f6a2142\" data-element_type=\"widget\" data-widget_type=\"heading.default\">\n\t\t\t\t<div class=\"elementor-widget-container\">\n\t\t\t\t\t<h2 class=\"elementor-heading-title elementor-size-default\">K\u00fcndigung des Abonnements<\/h2>\t\t\t\t<\/div>\n\t\t\t\t<\/div>\n\t\t\t\t<div class=\"elementor-element elementor-element-0f7f73b elementor-widget elementor-widget-text-editor\" data-id=\"0f7f73b\" data-element_type=\"widget\" data-widget_type=\"text-editor.default\">\n\t\t\t\t<div class=\"elementor-widget-container\">\n\t\t\t\t\t\t\t\t\t<p>Wenn Sie ein Abonnement k\u00fcndigen m\u00f6chten, k\u00f6nnen Sie dies \u00fcber Ihr Konto tun. <br>Loggen Sie sich auf der Easly-Website in Ihr Konto ein und klicken Sie auf die Rubrik &#8220;Abonnements&#8221;.<br>Hier finden Sie alle Ihre Abonnements. <br>Klicken Sie bei dem entsprechenden Abonnement auf &#8220;Anzeigen&#8221;. <br>Danach gelangen Sie zu einem Bildschirm, auf dem alle Daten dieses Abonnements aufgelistet sind. <br>Klicken Sie auf &#8220;Abbrechen&#8221; hinter dem Wort &#8220;Aktionen&#8221;. <br>Der Status Ihres Abonnements \u00e4ndert sich in &#8220;Pending cancellation&#8221;.<\/p><p><br><\/p>\r\n<p>Von Easly aus m\u00fcssen wir diese K\u00fcndigung genehmigen. Dabei pr\u00fcfen wir, ob eine Sendung auf Sie wartet oder gerade verschickt wurde. Wenn dies der Fall ist, werden wir Sie kontaktieren. Wenn nicht, stornieren wir das Abonnement und der Status dieses Abonnements \u00e4ndert sich auf &#8220;Abgebrochen&#8221;.<\/p>\t\t\t\t\t\t\t\t<\/div>\n\t\t\t\t<\/div>\n\t\t\t\t\t<\/div>\n\t\t<\/div>\n\t\t\t\t\t<\/div>\n\t\t<\/section>\n\t\t\t\t<\/div>\n\t\t","protected":false},"excerpt":{"rendered":"<p>Bestellung, Zahlung und Lieferung Bestellung Laden Sie Ihre Produkte in den EinkaufskorbBerechnen Sie Ihre Bestellung Zahlungsm\u00f6glichkeiten Belfius Direct Net Kreditkarte (VISA, Mastercard und American Express) IDEAL | WERO KBC\/CBC Payment Button Bancontact Voucher oder Gutschein Liefern Sie Wir versenden Ihr Paket als Briefkastenpaket \u00fcber PostNL. Sie erhalten einen Track &amp; Trace Code per E-Mail. Wenn [&hellip;]<\/p>\n","protected":false},"author":50,"featured_media":0,"parent":0,"menu_order":0,"comment_status":"closed","ping_status":"closed","template":"","meta":{"_acf_changed":false,"footnotes":""},"class_list":["post-44028","page","type-page","status-publish","hentry"],"acf":[],"yoast_head":"<!-- This site is optimized with the Yoast SEO plugin v24.3 - https:\/\/yoast.com\/wordpress\/plugins\/seo\/ -->\n<title>Easly Shop - Alles \u00fcber Bestellung, Bezahlung und Versand<\/title>\n<meta name=\"description\" content=\"Sollten Sie erw\u00e4gen, einen Selbsttest bei Easly zu kaufen, finden Sie hier alle relevanten Informationen zu Bestellung, Zahlung und Versand.\" \/>\n<meta name=\"robots\" content=\"index, follow, max-snippet:-1, max-image-preview:large, max-video-preview:-1\" \/>\n<link rel=\"canonical\" href=\"https:\/\/www.easly.nl\/de\/bestellen-bezahlen-und-liefern\/\" \/>\n<meta property=\"og:locale\" content=\"de_DE\" \/>\n<meta property=\"og:type\" content=\"article\" \/>\n<meta property=\"og:title\" content=\"Easly Shop - Alles \u00fcber Bestellung, Bezahlung und Versand\" \/>\n<meta property=\"og:description\" content=\"Sollten Sie erw\u00e4gen, einen Selbsttest bei Easly zu kaufen, finden Sie hier alle relevanten Informationen zu Bestellung, Zahlung und Versand.\" \/>\n<meta property=\"og:url\" content=\"https:\/\/www.easly.nl\/de\/bestellen-bezahlen-und-liefern\/\" \/>\n<meta property=\"og:site_name\" content=\"Easly Shop\" \/>\n<meta property=\"article:modified_time\" content=\"2026-01-27T09:54:09+00:00\" \/>\n<meta name=\"twitter:card\" content=\"summary_large_image\" \/>\n<meta name=\"twitter:label1\" content=\"Gesch\u00e4tzte Lesezeit\" \/>\n\t<meta name=\"twitter:data1\" content=\"1 Minute\" \/>\n<script type=\"application\/ld+json\" class=\"yoast-schema-graph\">{\"@context\":\"https:\/\/schema.org\",\"@graph\":[{\"@type\":\"WebPage\",\"@id\":\"https:\/\/www.easly.nl\/de\/bestellen-bezahlen-und-liefern\/\",\"url\":\"https:\/\/www.easly.nl\/de\/bestellen-bezahlen-und-liefern\/\",\"name\":\"Easly Shop - Alles \u00fcber Bestellung, Bezahlung und Versand\",\"isPartOf\":{\"@id\":\"https:\/\/www.easly.nl\/de\/#website\"},\"datePublished\":\"2024-06-13T07:46:51+00:00\",\"dateModified\":\"2026-01-27T09:54:09+00:00\",\"description\":\"Sollten Sie erw\u00e4gen, einen Selbsttest bei Easly zu kaufen, finden Sie hier alle relevanten Informationen zu Bestellung, Zahlung und Versand.\",\"breadcrumb\":{\"@id\":\"https:\/\/www.easly.nl\/de\/bestellen-bezahlen-und-liefern\/#breadcrumb\"},\"inLanguage\":\"de-DE\",\"potentialAction\":[{\"@type\":\"ReadAction\",\"target\":[\"https:\/\/www.easly.nl\/de\/bestellen-bezahlen-und-liefern\/\"]}]},{\"@type\":\"BreadcrumbList\",\"@id\":\"https:\/\/www.easly.nl\/de\/bestellen-bezahlen-und-liefern\/#breadcrumb\",\"itemListElement\":[{\"@type\":\"ListItem\",\"position\":1,\"name\":\"Startseite\",\"item\":\"https:\/\/www.easly.nl\/de\/\"},{\"@type\":\"ListItem\",\"position\":2,\"name\":\"Bestellung, Zahlung und Lieferung\"}]},{\"@type\":\"WebSite\",\"@id\":\"https:\/\/www.easly.nl\/de\/#website\",\"url\":\"https:\/\/www.easly.nl\/de\/\",\"name\":\"Easly Shop\",\"description\":\"Safe &amp; simple online COVID testing\",\"publisher\":{\"@id\":\"https:\/\/www.easly.nl\/de\/#organization\"},\"potentialAction\":[{\"@type\":\"SearchAction\",\"target\":{\"@type\":\"EntryPoint\",\"urlTemplate\":\"https:\/\/www.easly.nl\/de\/?s={search_term_string}\"},\"query-input\":{\"@type\":\"PropertyValueSpecification\",\"valueRequired\":true,\"valueName\":\"search_term_string\"}}],\"inLanguage\":\"de-DE\"},{\"@type\":\"Organization\",\"@id\":\"https:\/\/www.easly.nl\/de\/#organization\",\"name\":\"Easly.nl\",\"url\":\"https:\/\/www.easly.nl\/de\/\",\"logo\":{\"@type\":\"ImageObject\",\"inLanguage\":\"de-DE\",\"@id\":\"https:\/\/www.easly.nl\/de\/#\/schema\/logo\/image\/\",\"url\":\"https:\/\/www.easly.nl\/wp-content\/uploads\/sites\/13\/2022\/10\/easly_logoslogan_color.png\",\"contentUrl\":\"https:\/\/www.easly.nl\/wp-content\/uploads\/sites\/13\/2022\/10\/easly_logoslogan_color.png\",\"width\":157,\"height\":38,\"caption\":\"Easly.nl\"},\"image\":{\"@id\":\"https:\/\/www.easly.nl\/de\/#\/schema\/logo\/image\/\"}}]}<\/script>\n<!-- \/ Yoast SEO plugin. -->","yoast_head_json":{"title":"Easly Shop - Alles \u00fcber Bestellung, Bezahlung und Versand","description":"Sollten Sie erw\u00e4gen, einen Selbsttest bei Easly zu kaufen, finden Sie hier alle relevanten Informationen zu Bestellung, Zahlung und Versand.","robots":{"index":"index","follow":"follow","max-snippet":"max-snippet:-1","max-image-preview":"max-image-preview:large","max-video-preview":"max-video-preview:-1"},"canonical":"https:\/\/www.easly.nl\/de\/bestellen-bezahlen-und-liefern\/","og_locale":"de_DE","og_type":"article","og_title":"Easly Shop - Alles \u00fcber Bestellung, Bezahlung und Versand","og_description":"Sollten Sie erw\u00e4gen, einen Selbsttest bei Easly zu kaufen, finden Sie hier alle relevanten Informationen zu Bestellung, Zahlung und Versand.","og_url":"https:\/\/www.easly.nl\/de\/bestellen-bezahlen-und-liefern\/","og_site_name":"Easly Shop","article_modified_time":"2026-01-27T09:54:09+00:00","twitter_card":"summary_large_image","twitter_misc":{"Gesch\u00e4tzte Lesezeit":"1 Minute"},"schema":{"@context":"https:\/\/schema.org","@graph":[{"@type":"WebPage","@id":"https:\/\/www.easly.nl\/de\/bestellen-bezahlen-und-liefern\/","url":"https:\/\/www.easly.nl\/de\/bestellen-bezahlen-und-liefern\/","name":"Easly Shop - Alles \u00fcber Bestellung, Bezahlung und Versand","isPartOf":{"@id":"https:\/\/www.easly.nl\/de\/#website"},"datePublished":"2024-06-13T07:46:51+00:00","dateModified":"2026-01-27T09:54:09+00:00","description":"Sollten Sie erw\u00e4gen, einen Selbsttest bei Easly zu kaufen, finden Sie hier alle relevanten Informationen zu Bestellung, Zahlung und Versand.","breadcrumb":{"@id":"https:\/\/www.easly.nl\/de\/bestellen-bezahlen-und-liefern\/#breadcrumb"},"inLanguage":"de-DE","potentialAction":[{"@type":"ReadAction","target":["https:\/\/www.easly.nl\/de\/bestellen-bezahlen-und-liefern\/"]}]},{"@type":"BreadcrumbList","@id":"https:\/\/www.easly.nl\/de\/bestellen-bezahlen-und-liefern\/#breadcrumb","itemListElement":[{"@type":"ListItem","position":1,"name":"Startseite","item":"https:\/\/www.easly.nl\/de\/"},{"@type":"ListItem","position":2,"name":"Bestellung, Zahlung und Lieferung"}]},{"@type":"WebSite","@id":"https:\/\/www.easly.nl\/de\/#website","url":"https:\/\/www.easly.nl\/de\/","name":"Easly Shop","description":"Safe &amp; simple online COVID testing","publisher":{"@id":"https:\/\/www.easly.nl\/de\/#organization"},"potentialAction":[{"@type":"SearchAction","target":{"@type":"EntryPoint","urlTemplate":"https:\/\/www.easly.nl\/de\/?s={search_term_string}"},"query-input":{"@type":"PropertyValueSpecification","valueRequired":true,"valueName":"search_term_string"}}],"inLanguage":"de-DE"},{"@type":"Organization","@id":"https:\/\/www.easly.nl\/de\/#organization","name":"Easly.nl","url":"https:\/\/www.easly.nl\/de\/","logo":{"@type":"ImageObject","inLanguage":"de-DE","@id":"https:\/\/www.easly.nl\/de\/#\/schema\/logo\/image\/","url":"https:\/\/www.easly.nl\/wp-content\/uploads\/sites\/13\/2022\/10\/easly_logoslogan_color.png","contentUrl":"https:\/\/www.easly.nl\/wp-content\/uploads\/sites\/13\/2022\/10\/easly_logoslogan_color.png","width":157,"height":38,"caption":"Easly.nl"},"image":{"@id":"https:\/\/www.easly.nl\/de\/#\/schema\/logo\/image\/"}}]}},"_links":{"self":[{"href":"https:\/\/www.easly.nl\/de\/wp-json\/wp\/v2\/pages\/44028","targetHints":{"allow":["GET"]}}],"collection":[{"href":"https:\/\/www.easly.nl\/de\/wp-json\/wp\/v2\/pages"}],"about":[{"href":"https:\/\/www.easly.nl\/de\/wp-json\/wp\/v2\/types\/page"}],"author":[{"embeddable":true,"href":"https:\/\/www.easly.nl\/de\/wp-json\/wp\/v2\/users\/50"}],"replies":[{"embeddable":true,"href":"https:\/\/www.easly.nl\/de\/wp-json\/wp\/v2\/comments?post=44028"}],"version-history":[{"count":3,"href":"https:\/\/www.easly.nl\/de\/wp-json\/wp\/v2\/pages\/44028\/revisions"}],"predecessor-version":[{"id":68845,"href":"https:\/\/www.easly.nl\/de\/wp-json\/wp\/v2\/pages\/44028\/revisions\/68845"}],"wp:attachment":[{"href":"https:\/\/www.easly.nl\/de\/wp-json\/wp\/v2\/media?parent=44028"}],"curies":[{"name":"wp","href":"https:\/\/api.w.org\/{rel}","templated":true}]}}