{"id":44013,"date":"2024-06-13T07:38:22","date_gmt":"2024-06-13T07:38:22","guid":{"rendered":"https:\/\/www.easly.nl\/verkooppunten\/"},"modified":"2026-02-06T11:37:18","modified_gmt":"2026-02-06T10:37:18","slug":"verkaufsstellen","status":"publish","type":"page","link":"https:\/\/www.easly.nl\/de\/verkaufsstellen\/","title":{"rendered":"Verkaufsstellen"},"content":{"rendered":"\t\t<div data-elementor-type=\"wp-page\" data-elementor-id=\"44013\" class=\"elementor elementor-44013\" data-elementor-post-type=\"page\">\n\t\t\t\t\t\t<section class=\"elementor-section elementor-top-section elementor-element elementor-element-2603252a elementor-section-boxed elementor-section-height-default elementor-section-height-default\" data-id=\"2603252a\" data-element_type=\"section\" data-settings=\"{&quot;background_background&quot;:&quot;classic&quot;}\">\n\t\t\t\t\t\t<div class=\"elementor-container elementor-column-gap-default\">\n\t\t\t\t\t<div class=\"elementor-column elementor-col-100 elementor-top-column elementor-element elementor-element-62d73a03\" data-id=\"62d73a03\" data-element_type=\"column\">\n\t\t\t<div class=\"elementor-widget-wrap elementor-element-populated\">\n\t\t\t\t\t\t<section class=\"elementor-section elementor-inner-section elementor-element elementor-element-7461923a elementor-section-boxed elementor-section-height-default elementor-section-height-default\" data-id=\"7461923a\" data-element_type=\"section\">\n\t\t\t\t\t\t<div class=\"elementor-container elementor-column-gap-default\">\n\t\t\t\t\t<div class=\"elementor-column elementor-col-100 elementor-inner-column elementor-element elementor-element-4e9c4a90\" data-id=\"4e9c4a90\" data-element_type=\"column\">\n\t\t\t<div class=\"elementor-widget-wrap elementor-element-populated\">\n\t\t\t\t\t\t<div class=\"elementor-element elementor-element-4f9b4de7 elementor-widget elementor-widget-breadcrumbs\" data-id=\"4f9b4de7\" data-element_type=\"widget\" data-widget_type=\"breadcrumbs.default\">\n\t\t\t\t<div class=\"elementor-widget-container\">\n\t\t\t\t\t<p id=\"breadcrumbs\"><span><span><a href=\"https:\/\/www.easly.nl\/de\/\">Startseite<\/a><\/span><\/span><\/p>\t\t\t\t<\/div>\n\t\t\t\t<\/div>\n\t\t\t\t\t<\/div>\n\t\t<\/div>\n\t\t\t\t\t<\/div>\n\t\t<\/section>\n\t\t\t\t<section class=\"elementor-section elementor-inner-section elementor-element elementor-element-2b35e452 elementor-section-boxed elementor-section-height-default elementor-section-height-default\" data-id=\"2b35e452\" data-element_type=\"section\">\n\t\t\t\t\t\t<div class=\"elementor-container elementor-column-gap-default\">\n\t\t\t\t\t<div class=\"elementor-column elementor-col-50 elementor-inner-column elementor-element elementor-element-276a314f\" data-id=\"276a314f\" data-element_type=\"column\">\n\t\t\t<div class=\"elementor-widget-wrap elementor-element-populated\">\n\t\t\t\t\t\t<div class=\"elementor-element elementor-element-3a431be6 elementor-widget elementor-widget-heading\" data-id=\"3a431be6\" data-element_type=\"widget\" data-widget_type=\"heading.default\">\n\t\t\t\t<div class=\"elementor-widget-container\">\n\t\t\t\t\t<h1 class=\"elementor-heading-title elementor-size-default\">Finden Sie eine Verkaufsstelle in Ihrer N\u00e4he<\/h1>\t\t\t\t<\/div>\n\t\t\t\t<\/div>\n\t\t\t\t<div class=\"elementor-element elementor-element-5b69813f elementor-widget elementor-widget-image\" data-id=\"5b69813f\" data-element_type=\"widget\" data-widget_type=\"image.default\">\n\t\t\t\t<div class=\"elementor-widget-container\">\n\t\t\t\t\t\t\t\t\t\t\t\t\t\t\t<img fetchpriority=\"high\" decoding=\"async\" width=\"732\" height=\"678\" src=\"https:\/\/www.easly.nl\/wp-content\/uploads\/sites\/13\/2023\/12\/Group-40322-2.webp\" class=\"attachment-full size-full wp-image-64256\" alt=\"\" srcset=\"https:\/\/www.easly.nl\/wp-content\/uploads\/sites\/13\/2023\/12\/Group-40322-2.webp 732w, https:\/\/www.easly.nl\/wp-content\/uploads\/sites\/13\/2023\/12\/Group-40322-2-300x278.webp 300w\" sizes=\"(max-width: 732px) 100vw, 732px\" \/>\t\t\t\t\t\t\t\t\t\t\t\t\t\t\t<\/div>\n\t\t\t\t<\/div>\n\t\t\t\t<div class=\"elementor-element elementor-element-627ca09 elementor-widget elementor-widget-text-editor\" data-id=\"627ca09\" data-element_type=\"widget\" data-widget_type=\"text-editor.default\">\n\t\t\t\t<div class=\"elementor-widget-container\">\n\t\t\t\t\t\t\t\t\t<p>Easly jetzt auch offline verf\u00fcgbar<\/p>\n\t\t\t\t\t\t\t\t<\/div>\n\t\t\t\t<\/div>\n\t\t\t\t<div class=\"elementor-element elementor-element-d7a347f elementor-icon-list--layout-traditional elementor-list-item-link-full_width elementor-widget elementor-widget-icon-list\" data-id=\"d7a347f\" data-element_type=\"widget\" data-widget_type=\"icon-list.default\">\n\t\t\t\t<div class=\"elementor-widget-container\">\n\t\t\t\t\t\t\t<ul class=\"elementor-icon-list-items\">\n\t\t\t\t\t\t\t<li class=\"elementor-icon-list-item\">\n\t\t\t\t\t\t\t\t\t\t\t<span class=\"elementor-icon-list-icon\">\n\t\t\t\t\t\t\t<svg xmlns=\"http:\/\/www.w3.org\/2000\/svg\" width=\"14\" height=\"11\" viewBox=\"0 0 14 11\" fill=\"none\"><path d=\"M4.84753 7.48105L11.1973 1.28863C11.3946 1.09621 11.6457 1 11.9507 1C12.2556 1 12.5067 1.09621 12.704 1.28863C12.9013 1.48105 13 1.72595 13 2.02332C13 2.3207 12.9013 2.5656 12.704 2.75802L5.6009 9.68513C5.38565 9.89504 5.13453 10 4.84753 10C4.56054 10 4.30942 9.89504 4.09417 9.68513L1.29596 6.95627C1.09865 6.76385 1 6.51895 1 6.22157C1 5.9242 1.09865 5.6793 1.29596 5.48688C1.49327 5.29446 1.74439 5.19825 2.04933 5.19825C2.35426 5.19825 2.60538 5.29446 2.80269 5.48688L4.84753 7.48105Z\" fill=\"#FF3D54\" stroke=\"white\" stroke-width=\"0.3\"><\/path><\/svg>\t\t\t\t\t\t<\/span>\n\t\t\t\t\t\t\t\t\t\t<span class=\"elementor-icon-list-text\">Kein Termin erforderlich<\/span>\n\t\t\t\t\t\t\t\t\t<\/li>\n\t\t\t\t\t\t\t\t<li class=\"elementor-icon-list-item\">\n\t\t\t\t\t\t\t\t\t\t\t<span class=\"elementor-icon-list-icon\">\n\t\t\t\t\t\t\t<svg xmlns=\"http:\/\/www.w3.org\/2000\/svg\" width=\"14\" height=\"11\" viewBox=\"0 0 14 11\" fill=\"none\"><path d=\"M4.84753 7.48105L11.1973 1.28863C11.3946 1.09621 11.6457 1 11.9507 1C12.2556 1 12.5067 1.09621 12.704 1.28863C12.9013 1.48105 13 1.72595 13 2.02332C13 2.3207 12.9013 2.5656 12.704 2.75802L5.6009 9.68513C5.38565 9.89504 5.13453 10 4.84753 10C4.56054 10 4.30942 9.89504 4.09417 9.68513L1.29596 6.95627C1.09865 6.76385 1 6.51895 1 6.22157C1 5.9242 1.09865 5.6793 1.29596 5.48688C1.49327 5.29446 1.74439 5.19825 2.04933 5.19825C2.35426 5.19825 2.60538 5.29446 2.80269 5.48688L4.84753 7.48105Z\" fill=\"#FF3D54\" stroke=\"white\" stroke-width=\"0.3\"><\/path><\/svg>\t\t\t\t\t\t<\/span>\n\t\t\t\t\t\t\t\t\t\t<span class=\"elementor-icon-list-text\">Schnelle Online-Ergebnisse, mit \u00e4rztlicher Beratung<\/span>\n\t\t\t\t\t\t\t\t\t<\/li>\n\t\t\t\t\t\t\t\t<li class=\"elementor-icon-list-item\">\n\t\t\t\t\t\t\t\t\t\t\t<span class=\"elementor-icon-list-icon\">\n\t\t\t\t\t\t\t<svg xmlns=\"http:\/\/www.w3.org\/2000\/svg\" width=\"14\" height=\"11\" viewBox=\"0 0 14 11\" fill=\"none\"><path d=\"M4.84753 7.48105L11.1973 1.28863C11.3946 1.09621 11.6457 1 11.9507 1C12.2556 1 12.5067 1.09621 12.704 1.28863C12.9013 1.48105 13 1.72595 13 2.02332C13 2.3207 12.9013 2.5656 12.704 2.75802L5.6009 9.68513C5.38565 9.89504 5.13453 10 4.84753 10C4.56054 10 4.30942 9.89504 4.09417 9.68513L1.29596 6.95627C1.09865 6.76385 1 6.51895 1 6.22157C1 5.9242 1.09865 5.6793 1.29596 5.48688C1.49327 5.29446 1.74439 5.19825 2.04933 5.19825C2.35426 5.19825 2.60538 5.29446 2.80269 5.48688L4.84753 7.48105Z\" fill=\"#FF3D54\" stroke=\"white\" stroke-width=\"0.3\"><\/path><\/svg>\t\t\t\t\t\t<\/span>\n\t\t\t\t\t\t\t\t\t\t<span class=\"elementor-icon-list-text\">ISO-akkreditiertes Labor<\/span>\n\t\t\t\t\t\t\t\t\t<\/li>\n\t\t\t\t\t\t\t\t<li class=\"elementor-icon-list-item\">\n\t\t\t\t\t\t\t\t\t\t\t<span class=\"elementor-icon-list-icon\">\n\t\t\t\t\t\t\t<svg xmlns=\"http:\/\/www.w3.org\/2000\/svg\" width=\"14\" height=\"11\" viewBox=\"0 0 14 11\" fill=\"none\"><path d=\"M4.84753 7.48105L11.1973 1.28863C11.3946 1.09621 11.6457 1 11.9507 1C12.2556 1 12.5067 1.09621 12.704 1.28863C12.9013 1.48105 13 1.72595 13 2.02332C13 2.3207 12.9013 2.5656 12.704 2.75802L5.6009 9.68513C5.38565 9.89504 5.13453 10 4.84753 10C4.56054 10 4.30942 9.89504 4.09417 9.68513L1.29596 6.95627C1.09865 6.76385 1 6.51895 1 6.22157C1 5.9242 1.09865 5.6793 1.29596 5.48688C1.49327 5.29446 1.74439 5.19825 2.04933 5.19825C2.35426 5.19825 2.60538 5.29446 2.80269 5.48688L4.84753 7.48105Z\" fill=\"#FF3D54\" stroke=\"white\" stroke-width=\"0.3\"><\/path><\/svg>\t\t\t\t\t\t<\/span>\n\t\t\t\t\t\t\t\t\t\t<span class=\"elementor-icon-list-text\">Sicher und vertraulich<\/span>\n\t\t\t\t\t\t\t\t\t<\/li>\n\t\t\t\t\t\t<\/ul>\n\t\t\t\t\t\t<\/div>\n\t\t\t\t<\/div>\n\t\t\t\t\t<\/div>\n\t\t<\/div>\n\t\t\t\t<div class=\"elementor-column elementor-col-50 elementor-inner-column elementor-element elementor-element-33b58d27\" data-id=\"33b58d27\" data-element_type=\"column\" data-settings=\"{&quot;background_background&quot;:&quot;classic&quot;}\">\n\t\t\t<div class=\"elementor-widget-wrap elementor-element-populated\">\n\t\t\t\t\t\t<div class=\"elementor-element elementor-element-71da2582 map-width elementor-widget elementor-widget-html\" data-id=\"71da2582\" data-element_type=\"widget\" data-widget_type=\"html.default\">\n\t\t\t\t<div class=\"elementor-widget-container\">\n\t\t\t\t\t<iframe src=\"https:\/\/storage.googleapis.com\/maps-solutions-xkysb5rxgw\/locator-plus\/xolk\/locator-plus.html\"\r\n\r\n  width=\"100%\" height=\"1000px\" \r\n\r\n  style=\"border-radius:10px;\"\r\n\r\n  loading=\"lazy\">\r\n\r\n<\/iframe>\t\t\t\t<\/div>\n\t\t\t\t<\/div>\n\t\t\t\t\t<\/div>\n\t\t<\/div>\n\t\t\t\t\t<\/div>\n\t\t<\/section>\n\t\t\t\t\t<\/div>\n\t\t<\/div>\n\t\t\t\t\t<\/div>\n\t\t<\/section>\n\t\t\t\t<\/div>\n\t\t","protected":false},"excerpt":{"rendered":"<p>Finden Sie eine Verkaufsstelle in Ihrer N\u00e4he Easly jetzt auch offline verf\u00fcgbar Kein Termin erforderlich Schnelle Online-Ergebnisse, mit \u00e4rztlicher Beratung ISO-akkreditiertes Labor Sicher und vertraulich<\/p>\n","protected":false},"author":2,"featured_media":0,"parent":0,"menu_order":0,"comment_status":"closed","ping_status":"closed","template":"","meta":{"_acf_changed":false,"footnotes":""},"class_list":["post-44013","page","type-page","status-publish","hentry"],"acf":[],"yoast_head":"<!-- This site is optimized with the Yoast SEO plugin v24.3 - https:\/\/yoast.com\/wordpress\/plugins\/seo\/ -->\n<title>\u00dcberblick \u00fcber die Verkaufsstellen Easly-Selbsttest<\/title>\n<meta name=\"description\" content=\"Easly-Gesundheitstests werden \u00fcberall in den Niederlanden verkauft. Finden Sie eine Verkaufsstelle in Ihrer N\u00e4he auf der interaktiven Karte.\" \/>\n<meta name=\"robots\" content=\"index, follow, max-snippet:-1, max-image-preview:large, max-video-preview:-1\" \/>\n<link rel=\"canonical\" href=\"https:\/\/www.easly.nl\/de\/verkaufsstellen\/\" \/>\n<meta property=\"og:locale\" content=\"de_DE\" \/>\n<meta property=\"og:type\" content=\"article\" \/>\n<meta property=\"og:title\" content=\"\u00dcberblick \u00fcber die Verkaufsstellen Easly-Selbsttest\" \/>\n<meta property=\"og:description\" content=\"Easly-Gesundheitstests werden \u00fcberall in den Niederlanden verkauft. Finden Sie eine Verkaufsstelle in Ihrer N\u00e4he auf der interaktiven Karte.\" \/>\n<meta property=\"og:url\" content=\"https:\/\/www.easly.nl\/de\/verkaufsstellen\/\" \/>\n<meta property=\"og:site_name\" content=\"Easly Shop\" \/>\n<meta property=\"article:modified_time\" content=\"2026-02-06T10:37:18+00:00\" \/>\n<meta property=\"og:image\" content=\"https:\/\/www.easly.nl\/wp-content\/uploads\/sites\/13\/2023\/12\/Group-40322-2.webp\" \/>\n\t<meta property=\"og:image:width\" content=\"732\" \/>\n\t<meta property=\"og:image:height\" content=\"678\" \/>\n\t<meta property=\"og:image:type\" content=\"image\/webp\" \/>\n<meta name=\"twitter:card\" content=\"summary_large_image\" \/>\n<meta name=\"twitter:label1\" content=\"Gesch\u00e4tzte Lesezeit\" \/>\n\t<meta name=\"twitter:data1\" content=\"1 Minute\" \/>\n<script type=\"application\/ld+json\" class=\"yoast-schema-graph\">{\"@context\":\"https:\/\/schema.org\",\"@graph\":[{\"@type\":\"WebPage\",\"@id\":\"https:\/\/www.easly.nl\/de\/verkaufsstellen\/\",\"url\":\"https:\/\/www.easly.nl\/de\/verkaufsstellen\/\",\"name\":\"\u00dcberblick \u00fcber die Verkaufsstellen Easly-Selbsttest\",\"isPartOf\":{\"@id\":\"https:\/\/www.easly.nl\/de\/#website\"},\"primaryImageOfPage\":{\"@id\":\"https:\/\/www.easly.nl\/de\/verkaufsstellen\/#primaryimage\"},\"image\":{\"@id\":\"https:\/\/www.easly.nl\/de\/verkaufsstellen\/#primaryimage\"},\"thumbnailUrl\":\"https:\/\/www.easly.nl\/wp-content\/uploads\/sites\/13\/2023\/12\/Group-40322-2.webp\",\"datePublished\":\"2024-06-13T07:38:22+00:00\",\"dateModified\":\"2026-02-06T10:37:18+00:00\",\"description\":\"Easly-Gesundheitstests werden \u00fcberall in den Niederlanden verkauft. Finden Sie eine Verkaufsstelle in Ihrer N\u00e4he auf der interaktiven Karte.\",\"breadcrumb\":{\"@id\":\"https:\/\/www.easly.nl\/de\/verkaufsstellen\/#breadcrumb\"},\"inLanguage\":\"de-DE\",\"potentialAction\":[{\"@type\":\"ReadAction\",\"target\":[\"https:\/\/www.easly.nl\/de\/verkaufsstellen\/\"]}]},{\"@type\":\"ImageObject\",\"inLanguage\":\"de-DE\",\"@id\":\"https:\/\/www.easly.nl\/de\/verkaufsstellen\/#primaryimage\",\"url\":\"https:\/\/www.easly.nl\/wp-content\/uploads\/sites\/13\/2023\/12\/Group-40322-2.webp\",\"contentUrl\":\"https:\/\/www.easly.nl\/wp-content\/uploads\/sites\/13\/2023\/12\/Group-40322-2.webp\"},{\"@type\":\"BreadcrumbList\",\"@id\":\"https:\/\/www.easly.nl\/de\/verkaufsstellen\/#breadcrumb\",\"itemListElement\":[{\"@type\":\"ListItem\",\"position\":1,\"name\":\"Startseite\",\"item\":\"https:\/\/www.easly.nl\/de\/\"},{\"@type\":\"ListItem\",\"position\":2,\"name\":\"Verkaufsstellen\"}]},{\"@type\":\"WebSite\",\"@id\":\"https:\/\/www.easly.nl\/de\/#website\",\"url\":\"https:\/\/www.easly.nl\/de\/\",\"name\":\"Easly Shop\",\"description\":\"Safe &amp; simple online COVID testing\",\"publisher\":{\"@id\":\"https:\/\/www.easly.nl\/de\/#organization\"},\"potentialAction\":[{\"@type\":\"SearchAction\",\"target\":{\"@type\":\"EntryPoint\",\"urlTemplate\":\"https:\/\/www.easly.nl\/de\/?s={search_term_string}\"},\"query-input\":{\"@type\":\"PropertyValueSpecification\",\"valueRequired\":true,\"valueName\":\"search_term_string\"}}],\"inLanguage\":\"de-DE\"},{\"@type\":\"Organization\",\"@id\":\"https:\/\/www.easly.nl\/de\/#organization\",\"name\":\"Easly.nl\",\"url\":\"https:\/\/www.easly.nl\/de\/\",\"logo\":{\"@type\":\"ImageObject\",\"inLanguage\":\"de-DE\",\"@id\":\"https:\/\/www.easly.nl\/de\/#\/schema\/logo\/image\/\",\"url\":\"https:\/\/www.easly.nl\/wp-content\/uploads\/sites\/13\/2022\/10\/easly_logoslogan_color.png\",\"contentUrl\":\"https:\/\/www.easly.nl\/wp-content\/uploads\/sites\/13\/2022\/10\/easly_logoslogan_color.png\",\"width\":157,\"height\":38,\"caption\":\"Easly.nl\"},\"image\":{\"@id\":\"https:\/\/www.easly.nl\/de\/#\/schema\/logo\/image\/\"}}]}<\/script>\n<!-- \/ Yoast SEO plugin. -->","yoast_head_json":{"title":"\u00dcberblick \u00fcber die Verkaufsstellen Easly-Selbsttest","description":"Easly-Gesundheitstests werden \u00fcberall in den Niederlanden verkauft. Finden Sie eine Verkaufsstelle in Ihrer N\u00e4he auf der interaktiven Karte.","robots":{"index":"index","follow":"follow","max-snippet":"max-snippet:-1","max-image-preview":"max-image-preview:large","max-video-preview":"max-video-preview:-1"},"canonical":"https:\/\/www.easly.nl\/de\/verkaufsstellen\/","og_locale":"de_DE","og_type":"article","og_title":"\u00dcberblick \u00fcber die Verkaufsstellen Easly-Selbsttest","og_description":"Easly-Gesundheitstests werden \u00fcberall in den Niederlanden verkauft. Finden Sie eine Verkaufsstelle in Ihrer N\u00e4he auf der interaktiven Karte.","og_url":"https:\/\/www.easly.nl\/de\/verkaufsstellen\/","og_site_name":"Easly Shop","article_modified_time":"2026-02-06T10:37:18+00:00","og_image":[{"width":732,"height":678,"url":"https:\/\/www.easly.nl\/wp-content\/uploads\/sites\/13\/2023\/12\/Group-40322-2.webp","type":"image\/webp"}],"twitter_card":"summary_large_image","twitter_misc":{"Gesch\u00e4tzte Lesezeit":"1 Minute"},"schema":{"@context":"https:\/\/schema.org","@graph":[{"@type":"WebPage","@id":"https:\/\/www.easly.nl\/de\/verkaufsstellen\/","url":"https:\/\/www.easly.nl\/de\/verkaufsstellen\/","name":"\u00dcberblick \u00fcber die Verkaufsstellen Easly-Selbsttest","isPartOf":{"@id":"https:\/\/www.easly.nl\/de\/#website"},"primaryImageOfPage":{"@id":"https:\/\/www.easly.nl\/de\/verkaufsstellen\/#primaryimage"},"image":{"@id":"https:\/\/www.easly.nl\/de\/verkaufsstellen\/#primaryimage"},"thumbnailUrl":"https:\/\/www.easly.nl\/wp-content\/uploads\/sites\/13\/2023\/12\/Group-40322-2.webp","datePublished":"2024-06-13T07:38:22+00:00","dateModified":"2026-02-06T10:37:18+00:00","description":"Easly-Gesundheitstests werden \u00fcberall in den Niederlanden verkauft. Finden Sie eine Verkaufsstelle in Ihrer N\u00e4he auf der interaktiven Karte.","breadcrumb":{"@id":"https:\/\/www.easly.nl\/de\/verkaufsstellen\/#breadcrumb"},"inLanguage":"de-DE","potentialAction":[{"@type":"ReadAction","target":["https:\/\/www.easly.nl\/de\/verkaufsstellen\/"]}]},{"@type":"ImageObject","inLanguage":"de-DE","@id":"https:\/\/www.easly.nl\/de\/verkaufsstellen\/#primaryimage","url":"https:\/\/www.easly.nl\/wp-content\/uploads\/sites\/13\/2023\/12\/Group-40322-2.webp","contentUrl":"https:\/\/www.easly.nl\/wp-content\/uploads\/sites\/13\/2023\/12\/Group-40322-2.webp"},{"@type":"BreadcrumbList","@id":"https:\/\/www.easly.nl\/de\/verkaufsstellen\/#breadcrumb","itemListElement":[{"@type":"ListItem","position":1,"name":"Startseite","item":"https:\/\/www.easly.nl\/de\/"},{"@type":"ListItem","position":2,"name":"Verkaufsstellen"}]},{"@type":"WebSite","@id":"https:\/\/www.easly.nl\/de\/#website","url":"https:\/\/www.easly.nl\/de\/","name":"Easly Shop","description":"Safe &amp; simple online COVID testing","publisher":{"@id":"https:\/\/www.easly.nl\/de\/#organization"},"potentialAction":[{"@type":"SearchAction","target":{"@type":"EntryPoint","urlTemplate":"https:\/\/www.easly.nl\/de\/?s={search_term_string}"},"query-input":{"@type":"PropertyValueSpecification","valueRequired":true,"valueName":"search_term_string"}}],"inLanguage":"de-DE"},{"@type":"Organization","@id":"https:\/\/www.easly.nl\/de\/#organization","name":"Easly.nl","url":"https:\/\/www.easly.nl\/de\/","logo":{"@type":"ImageObject","inLanguage":"de-DE","@id":"https:\/\/www.easly.nl\/de\/#\/schema\/logo\/image\/","url":"https:\/\/www.easly.nl\/wp-content\/uploads\/sites\/13\/2022\/10\/easly_logoslogan_color.png","contentUrl":"https:\/\/www.easly.nl\/wp-content\/uploads\/sites\/13\/2022\/10\/easly_logoslogan_color.png","width":157,"height":38,"caption":"Easly.nl"},"image":{"@id":"https:\/\/www.easly.nl\/de\/#\/schema\/logo\/image\/"}}]}},"_links":{"self":[{"href":"https:\/\/www.easly.nl\/de\/wp-json\/wp\/v2\/pages\/44013","targetHints":{"allow":["GET"]}}],"collection":[{"href":"https:\/\/www.easly.nl\/de\/wp-json\/wp\/v2\/pages"}],"about":[{"href":"https:\/\/www.easly.nl\/de\/wp-json\/wp\/v2\/types\/page"}],"author":[{"embeddable":true,"href":"https:\/\/www.easly.nl\/de\/wp-json\/wp\/v2\/users\/2"}],"replies":[{"embeddable":true,"href":"https:\/\/www.easly.nl\/de\/wp-json\/wp\/v2\/comments?post=44013"}],"version-history":[{"count":3,"href":"https:\/\/www.easly.nl\/de\/wp-json\/wp\/v2\/pages\/44013\/revisions"}],"predecessor-version":[{"id":68938,"href":"https:\/\/www.easly.nl\/de\/wp-json\/wp\/v2\/pages\/44013\/revisions\/68938"}],"wp:attachment":[{"href":"https:\/\/www.easly.nl\/de\/wp-json\/wp\/v2\/media?parent=44013"}],"curies":[{"name":"wp","href":"https:\/\/api.w.org\/{rel}","templated":true}]}}