{"id":44003,"date":"2024-06-13T07:33:21","date_gmt":"2024-06-13T07:33:21","guid":{"rendered":"https:\/\/www.easly.nl\/preventieve-zorg\/"},"modified":"2024-06-18T09:37:23","modified_gmt":"2024-06-18T09:37:23","slug":"praventive-forschung","status":"publish","type":"page","link":"https:\/\/www.easly.nl\/de\/praventive-forschung\/","title":{"rendered":"Pr\u00e4ventive Forschung"},"content":{"rendered":"\t\t<div data-elementor-type=\"wp-page\" data-elementor-id=\"44003\" class=\"elementor elementor-44003 elementor-16677\" data-elementor-post-type=\"page\">\n\t\t\t\t\t\t<section class=\"elementor-section elementor-top-section elementor-element elementor-element-422192d elementor-section-boxed elementor-section-height-default elementor-section-height-default\" data-id=\"422192d\" data-element_type=\"section\" data-settings=\"{&quot;background_background&quot;:&quot;classic&quot;}\">\n\t\t\t\t\t\t<div class=\"elementor-container elementor-column-gap-default\">\n\t\t\t\t\t<div class=\"elementor-column elementor-col-100 elementor-top-column elementor-element elementor-element-dfa41ff\" data-id=\"dfa41ff\" data-element_type=\"column\">\n\t\t\t<div class=\"elementor-widget-wrap elementor-element-populated\">\n\t\t\t\t\t\t<section class=\"elementor-section elementor-inner-section elementor-element elementor-element-2d3afc3 elementor-section-boxed elementor-section-height-default elementor-section-height-default\" data-id=\"2d3afc3\" data-element_type=\"section\">\n\t\t\t\t\t\t<div class=\"elementor-container elementor-column-gap-default\">\n\t\t\t\t\t<div class=\"elementor-column elementor-col-100 elementor-inner-column elementor-element elementor-element-45f080d\" data-id=\"45f080d\" data-element_type=\"column\">\n\t\t\t<div class=\"elementor-widget-wrap elementor-element-populated\">\n\t\t\t\t\t\t<div class=\"elementor-element elementor-element-860ec6c elementor-widget elementor-widget-breadcrumbs\" data-id=\"860ec6c\" data-element_type=\"widget\" data-widget_type=\"breadcrumbs.default\">\n\t\t\t\t<div class=\"elementor-widget-container\">\n\t\t\t\t\t<p id=\"breadcrumbs\"><span><span><a href=\"https:\/\/www.easly.nl\/de\/\">Startseite<\/a><\/span><\/span><\/p>\t\t\t\t<\/div>\n\t\t\t\t<\/div>\n\t\t\t\t\t<\/div>\n\t\t<\/div>\n\t\t\t\t\t<\/div>\n\t\t<\/section>\n\t\t\t\t<section class=\"elementor-section elementor-inner-section elementor-element elementor-element-d12dafb elementor-section-boxed elementor-section-height-default elementor-section-height-default\" data-id=\"d12dafb\" data-element_type=\"section\">\n\t\t\t\t\t\t<div class=\"elementor-container elementor-column-gap-default\">\n\t\t\t\t\t<div class=\"elementor-column elementor-col-100 elementor-inner-column elementor-element elementor-element-6cf5e1c\" data-id=\"6cf5e1c\" data-element_type=\"column\">\n\t\t\t<div class=\"elementor-widget-wrap elementor-element-populated\">\n\t\t\t\t\t\t<div class=\"elementor-element elementor-element-e9d2c5f elementor-widget elementor-widget-text-editor\" data-id=\"e9d2c5f\" data-element_type=\"widget\" data-widget_type=\"text-editor.default\">\n\t\t\t\t<div class=\"elementor-widget-container\">\n\t\t\t\t\t\t\t\t\t<p>Service Easly &#8211; Vorsorgeuntersuchung durch Gesundheitscheck<\/p>\n\t\t\t\t\t\t\t\t<\/div>\n\t\t\t\t<\/div>\n\t\t\t\t<div class=\"elementor-element elementor-element-6624ed1 elementor-widget elementor-widget-heading\" data-id=\"6624ed1\" data-element_type=\"widget\" data-widget_type=\"heading.default\">\n\t\t\t\t<div class=\"elementor-widget-container\">\n\t\t\t\t\t<h1 class=\"elementor-heading-title elementor-size-default\">Dienstleistungen <\/h1>\t\t\t\t<\/div>\n\t\t\t\t<\/div>\n\t\t\t\t<div class=\"elementor-element elementor-element-77e2527 elementor-widget elementor-widget-text-editor\" data-id=\"77e2527\" data-element_type=\"widget\" data-widget_type=\"text-editor.default\">\n\t\t\t\t<div class=\"elementor-widget-container\">\n\t\t\t\t\t\t\t\t\t<p>Der Easly-Service besteht aus einem vielf\u00e4ltigen Angebot an validierten medizinischen Untersuchungen (Diagnostik), die Sie selbst\u00e4ndig und mit der richtigen Anleitung bequem von zu Hause aus durchf\u00fchren k\u00f6nnen. Die verschiedenen Arten von Untersuchungen lassen sich grob in zwei Kategorien einteilen: zum einen die gezielte Diagnostik bei Beschwerden oder starkem Verdacht auf eine Erkrankung (z. B. Geschlechtskrankheiten oder eine Hauterkrankung wie Kr\u00e4tze) und zum anderen die Diagnostik, die in die Kategorie der Vorsorgeuntersuchung, auch Gesundheitscheck genannt, f\u00e4llt. Auf die letztgenannte Kategorie gehen wir im Folgenden n\u00e4her ein.<\/p>\n\t\t\t\t\t\t\t\t<\/div>\n\t\t\t\t<\/div>\n\t\t\t\t<div class=\"elementor-element elementor-element-2b1d28f elementor-widget elementor-widget-heading\" data-id=\"2b1d28f\" data-element_type=\"widget\" data-widget_type=\"heading.default\">\n\t\t\t\t<div class=\"elementor-widget-container\">\n\t\t\t\t\t<h1 class=\"elementor-heading-title elementor-size-default\">Was ist ein Gesundheitscheck? <\/h1>\t\t\t\t<\/div>\n\t\t\t\t<\/div>\n\t\t\t\t<div class=\"elementor-element elementor-element-464ddcd elementor-widget elementor-widget-text-editor\" data-id=\"464ddcd\" data-element_type=\"widget\" data-widget_type=\"text-editor.default\">\n\t\t\t\t<div class=\"elementor-widget-container\">\n\t\t\t\t\t\t\t\t\t<p>Ein Gesundheitscheck ist eine Untersuchung (eines Teils) Ihrer Gesundheit, ohne dass es daf\u00fcr einen direkten Anlass gibt, z. B. in Form von aktuellen Beschwerden oder dass es sonst einen Hinweis auf ein gesundheitliches Problem gibt. Ein Gesundheitscheck f\u00e4llt normalerweise in die Kategorie der Prim\u00e4rpr\u00e4vention: Ma\u00dfnahmen, die verhindern, dass gesunde Menschen ein bestimmtes Gesundheitsproblem oder eine Krankheit entwickeln. Manchmal f\u00e4llt ein Gesundheitscheck in die Kategorie der Sekund\u00e4rpr\u00e4vention: Fr\u00fcherkennung von Krankheiten oder Anomalien bei Personen mit erh\u00f6htem Risiko.<\/p>\n<p>><\/p>\n\t\t\t\t\t\t\t\t<\/div>\n\t\t\t\t<\/div>\n\t\t\t\t<div class=\"elementor-element elementor-element-da2e85c elementor-widget elementor-widget-heading\" data-id=\"da2e85c\" data-element_type=\"widget\" data-widget_type=\"heading.default\">\n\t\t\t\t<div class=\"elementor-widget-container\">\n\t\t\t\t\t<h1 class=\"elementor-heading-title elementor-size-default\">Die Bedeutung der Pr\u00e4vention <\/h1>\t\t\t\t<\/div>\n\t\t\t\t<\/div>\n\t\t\t\t<div class=\"elementor-element elementor-element-dbbd945 elementor-widget elementor-widget-text-editor\" data-id=\"dbbd945\" data-element_type=\"widget\" data-widget_type=\"text-editor.default\">\n\t\t\t\t<div class=\"elementor-widget-container\">\n\t\t\t\t\t\t\t\t\t<p>Gesundheitschecks haben in den letzten Jahren an Beliebtheit gewonnen. Das liegt daran, dass pr\u00e4ventive Untersuchungen der eigenen Gesundheit wichtige Vorteile bringen k\u00f6nnen. So zeigt die medizinisch-wissenschaftliche Forschung inzwischen den Nutzen verschiedener Formen der Pr\u00e4vention. Auch in der bestehenden Gesundheitsf\u00fcrsorge w\u00e4chst die Unterst\u00fctzung f\u00fcr verschiedene Formen der Pr\u00e4vention. Pr\u00e4vention wird als eine der wichtigsten S\u00e4ulen angesehen, um die Gesundheitsversorgung auch in Zukunft bezahlbar und zug\u00e4nglich zu halten. Auch die niederl\u00e4ndische Regierung engagiert sich stark f\u00fcr die Pr\u00e4vention und ermutigt die B\u00fcrger, ihre Gesundheit selbst in die Hand zu nehmen.<\/p>\n<p>><\/p>\n\t\t\t\t\t\t\t\t<\/div>\n\t\t\t\t<\/div>\n\t\t\t\t<div class=\"elementor-element elementor-element-60a5903 elementor-widget elementor-widget-heading\" data-id=\"60a5903\" data-element_type=\"widget\" data-widget_type=\"heading.default\">\n\t\t\t\t<div class=\"elementor-widget-container\">\n\t\t\t\t\t<h1 class=\"elementor-heading-title elementor-size-default\">Die Vor- und Nachteile der Pr\u00e4vention<\/h1>\t\t\t\t<\/div>\n\t\t\t\t<\/div>\n\t\t\t\t<div class=\"elementor-element elementor-element-cb55199 elementor-widget elementor-widget-text-editor\" data-id=\"cb55199\" data-element_type=\"widget\" data-widget_type=\"text-editor.default\">\n\t\t\t\t<div class=\"elementor-widget-container\">\n\t\t\t\t\t\t\t\t\t<p>Easyly glaubt und sieht auch den Nutzen von Vorsorgeuntersuchungen. Gleichzeitig betonen wir, dass Vorsorgeuntersuchungen manchmal Nachteile und Grenzen haben. Der gr\u00f6\u00dfte Unterschied zur bestehenden medizinischen Forschung besteht darin, dass sie in der Regel aufgrund einer Beschwerde durchgef\u00fchrt wird. Bei einem Gesundheitscheck wird die Untersuchung oft ohne direkten Anlass durchgef\u00fchrt. Dieser Unterschied ist wesentlich, und deshalb gibt es auch aus medizinethischer Sicht Gr\u00fcnde, von einer Vorsorgeuntersuchung abzusehen. In der Tat kann eine Vorsorgeuntersuchung manchmal ein besorgniserregendes Ergebnis zeigen, das weitere Untersuchungen, beispielsweise durch einen Facharzt im Krankenhaus, erfordert. Stellt sich nach einer (kostspieligen) Zusatzuntersuchung heraus, dass &#8211; zum Gl\u00fcck &#8211; doch nichts Ernstes vorliegt, wird dies zwar ein Gef\u00fchl der Erleichterung ausl\u00f6sen, aber m\u00f6glicherweise auch unn\u00f6tige Untersuchungen, Stress und Unsicherheit f\u00fcr den Einzelnen verursacht haben. <br \/> Andererseits kann eine Vorsorgeuntersuchung nie mit Sicherheit sagen, dass jemand v\u00f6llig gesund ist. Eine Untersuchung, bei der keine Auff\u00e4lligkeiten festgestellt werden, schlie\u00dft leider nicht unbedingt eine ernsthafte Erkrankung aus. <br \/>Gl\u00fccklicherweise hat die pr\u00e4ventive Gesundheitsvorsorge neben einigen Einschr\u00e4nkungen und Nachteilen auch viele Vorteile. Wenn die Vorsorgediagnostik zum Beispiel ergibt, dass Ihr Cholesterin- oder Blutzuckerspiegel (leicht) erh\u00f6ht ist, k\u00f6nnen Sie oft Schlimmeres verhindern, indem Sie Ihren Lebensstil umstellen, und eine medikament\u00f6se Behandlung ist oft nicht notwendig. Weil Sie es rechtzeitig erkennen, verhindern Sie eine ernsthafte langfristige Krankheitsbelastung. Dies hat gro\u00dfe Vorteile f\u00fcr Sie als Einzelperson, aber auch f\u00fcr die Gesellschaft und das Gesundheitssystem insgesamt. <\/p>\n\t\t\t\t\t\t\t\t<\/div>\n\t\t\t\t<\/div>\n\t\t\t\t<div class=\"elementor-element elementor-element-d5569b6 elementor-widget elementor-widget-heading\" data-id=\"d5569b6\" data-element_type=\"widget\" data-widget_type=\"heading.default\">\n\t\t\t\t<div class=\"elementor-widget-container\">\n\t\t\t\t\t<h1 class=\"elementor-heading-title elementor-size-default\">Sie haben die Wahl! <\/h1>\t\t\t\t<\/div>\n\t\t\t\t<\/div>\n\t\t\t\t<div class=\"elementor-element elementor-element-6e6ca91 elementor-widget elementor-widget-text-editor\" data-id=\"6e6ca91\" data-element_type=\"widget\" data-widget_type=\"text-editor.default\">\n\t\t\t\t<div class=\"elementor-widget-container\">\n\t\t\t\t\t\t\t\t\t<p>Wir bei Easly halten es f\u00fcr besonders wichtig, dass unsere Kunden wissen, was eine Gesundheitsvorsorgeuntersuchung beinhaltet und dass sie Vor- und Nachteile hat. Deshalb ermutigen wir unsere Kunden, eine wohl\u00fcberlegte Entscheidung f\u00fcr eine Vorsorgeuntersuchung durch einen Gesundheitscheck zu treffen, und wollen ihnen das Handwerkszeug bieten, diese Entscheidung so gut wie m\u00f6glich zu treffen. <br \/>Sind Sie unsicher, ob Sie sich einer Vorsorgeuntersuchung mittels Gesundheitscheck unterziehen sollen oder m\u00f6chten Sie wissen, welche Art der Untersuchung f\u00fcr Sie am besten geeignet ist? Unser \u00c4rzteteam hilft Ihnen gerne bei der Auswahl! <\/p>\n\t\t\t\t\t\t\t\t<\/div>\n\t\t\t\t<\/div>\n\t\t\t\t\t<\/div>\n\t\t<\/div>\n\t\t\t\t\t<\/div>\n\t\t<\/section>\n\t\t\t\t<div class=\"elementor-element elementor-element-07468d2 elementor-mobile-align-justify elementor-align-center elementor-widget elementor-widget-button\" data-id=\"07468d2\" data-element_type=\"widget\" data-widget_type=\"button.default\">\n\t\t\t\t<div class=\"elementor-widget-container\">\n\t\t\t\t\t\t\t\t\t<div class=\"elementor-button-wrapper\">\n\t\t\t\t\t<a class=\"elementor-button elementor-button-link elementor-size-sm\" href=\"\/de\/shop\/\">\n\t\t\t\t\t\t<span class=\"elementor-button-content-wrapper\">\n\t\t\t\t\t\t\t\t\t<span class=\"elementor-button-text\">Alle Tests<\/span>\n\t\t\t\t\t<\/span>\n\t\t\t\t\t<\/a>\n\t\t\t\t<\/div>\n\t\t\t\t\t\t\t\t<\/div>\n\t\t\t\t<\/div>\n\t\t\t\t\t<\/div>\n\t\t<\/div>\n\t\t\t\t\t<\/div>\n\t\t<\/section>\n\t\t\t\t<\/div>\n\t\t","protected":false},"excerpt":{"rendered":"<p>Service Easly &#8211; Vorsorgeuntersuchung durch Gesundheitscheck Dienstleistungen Der Easly-Service besteht aus einem vielf\u00e4ltigen Angebot an validierten medizinischen Untersuchungen (Diagnostik), die Sie selbst\u00e4ndig und mit der richtigen Anleitung bequem von zu Hause aus durchf\u00fchren k\u00f6nnen. Die verschiedenen Arten von Untersuchungen lassen sich grob in zwei Kategorien einteilen: zum einen die gezielte Diagnostik bei Beschwerden oder starkem [&hellip;]<\/p>\n","protected":false},"author":16,"featured_media":0,"parent":0,"menu_order":0,"comment_status":"closed","ping_status":"closed","template":"","meta":{"_acf_changed":false,"footnotes":""},"class_list":["post-44003","page","type-page","status-publish","hentry"],"acf":[],"yoast_head":"<!-- This site is optimized with the Yoast SEO plugin v24.3 - https:\/\/yoast.com\/wordpress\/plugins\/seo\/ -->\n<title>Easly - Pr\u00e4ventiver Gesundheitscheck<\/title>\n<meta name=\"description\" content=\"Vorbeugen ist besser als heilen. Mit dem pr\u00e4ventiven Gesundheitscheck von Easly \u00fcbernehmen Sie die Kontrolle \u00fcber Ihre Gesundheit.\" \/>\n<meta name=\"robots\" content=\"index, follow, max-snippet:-1, max-image-preview:large, max-video-preview:-1\" \/>\n<link rel=\"canonical\" href=\"https:\/\/www.easly.nl\/de\/praventive-forschung\/\" \/>\n<meta property=\"og:locale\" content=\"de_DE\" \/>\n<meta property=\"og:type\" content=\"article\" \/>\n<meta property=\"og:title\" content=\"Easly - Pr\u00e4ventiver Gesundheitscheck\" \/>\n<meta property=\"og:description\" content=\"Vorbeugen ist besser als heilen. Mit dem pr\u00e4ventiven Gesundheitscheck von Easly \u00fcbernehmen Sie die Kontrolle \u00fcber Ihre Gesundheit.\" \/>\n<meta property=\"og:url\" content=\"https:\/\/www.easly.nl\/de\/praventive-forschung\/\" \/>\n<meta property=\"og:site_name\" content=\"Easly Shop\" \/>\n<meta property=\"article:modified_time\" content=\"2024-06-18T09:37:23+00:00\" \/>\n<meta name=\"twitter:card\" content=\"summary_large_image\" \/>\n<meta name=\"twitter:label1\" content=\"Gesch\u00e4tzte Lesezeit\" \/>\n\t<meta name=\"twitter:data1\" content=\"3 Minuten\" \/>\n<script type=\"application\/ld+json\" class=\"yoast-schema-graph\">{\"@context\":\"https:\/\/schema.org\",\"@graph\":[{\"@type\":\"WebPage\",\"@id\":\"https:\/\/www.easly.nl\/de\/praventive-forschung\/\",\"url\":\"https:\/\/www.easly.nl\/de\/praventive-forschung\/\",\"name\":\"Easly - Pr\u00e4ventiver Gesundheitscheck\",\"isPartOf\":{\"@id\":\"https:\/\/www.easly.nl\/de\/#website\"},\"datePublished\":\"2024-06-13T07:33:21+00:00\",\"dateModified\":\"2024-06-18T09:37:23+00:00\",\"description\":\"Vorbeugen ist besser als heilen. Mit dem pr\u00e4ventiven Gesundheitscheck von Easly \u00fcbernehmen Sie die Kontrolle \u00fcber Ihre Gesundheit.\",\"breadcrumb\":{\"@id\":\"https:\/\/www.easly.nl\/de\/praventive-forschung\/#breadcrumb\"},\"inLanguage\":\"de-DE\",\"potentialAction\":[{\"@type\":\"ReadAction\",\"target\":[\"https:\/\/www.easly.nl\/de\/praventive-forschung\/\"]}]},{\"@type\":\"BreadcrumbList\",\"@id\":\"https:\/\/www.easly.nl\/de\/praventive-forschung\/#breadcrumb\",\"itemListElement\":[{\"@type\":\"ListItem\",\"position\":1,\"name\":\"Startseite\",\"item\":\"https:\/\/www.easly.nl\/de\/\"},{\"@type\":\"ListItem\",\"position\":2,\"name\":\"Pr\u00e4ventive Forschung\"}]},{\"@type\":\"WebSite\",\"@id\":\"https:\/\/www.easly.nl\/de\/#website\",\"url\":\"https:\/\/www.easly.nl\/de\/\",\"name\":\"Easly Shop\",\"description\":\"Safe &amp; simple online COVID testing\",\"publisher\":{\"@id\":\"https:\/\/www.easly.nl\/de\/#organization\"},\"potentialAction\":[{\"@type\":\"SearchAction\",\"target\":{\"@type\":\"EntryPoint\",\"urlTemplate\":\"https:\/\/www.easly.nl\/de\/?s={search_term_string}\"},\"query-input\":{\"@type\":\"PropertyValueSpecification\",\"valueRequired\":true,\"valueName\":\"search_term_string\"}}],\"inLanguage\":\"de-DE\"},{\"@type\":\"Organization\",\"@id\":\"https:\/\/www.easly.nl\/de\/#organization\",\"name\":\"Easly.nl\",\"url\":\"https:\/\/www.easly.nl\/de\/\",\"logo\":{\"@type\":\"ImageObject\",\"inLanguage\":\"de-DE\",\"@id\":\"https:\/\/www.easly.nl\/de\/#\/schema\/logo\/image\/\",\"url\":\"https:\/\/www.easly.nl\/wp-content\/uploads\/sites\/13\/2022\/10\/easly_logoslogan_color.png\",\"contentUrl\":\"https:\/\/www.easly.nl\/wp-content\/uploads\/sites\/13\/2022\/10\/easly_logoslogan_color.png\",\"width\":157,\"height\":38,\"caption\":\"Easly.nl\"},\"image\":{\"@id\":\"https:\/\/www.easly.nl\/de\/#\/schema\/logo\/image\/\"}}]}<\/script>\n<!-- \/ Yoast SEO plugin. -->","yoast_head_json":{"title":"Easly - Pr\u00e4ventiver Gesundheitscheck","description":"Vorbeugen ist besser als heilen. Mit dem pr\u00e4ventiven Gesundheitscheck von Easly \u00fcbernehmen Sie die Kontrolle \u00fcber Ihre Gesundheit.","robots":{"index":"index","follow":"follow","max-snippet":"max-snippet:-1","max-image-preview":"max-image-preview:large","max-video-preview":"max-video-preview:-1"},"canonical":"https:\/\/www.easly.nl\/de\/praventive-forschung\/","og_locale":"de_DE","og_type":"article","og_title":"Easly - Pr\u00e4ventiver Gesundheitscheck","og_description":"Vorbeugen ist besser als heilen. Mit dem pr\u00e4ventiven Gesundheitscheck von Easly \u00fcbernehmen Sie die Kontrolle \u00fcber Ihre Gesundheit.","og_url":"https:\/\/www.easly.nl\/de\/praventive-forschung\/","og_site_name":"Easly Shop","article_modified_time":"2024-06-18T09:37:23+00:00","twitter_card":"summary_large_image","twitter_misc":{"Gesch\u00e4tzte Lesezeit":"3 Minuten"},"schema":{"@context":"https:\/\/schema.org","@graph":[{"@type":"WebPage","@id":"https:\/\/www.easly.nl\/de\/praventive-forschung\/","url":"https:\/\/www.easly.nl\/de\/praventive-forschung\/","name":"Easly - Pr\u00e4ventiver Gesundheitscheck","isPartOf":{"@id":"https:\/\/www.easly.nl\/de\/#website"},"datePublished":"2024-06-13T07:33:21+00:00","dateModified":"2024-06-18T09:37:23+00:00","description":"Vorbeugen ist besser als heilen. Mit dem pr\u00e4ventiven Gesundheitscheck von Easly \u00fcbernehmen Sie die Kontrolle \u00fcber Ihre Gesundheit.","breadcrumb":{"@id":"https:\/\/www.easly.nl\/de\/praventive-forschung\/#breadcrumb"},"inLanguage":"de-DE","potentialAction":[{"@type":"ReadAction","target":["https:\/\/www.easly.nl\/de\/praventive-forschung\/"]}]},{"@type":"BreadcrumbList","@id":"https:\/\/www.easly.nl\/de\/praventive-forschung\/#breadcrumb","itemListElement":[{"@type":"ListItem","position":1,"name":"Startseite","item":"https:\/\/www.easly.nl\/de\/"},{"@type":"ListItem","position":2,"name":"Pr\u00e4ventive Forschung"}]},{"@type":"WebSite","@id":"https:\/\/www.easly.nl\/de\/#website","url":"https:\/\/www.easly.nl\/de\/","name":"Easly Shop","description":"Safe &amp; simple online COVID testing","publisher":{"@id":"https:\/\/www.easly.nl\/de\/#organization"},"potentialAction":[{"@type":"SearchAction","target":{"@type":"EntryPoint","urlTemplate":"https:\/\/www.easly.nl\/de\/?s={search_term_string}"},"query-input":{"@type":"PropertyValueSpecification","valueRequired":true,"valueName":"search_term_string"}}],"inLanguage":"de-DE"},{"@type":"Organization","@id":"https:\/\/www.easly.nl\/de\/#organization","name":"Easly.nl","url":"https:\/\/www.easly.nl\/de\/","logo":{"@type":"ImageObject","inLanguage":"de-DE","@id":"https:\/\/www.easly.nl\/de\/#\/schema\/logo\/image\/","url":"https:\/\/www.easly.nl\/wp-content\/uploads\/sites\/13\/2022\/10\/easly_logoslogan_color.png","contentUrl":"https:\/\/www.easly.nl\/wp-content\/uploads\/sites\/13\/2022\/10\/easly_logoslogan_color.png","width":157,"height":38,"caption":"Easly.nl"},"image":{"@id":"https:\/\/www.easly.nl\/de\/#\/schema\/logo\/image\/"}}]}},"_links":{"self":[{"href":"https:\/\/www.easly.nl\/de\/wp-json\/wp\/v2\/pages\/44003","targetHints":{"allow":["GET"]}}],"collection":[{"href":"https:\/\/www.easly.nl\/de\/wp-json\/wp\/v2\/pages"}],"about":[{"href":"https:\/\/www.easly.nl\/de\/wp-json\/wp\/v2\/types\/page"}],"author":[{"embeddable":true,"href":"https:\/\/www.easly.nl\/de\/wp-json\/wp\/v2\/users\/16"}],"replies":[{"embeddable":true,"href":"https:\/\/www.easly.nl\/de\/wp-json\/wp\/v2\/comments?post=44003"}],"version-history":[{"count":0,"href":"https:\/\/www.easly.nl\/de\/wp-json\/wp\/v2\/pages\/44003\/revisions"}],"wp:attachment":[{"href":"https:\/\/www.easly.nl\/de\/wp-json\/wp\/v2\/media?parent=44003"}],"curies":[{"name":"wp","href":"https:\/\/api.w.org\/{rel}","templated":true}]}}